{"id":5048,"date":"2019-07-15T13:56:27","date_gmt":"2019-07-15T13:56:27","guid":{"rendered":"http:\/\/lima.com.tr\/?post_type=product&#038;p=5048"},"modified":"2019-08-08T12:12:36","modified_gmt":"2019-08-08T12:12:36","slug":"eki-9510e-2gl-ae","status":"publish","type":"product","link":"https:\/\/lima.com.tr\/en\/shop\/endustriyel-iletisim\/endustriyel-switchler\/en50155-switchler\/eki-9510e-2gl-ae\/","title":{"rendered":"EKI-9510E-2GL-AE"},"content":{"rendered":"<p><strong>\u00c7al\u0131\u015fma S\u0131cakl\u0131\u011f\u0131 :<\/strong> -40 ~ 70\u00b0C<\/p>\n<p><strong>Depolama S\u0131cakl\u0131\u011f\u0131 :<\/strong> -40 ~ 85 \u00b0C<\/p>\n<p><strong>Nem :<\/strong> 10~ 95%<\/p>\n<p><strong>Montaj : <\/strong>Duvar<\/p>\n<p><strong>Sertifikalar :<\/strong> FCC Part 15 Subpart B Class A CE EN55032 (CISPR) EN55024 Class A,EN61000-4-2 (ESD), EN61000-4-3 (RS),EN61000-4-4 (EFT), EN61000-4-5 (surge),EN61000-4-6 (CS),IEC 61373,IEC 60068-2-32,EN50155; EN50121-3-2<\/p>\n<p><strong>Koruma:<\/strong> \u00c7ift (yedekli) g\u00fc\u00e7 giri\u015fi , M12 konnekt\u00f6rler, ters polarizasyon korumas\u0131, a\u015f\u0131r\u0131 ak\u0131m korumas\u0131<\/p>\n<p><strong>L2 MAC Address:<\/strong> 8K<br \/>\n<strong>Jumbo Frame:<\/strong> 9 KB<\/p>\n<p>&nbsp;<\/p>\n<p>&nbsp;<\/p>","protected":false},"excerpt":{"rendered":"<p>EN50155 Y\u00f6netilemez Ethernet Switch, 8 x 10\/100Base-T M12 D-coded Port , 2 x 10\/100\/1000 Base-T M12 X-Coded Port,\u00a0 24\/48VDC<\/p>","protected":false},"featured_media":8557,"template":"","meta":[],"product_brand":[],"product_cat":[1656,128,40,1688,1636,1660,124,1684,1626,126],"product_tag":[45,46,43],"class_list":{"0":"post-5048","1":"product","2":"type-product","3":"status-publish","4":"has-post-thumbnail","6":"product_cat-akilli-sehir-altyapi","7":"product_cat-en50155-switchler","8":"product_cat-endustriyel-iletisim","9":"product_cat-endustriyel-switchler-savunma","10":"product_cat-endustriyel-switchler-ulasim","11":"product_cat-endustriyel-switchler-akilli-sehir","12":"product_cat-endustriyel-switchler","13":"product_cat-savunma","14":"product_cat-ulasim","15":"product_cat-yonetilemez-switchler","16":"product_tag-akilli-sehir","17":"product_tag-savunma","18":"product_tag-ulasim","19":"pa_cozumler-ve-urunler-endustriyel-iletisim","20":"pa_gb-lan-2-port","21":"pa_guc-girisi-24-48-vdc","22":"pa_lan-10-100-mbps-8-port","23":"pa_tip-yonetilemez","24":"pa_uretici-advantech","25":"pa_urun-gruplari-endustriyel-switchler","27":"first","28":"outofstock","29":"shipping-taxable","30":"product-type-variable"},"_links":{"self":[{"href":"https:\/\/lima.com.tr\/en\/wp-json\/wp\/v2\/product\/5048","targetHints":{"allow":["GET"]}}],"collection":[{"href":"https:\/\/lima.com.tr\/en\/wp-json\/wp\/v2\/product"}],"about":[{"href":"https:\/\/lima.com.tr\/en\/wp-json\/wp\/v2\/types\/product"}],"version-history":[{"count":2,"href":"https:\/\/lima.com.tr\/en\/wp-json\/wp\/v2\/product\/5048\/revisions"}],"predecessor-version":[{"id":5077,"href":"https:\/\/lima.com.tr\/en\/wp-json\/wp\/v2\/product\/5048\/revisions\/5077"}],"wp:featuredmedia":[{"embeddable":true,"href":"https:\/\/lima.com.tr\/en\/wp-json\/wp\/v2\/media\/8557"}],"wp:attachment":[{"href":"https:\/\/lima.com.tr\/en\/wp-json\/wp\/v2\/media?parent=5048"}],"wp:term":[{"taxonomy":"product_brand","embeddable":true,"href":"https:\/\/lima.com.tr\/en\/wp-json\/wp\/v2\/product_brand?post=5048"},{"taxonomy":"product_cat","embeddable":true,"href":"https:\/\/lima.com.tr\/en\/wp-json\/wp\/v2\/product_cat?post=5048"},{"taxonomy":"product_tag","embeddable":true,"href":"https:\/\/lima.com.tr\/en\/wp-json\/wp\/v2\/product_tag?post=5048"}],"curies":[{"name":"wp","href":"https:\/\/api.w.org\/{rel}","templated":true}]}}