{"id":5020,"date":"2019-07-15T13:06:40","date_gmt":"2019-07-15T13:06:40","guid":{"rendered":"http:\/\/lima.com.tr\/?post_type=product&#038;p=5020"},"modified":"2019-08-08T12:19:04","modified_gmt":"2019-08-08T12:19:04","slug":"eki-5729pi","status":"publish","type":"product","link":"https:\/\/lima.com.tr\/en\/shop\/endustriyel-iletisim\/endustriyel-switchler\/yonetilemez-switchler\/eki-5729pi\/","title":{"rendered":"EKI-5729PI"},"content":{"rendered":"<p><strong>\u00c7al\u0131\u015fma S\u0131cakl\u0131\u011f\u0131 :<\/strong> -40~ 75\u00b0C<\/p>\n<p><strong>Depolama S\u0131cakl\u0131\u011f\u0131 :<\/strong> -40 ~ 85 \u00b0C<\/p>\n<p><strong>Nem :<\/strong> 10 ~ 95%<\/p>\n<p><strong>Montaj : <\/strong>DIN-Rail , Duvar<\/p>\n<p><strong>Sertifikalar : <\/strong>UL 61010, e-Mark ,CE, FCC Class A,\u00a0EN 61000-4-2, EN 61000-4-3 ,EN 61000-4-4,EN 61000-4-5,EN 61000-4-6,EN 61000-4-8, IEC 60068-2-27, IEC 60068-2-32,IEC 60068-2-6<\/p>\n<p><strong>Koruma :<\/strong> \u00c7ift (yedekli) g\u00fc\u00e7 giri\u015fi, ters polarite korumas\u0131, a\u015f\u0131r\u0131 ak\u0131m korumas\u0131<\/p>\n<p><strong>Hata \u00c7\u0131k\u0131\u015f\u0131 :<\/strong> 1 r\u00f6le \u00e7\u0131k\u0131\u015f\u0131<\/p>\n<p><strong>Di\u011fer :<\/strong> Modbus\/TCP, SNMP<\/p>\n<p>&nbsp;<\/p>\n<p>&nbsp;<\/p>","protected":false},"excerpt":{"rendered":"<p>End\u00fcstriyel Y\u00f6netilemez ProView Ethernet Switch , 8 x 10\/100\/1000 Base-TX RJ45 PoE \/PoE+ Port,\u00a0 2 x 10\/100\/1000 Base-TX RJ45 port, -40 ~ 75\u00b0C, E-Mark, Modbus\/TCP, SNMP<\/p>","protected":false},"featured_media":8562,"template":"","meta":[],"product_brand":[],"product_cat":[1656,1670,40,1660,1636,1672,1646,1677,124,1642,1626,1673,126],"product_tag":[45,48,44,43,47],"class_list":{"0":"post-5020","1":"product","2":"type-product","3":"status-publish","4":"has-post-thumbnail","6":"product_cat-akilli-sehir-altyapi","7":"product_cat-altyapi","8":"product_cat-endustriyel-iletisim","9":"product_cat-endustriyel-switchler-akilli-sehir","10":"product_cat-endustriyel-switchler-ulasim","11":"product_cat-endustriyel-switchler-altyapi","12":"product_cat-endustriyel-switchler-guvenlik","13":"product_cat-endustriyel-switchler-uretim","14":"product_cat-endustriyel-switchler","15":"product_cat-guvenlik","16":"product_cat-ulasim","17":"product_cat-uretim","18":"product_cat-yonetilemez-switchler","19":"product_tag-akilli-sehir","20":"product_tag-altyapi","21":"product_tag-guvenlik","22":"product_tag-ulasim","23":"product_tag-uretim","24":"pa_cozumler-ve-urunler-endustriyel-iletisim","25":"pa_gb-lan-2-port","26":"pa_gb-lan-poe-8-port","27":"pa_guc-girisi-9-36-vdc","28":"pa_tip-yonetilemez","29":"pa_uretici-advantech","30":"pa_urun-gruplari-endustriyel-switchler","32":"first","33":"outofstock","34":"shipping-taxable","35":"product-type-variable"},"_links":{"self":[{"href":"https:\/\/lima.com.tr\/en\/wp-json\/wp\/v2\/product\/5020","targetHints":{"allow":["GET"]}}],"collection":[{"href":"https:\/\/lima.com.tr\/en\/wp-json\/wp\/v2\/product"}],"about":[{"href":"https:\/\/lima.com.tr\/en\/wp-json\/wp\/v2\/types\/product"}],"version-history":[{"count":1,"href":"https:\/\/lima.com.tr\/en\/wp-json\/wp\/v2\/product\/5020\/revisions"}],"predecessor-version":[{"id":5021,"href":"https:\/\/lima.com.tr\/en\/wp-json\/wp\/v2\/product\/5020\/revisions\/5021"}],"wp:featuredmedia":[{"embeddable":true,"href":"https:\/\/lima.com.tr\/en\/wp-json\/wp\/v2\/media\/8562"}],"wp:attachment":[{"href":"https:\/\/lima.com.tr\/en\/wp-json\/wp\/v2\/media?parent=5020"}],"wp:term":[{"taxonomy":"product_brand","embeddable":true,"href":"https:\/\/lima.com.tr\/en\/wp-json\/wp\/v2\/product_brand?post=5020"},{"taxonomy":"product_cat","embeddable":true,"href":"https:\/\/lima.com.tr\/en\/wp-json\/wp\/v2\/product_cat?post=5020"},{"taxonomy":"product_tag","embeddable":true,"href":"https:\/\/lima.com.tr\/en\/wp-json\/wp\/v2\/product_tag?post=5020"}],"curies":[{"name":"wp","href":"https:\/\/api.w.org\/{rel}","templated":true}]}}