{"id":4713,"date":"2019-07-12T11:09:26","date_gmt":"2019-07-12T11:09:26","guid":{"rendered":"http:\/\/lima.com.tr\/?post_type=product&#038;p=4713"},"modified":"2019-08-08T12:56:42","modified_gmt":"2019-08-08T12:56:42","slug":"eki-7710g-2ci-ae","status":"publish","type":"product","link":"https:\/\/lima.com.tr\/en\/shop\/endustriyel-iletisim\/endustriyel-switchler\/yonetilebilir-switchler\/eki-7710g-2ci-ae\/","title":{"rendered":"EKI-7710G-2CI-AE"},"content":{"rendered":"<p><strong>\u00c7al\u0131\u015fma S\u0131cakl\u0131\u011f\u0131 :<\/strong> -40 ~ 75\u00b0C<\/p>\n<p><strong>Depolama S\u0131cakl\u0131\u011f\u0131 :<\/strong> -40 ~ 85 \u00b0C<\/p>\n<p><strong>Nem :<\/strong> 10~ 95%<\/p>\n<p><strong>Montaj : <\/strong>DIN-Rail<\/p>\n<p><strong>L2 Features:<\/strong><\/p>\n<ul>\n<li><strong>L2 MAC Address<\/strong> 8K<\/li>\n<li><strong>Jumbo Frame:<\/strong> 9216 Bytes<\/li>\n<li><strong>VLAN Group:<\/strong> 256 (VLAN ID 1~4094)<\/li>\n<li><strong>VLAN Arrange:<\/strong> Port based VLAN,Q-in-Q (VLAN Stacking), GVRP<\/li>\n<li><strong>Port Mirroring:<\/strong> Per port, Multi-source port,<\/li>\n<li><strong>IP Multicast:<\/strong> IGMP Snooping v1\/v2\/v3, MLD Snooping, IGMP Immediate leave<\/li>\n<li><strong>Storm Control:<\/strong> Broadcast, Multicast, Unknown unicast<\/li>\n<li><strong>Redundancy :<\/strong> IEEE 802.1D-STP, IEEE 802.1s-MSTP, IEEE 802.1w-RSTP, X-Ring Pro, with ultra high-speed recovery time less than 20ms<\/li>\n<\/ul>\n<p><strong>QoS:<\/strong><\/p>\n<ul>\n<li><strong>Priority Queue Scheduling:<\/strong> WRR (Weighted Round Robin), SP (Strict Scheduling Scheduling Priority) Hybrid Priority<\/li>\n<li><strong>Class of Service:<\/strong> IEEE 802.1p Based CoS, IP TOS, DSCP based CoS<\/li>\n<li><strong>Rate Limiting:<\/strong> Ingress Rate limit, Egress Rate limit<\/li>\n<li><strong>Link Aggregation:<\/strong> IEEE 802.3ad Dynamic Port Trunking, Static Port Trunking<\/li>\n<\/ul>\n<p><strong>Security:<\/strong><\/p>\n<ul>\n<li><strong>Port Security:<\/strong> Static, Dynamic IP Source Guard, ARP Spoofing Prevention, Access Control List, DHCP Snooping<\/li>\n<li><strong>Authentication:<\/strong> 802.1x (Port-Based, MD5\/TLS\/TTLS\/PEAP Encryption),TACACS+<\/li>\n<\/ul>\n<p><strong>Management:<\/strong><\/p>\n<ul>\n<li><strong>D<\/strong><strong>HCP:<\/strong> Client, server, option 66\/67\/82<\/li>\n<li><strong>Access:<\/strong> SNMP v1\/v2c\/v3, WEB, Telnet, RMON, Standard MIB, Private MIB<\/li>\n<li><strong>Software upgrade:<\/strong> TFTP, HTTP, Dual Image<\/li>\n<li><strong>NTP:<\/strong> SNTP client<\/li>\n<li><strong>Security access:<\/strong> SSH2.0, SSL<\/li>\n<\/ul>\n<p><strong>Sertifikalar :<\/strong>UL508 , UL60950 (uyumlu), C1D2 (uyumlu) ,FCC Class A, EN 61000-4-2, EN 61000-4-3 ,EN 61000-4-4,EN 61000-4-5,EN 61000-4-6,EN 61000-4-8, IEC 60068-2-27, IEC 60068-2-32,IEC 60068-2-6,NEMA TS2(uyumlu)<\/p>\n<p><strong>Koruma : <\/strong>\u00c7ift (yedekli) g\u00fc\u00e7 giri\u015fi, Ters polarite korumas\u0131, a\u015f\u0131r\u0131 ak\u0131m korumas\u0131<\/p>\n<p><strong>Hata \u00c7\u0131k\u0131\u015f\u0131 :<\/strong> 1 r\u00f6le \u00e7\u0131k\u0131\u015f\u0131<\/p>\n<p><strong>Console :<\/strong> RS-232 (RJ45)<\/p>\n<p>&nbsp;<\/p>\n<p>&nbsp;<\/p>\n<p>&nbsp;<\/p>","protected":false},"excerpt":{"rendered":"<p>End\u00fcstriyel Y\u00f6netilebilir L2 Ethernet Switch , 8 x 10\/100\/1000 Base-TX RJ45 Port, 2 x Giga (SFP\/RJ45) Combo Port,\u00a0 -40 ~ 75\u00b0C<\/p>","protected":false},"featured_media":8601,"template":"","meta":[],"product_brand":[],"product_cat":[1656,1670,40,1672,1646,1677,124,1660,1642,1673,125],"product_tag":[45,48,44,47],"class_list":{"0":"post-4713","1":"product","2":"type-product","3":"status-publish","4":"has-post-thumbnail","6":"product_cat-akilli-sehir-altyapi","7":"product_cat-altyapi","8":"product_cat-endustriyel-iletisim","9":"product_cat-endustriyel-switchler-altyapi","10":"product_cat-endustriyel-switchler-guvenlik","11":"product_cat-endustriyel-switchler-uretim","12":"product_cat-endustriyel-switchler","13":"product_cat-endustriyel-switchler-akilli-sehir","14":"product_cat-guvenlik","15":"product_cat-uretim","16":"product_cat-yonetilebilir-switchler","17":"product_tag-akilli-sehir","18":"product_tag-altyapi","19":"product_tag-guvenlik","20":"product_tag-uretim","21":"pa_cozumler-ve-urunler-endustriyel-iletisim","22":"pa_fiber-iletim-mesafesi-110km-maks","23":"pa_fonksiyon-l2","24":"pa_gb-lan-8-port","25":"pa_giga-rj45-sfp-combo-port-2-port","26":"pa_guc-girisi-12-48-vdc","27":"pa_tip-yonetilebilir","28":"pa_uretici-advantech","29":"pa_urun-gruplari-endustriyel-switchler","31":"first","32":"outofstock","33":"shipping-taxable","34":"product-type-variable"},"_links":{"self":[{"href":"https:\/\/lima.com.tr\/en\/wp-json\/wp\/v2\/product\/4713","targetHints":{"allow":["GET"]}}],"collection":[{"href":"https:\/\/lima.com.tr\/en\/wp-json\/wp\/v2\/product"}],"about":[{"href":"https:\/\/lima.com.tr\/en\/wp-json\/wp\/v2\/types\/product"}],"version-history":[{"count":1,"href":"https:\/\/lima.com.tr\/en\/wp-json\/wp\/v2\/product\/4713\/revisions"}],"predecessor-version":[{"id":4716,"href":"https:\/\/lima.com.tr\/en\/wp-json\/wp\/v2\/product\/4713\/revisions\/4716"}],"wp:featuredmedia":[{"embeddable":true,"href":"https:\/\/lima.com.tr\/en\/wp-json\/wp\/v2\/media\/8601"}],"wp:attachment":[{"href":"https:\/\/lima.com.tr\/en\/wp-json\/wp\/v2\/media?parent=4713"}],"wp:term":[{"taxonomy":"product_brand","embeddable":true,"href":"https:\/\/lima.com.tr\/en\/wp-json\/wp\/v2\/product_brand?post=4713"},{"taxonomy":"product_cat","embeddable":true,"href":"https:\/\/lima.com.tr\/en\/wp-json\/wp\/v2\/product_cat?post=4713"},{"taxonomy":"product_tag","embeddable":true,"href":"https:\/\/lima.com.tr\/en\/wp-json\/wp\/v2\/product_tag?post=4713"}],"curies":[{"name":"wp","href":"https:\/\/api.w.org\/{rel}","templated":true}]}}