{"id":4697,"date":"2019-07-12T09:55:01","date_gmt":"2019-07-12T09:55:01","guid":{"rendered":"http:\/\/lima.com.tr\/?post_type=product&#038;p=4697"},"modified":"2019-08-08T13:02:16","modified_gmt":"2019-08-08T13:02:16","slug":"eki-7712g-2fvp-ae","status":"publish","type":"product","link":"https:\/\/lima.com.tr\/en\/shop\/endustriyel-iletisim\/endustriyel-switchler\/poe-switchler\/eki-7712g-2fvp-ae\/","title":{"rendered":"EKI-7712G-2FVP-AE"},"content":{"rendered":"<p><strong>\u00c7al\u0131\u015fma S\u0131cakl\u0131\u011f\u0131 :<\/strong> -20 ~ 60\u00b0C<\/p>\n<p><strong>Depolama S\u0131cakl\u0131\u011f\u0131 :<\/strong> -40 ~ 85 \u00b0C<\/p>\n<p><strong>Nem :<\/strong> 10~ 95%<\/p>\n<p><strong>Montaj : <\/strong>DIN-Rail,Duvar<\/p>\n<p><strong>Network Management:<\/strong><\/p>\n<ul>\n<li><strong>Configuration: <\/strong>Web browser, Telnet, Serial console, TFTP, SNMPv1\/v2c\/v3, Port Speed\/Duplex Configuration, IPv6<\/li>\n<li><strong>VLAN:<\/strong> IEEE 802.1Q, GVRP, Port-based VLAN<\/li>\n<li><strong>Redundancy:<\/strong>Advantech X-Ring, 802.1w\/1D\/1s RSTP, STP, MSTP<\/li>\n<li><strong>Security:<\/strong> IP access security, port security, DHCP client, port and IP binding, 802.1X port access control<\/li>\n<li><strong>Traffic Control:<\/strong> IGMP snooping\/query for multicast group management, port trunking, static\/802.3ad, LACP rate limit and storm control, IEEE 802.1p QoS CoS\/TOS\/DSCP priority queuing, IEEE 802.3x flow control<\/li>\n<li><strong>Diagnostics:<\/strong> Port Mirroring, Real-time traffic statistic, MAC Address Table, SNTP, Syslog, Email Alert, SNMP Trap, RMON<\/li>\n<\/ul>\n<p><strong>Sertifikalar :<\/strong>UL61010, CE FCC Class A, EN 61000-4-2, EN 61000-4-3 ,EN 61000-4-4,EN 61000-4-5,EN 61000-4-6,EN 61000-4-8, IEC 60068-2-27, IEC 60068-2-32,IEC 60068-2-6,EN 50121-4, NEMA TS2<\/p>\n<p><strong>Koruma : <\/strong>\u00c7ift (yedekli) g\u00fc\u00e7 giri\u015fi, Ters polarite korumas\u0131, a\u015f\u0131r\u0131 ak\u0131m korumas\u0131<\/p>\n<p><strong>Hata \u00c7\u0131k\u0131\u015f\u0131 :<\/strong> 1 r\u00f6le \u00e7\u0131k\u0131\u015f\u0131<\/p>\n<p><strong>Console :<\/strong> RS-232 (RJ45)<\/p>\n<p>&nbsp;<\/p>\n<p>&nbsp;<\/p>\n<p>&nbsp;<\/p>","protected":false},"excerpt":{"rendered":"<p>End\u00fcstriyel Y\u00f6netilebilir L2 Ethernet Switch , 8 x 10\/100\/1000 Base-TX RJ45 PoE Port, 2 x Giga SFP Port, 2 x VDSL2 Port,\u00a0 -20 ~ 60\u00b0C<\/p>","protected":false},"featured_media":8608,"template":"","meta":[],"product_brand":[],"product_cat":[1656,1670,40,1672,124,1646,1677,1660,1642,127,1673,125],"product_tag":[45,48,44,47],"class_list":{"0":"post-4697","1":"product","2":"type-product","3":"status-publish","4":"has-post-thumbnail","6":"product_cat-akilli-sehir-altyapi","7":"product_cat-altyapi","8":"product_cat-endustriyel-iletisim","9":"product_cat-endustriyel-switchler-altyapi","10":"product_cat-endustriyel-switchler","11":"product_cat-endustriyel-switchler-guvenlik","12":"product_cat-endustriyel-switchler-uretim","13":"product_cat-endustriyel-switchler-akilli-sehir","14":"product_cat-guvenlik","15":"product_cat-poe-switchler","16":"product_cat-uretim","17":"product_cat-yonetilebilir-switchler","18":"product_tag-akilli-sehir","19":"product_tag-altyapi","20":"product_tag-guvenlik","21":"product_tag-uretim","22":"pa_cozumler-ve-urunler-endustriyel-iletisim","23":"pa_fiber-iletim-mesafesi-110km-maks","24":"pa_fonksiyon-l2","25":"pa_gb-lan-poe-8-port","26":"pa_giga-sfp-port-2-port","27":"pa_guc-girisi-12-48-vdc","28":"pa_tip-yonetilebilir","29":"pa_uretici-advantech","30":"pa_urun-gruplari-endustriyel-switchler","31":"pa_vdsl2-2-port","33":"first","34":"outofstock","35":"shipping-taxable","36":"product-type-variable"},"_links":{"self":[{"href":"https:\/\/lima.com.tr\/en\/wp-json\/wp\/v2\/product\/4697","targetHints":{"allow":["GET"]}}],"collection":[{"href":"https:\/\/lima.com.tr\/en\/wp-json\/wp\/v2\/product"}],"about":[{"href":"https:\/\/lima.com.tr\/en\/wp-json\/wp\/v2\/types\/product"}],"version-history":[{"count":1,"href":"https:\/\/lima.com.tr\/en\/wp-json\/wp\/v2\/product\/4697\/revisions"}],"predecessor-version":[{"id":4699,"href":"https:\/\/lima.com.tr\/en\/wp-json\/wp\/v2\/product\/4697\/revisions\/4699"}],"wp:featuredmedia":[{"embeddable":true,"href":"https:\/\/lima.com.tr\/en\/wp-json\/wp\/v2\/media\/8608"}],"wp:attachment":[{"href":"https:\/\/lima.com.tr\/en\/wp-json\/wp\/v2\/media?parent=4697"}],"wp:term":[{"taxonomy":"product_brand","embeddable":true,"href":"https:\/\/lima.com.tr\/en\/wp-json\/wp\/v2\/product_brand?post=4697"},{"taxonomy":"product_cat","embeddable":true,"href":"https:\/\/lima.com.tr\/en\/wp-json\/wp\/v2\/product_cat?post=4697"},{"taxonomy":"product_tag","embeddable":true,"href":"https:\/\/lima.com.tr\/en\/wp-json\/wp\/v2\/product_tag?post=4697"}],"curies":[{"name":"wp","href":"https:\/\/api.w.org\/{rel}","templated":true}]}}