{"id":4667,"date":"2019-07-12T09:02:46","date_gmt":"2019-07-12T09:02:46","guid":{"rendered":"http:\/\/lima.com.tr\/?post_type=product&#038;p=4667"},"modified":"2019-08-08T15:02:00","modified_gmt":"2019-08-08T15:02:00","slug":"eki-7554mi","status":"publish","type":"product","link":"https:\/\/lima.com.tr\/en\/shop\/endustriyel-iletisim\/endustriyel-switchler\/yonetilebilir-switchler\/eki-7554mi\/","title":{"rendered":"EKI-7554MI"},"content":{"rendered":"<p><strong>\u00c7al\u0131\u015fma S\u0131cakl\u0131\u011f\u0131 :<\/strong> -40 ~ 75\u00b0C<\/p>\n<p><strong>Depolama S\u0131cakl\u0131\u011f\u0131 :<\/strong> -40 ~ 85 \u00b0C<\/p>\n<p><strong>Nem :<\/strong> 5~ 95%<\/p>\n<p><strong>Montaj : <\/strong>DIN-Rail, Duvar<\/p>\n<p><strong>Network Management:<\/strong><\/p>\n<ul>\n<li><strong>Configuration: <\/strong>Web browser, Telnet, Serial console, TFTP, SNMPv1\/v2c\/v3, Port Speed\/Duplex Configuration, IPv6<\/li>\n<li><strong>VLAN:<\/strong> IEEE 802.1Q, GVRP, Port-based VLAN<\/li>\n<li><strong>Redundancy: <\/strong>Advantech X-Ring Pro (Recovery time &lt; 20 ms at 250 pcs full loading ring structure), Dual Homing, Dual Ring, Couple Ring, 802.1w\/D RSTP\/STP<\/li>\n<li><strong>Security:<\/strong> IP Access security, port security, DHCP Server, Port and IP Binding, 802.1X Port Access Control, SSL<\/li>\n<li><strong>Traffic Control:<\/strong> IGMP Snooping\/Query for multicast group management, Port Trunking, Static\/802.3ad, LACP Rate limit and storm control, IEEE 802.1p QoS CoS\/TOS\/DSCP priority queuing, IEEE 802.3x flow control<\/li>\n<li><strong>Diagnostics:<\/strong> Port Mirroring, Real-time traffic statistic, MAC Address Table, SNTP, Syslog, Email Alert, SNMP Trap, RMON<\/li>\n<\/ul>\n<p><strong>Sertifikalar :<\/strong>UL 60950-1, CAN\/CSA-C22.2 No.60950 Class I, Division 2 (EKI-7559MI\/SI), CE FCC EN55022 Class A, EN 61000-4-2, EN 61000-4-3 ,EN 61000-4-4,EN 61000-4-5,EN 61000-4-6,EN 61000-4-8, IEC 60068-2-27, IEC 60068-2-32,IEC 60068-2-6<\/p>\n<p><strong>Koruma : <\/strong>Ters polarite korumas\u0131, a\u015f\u0131r\u0131 ak\u0131m korumas\u0131<\/p>\n<p><strong>Hata \u00c7\u0131k\u0131\u015f\u0131 :<\/strong> 1 r\u00f6le \u00e7\u0131k\u0131\u015f\u0131<\/p>\n<p><strong>Console :<\/strong> RS-232 (RJ45)<\/p>\n<p>&nbsp;<\/p>\n<p>&nbsp;<\/p>\n<p>&nbsp;<\/p>","protected":false},"excerpt":{"rendered":"<p>End\u00fcstriyel Y\u00f6netilebilir L2 Ethernet Switch , 4 x 10\/100 Base-TX RJ45 Port, 2 x 100 Mbps Multimode SC Fiber Port,\u00a0 -40 ~ 75\u00b0C<\/p>","protected":false},"featured_media":8614,"template":"","meta":[],"product_brand":[],"product_cat":[1656,1670,40,1672,124,1646,1677,1660,1642,1673,125],"product_tag":[45,48,44,47],"class_list":{"0":"post-4667","1":"product","2":"type-product","3":"status-publish","4":"has-post-thumbnail","6":"product_cat-akilli-sehir-altyapi","7":"product_cat-altyapi","8":"product_cat-endustriyel-iletisim","9":"product_cat-endustriyel-switchler-altyapi","10":"product_cat-endustriyel-switchler","11":"product_cat-endustriyel-switchler-guvenlik","12":"product_cat-endustriyel-switchler-uretim","13":"product_cat-endustriyel-switchler-akilli-sehir","14":"product_cat-guvenlik","15":"product_cat-uretim","16":"product_cat-yonetilebilir-switchler","17":"product_tag-akilli-sehir","18":"product_tag-altyapi","19":"product_tag-guvenlik","20":"product_tag-uretim","21":"pa_10-100-mpbs-lan-4-port","22":"pa_cozumler-ve-urunler-endustriyel-iletisim","23":"pa_fiber-iletim-mesafesi-2km-maks","24":"pa_fiber-port-100base-fx-2-port","25":"pa_fiber-port-konnektor-tipi-sc","26":"pa_fiber-port-tipi-multi-mode","27":"pa_fonksiyon-l2","28":"pa_guc-girisi-12-48-vdc","29":"pa_tip-yonetilebilir","30":"pa_uretici-advantech","31":"pa_urun-gruplari-endustriyel-switchler","33":"first","34":"outofstock","35":"shipping-taxable","36":"product-type-variable"},"_links":{"self":[{"href":"https:\/\/lima.com.tr\/en\/wp-json\/wp\/v2\/product\/4667","targetHints":{"allow":["GET"]}}],"collection":[{"href":"https:\/\/lima.com.tr\/en\/wp-json\/wp\/v2\/product"}],"about":[{"href":"https:\/\/lima.com.tr\/en\/wp-json\/wp\/v2\/types\/product"}],"version-history":[{"count":1,"href":"https:\/\/lima.com.tr\/en\/wp-json\/wp\/v2\/product\/4667\/revisions"}],"predecessor-version":[{"id":4668,"href":"https:\/\/lima.com.tr\/en\/wp-json\/wp\/v2\/product\/4667\/revisions\/4668"}],"wp:featuredmedia":[{"embeddable":true,"href":"https:\/\/lima.com.tr\/en\/wp-json\/wp\/v2\/media\/8614"}],"wp:attachment":[{"href":"https:\/\/lima.com.tr\/en\/wp-json\/wp\/v2\/media?parent=4667"}],"wp:term":[{"taxonomy":"product_brand","embeddable":true,"href":"https:\/\/lima.com.tr\/en\/wp-json\/wp\/v2\/product_brand?post=4667"},{"taxonomy":"product_cat","embeddable":true,"href":"https:\/\/lima.com.tr\/en\/wp-json\/wp\/v2\/product_cat?post=4667"},{"taxonomy":"product_tag","embeddable":true,"href":"https:\/\/lima.com.tr\/en\/wp-json\/wp\/v2\/product_tag?post=4667"}],"curies":[{"name":"wp","href":"https:\/\/api.w.org\/{rel}","templated":true}]}}