{"id":4661,"date":"2019-07-12T08:50:09","date_gmt":"2019-07-12T08:50:09","guid":{"rendered":"http:\/\/lima.com.tr\/?post_type=product&#038;p=4661"},"modified":"2019-08-08T15:04:16","modified_gmt":"2019-08-08T15:04:16","slug":"eki-7428g-20fa-ae","status":"publish","type":"product","link":"https:\/\/lima.com.tr\/en\/shop\/endustriyel-iletisim\/endustriyel-switchler\/yonetilebilir-switchler\/eki-7428g-20fa-ae\/","title":{"rendered":"EKI-7428G-20FA-AE"},"content":{"rendered":"<p><strong>\u00c7al\u0131\u015fma S\u0131cakl\u0131\u011f\u0131 :<\/strong> 0 ~ 55\u00b0C<\/p>\n<p><strong>Depolama S\u0131cakl\u0131\u011f\u0131 :<\/strong> -20 ~ 70 \u00b0C<\/p>\n<p><strong>Nem :<\/strong> 10~ 95%<\/p>\n<p><strong>Montaj : <\/strong>1U 19&#8243; Rack mount<\/p>\n<p><strong>Network Management:<\/strong><\/p>\n<ul>\n<li><strong>Configuration: <\/strong>Web browser, Telnet, Serial console, TFTP, SNMPv1\/v2c\/v3, Port Speed\/Duplex Configuration, IPv6<\/li>\n<li><strong>VLAN:<\/strong> IEEE 802.1Q, GVRP, Port-based VLAN<\/li>\n<li><strong>Redundancy:<\/strong> Advantech X-Ring, 802.1w\/1D\/1s RSTP\/STP\/MSTP<\/li>\n<li><strong>Security:<\/strong> IP Security, SSH, SSL, SNMPV3, HTTPS, IP Source Guard, DHCP Snooping, ARP Spoofing Prevention,802.1X, TACACS+, Access Control List<\/li>\n<li><strong>Traffic Control:<\/strong> IGMP Snooping\/Query for multicast group management, Port Trunking, Static\/802.3ad, LACP Rate limit and storm control, IEEE 802.1p QoS CoS\/TOS\/DSCP priority queuing, IEEE 802.3x flow control<\/li>\n<li><strong>Diagnostics:<\/strong> Port Mirroring, Real-time traffic statistic, MAC Address Table, SNTP, Syslog, E-Mail Alert, SNMP Trap, RMON<\/li>\n<\/ul>\n<p><strong>Sertifikalar : <\/strong>CE ,FCC Class A, EN 61000-4-2, EN 61000-4-3 ,EN 61000-4-4,EN 61000-4-5,EN 61000-4-6,EN 61000-4-8, IEC 60068-2-27, IEC 60068-2-32,IEC 60068-2-6<\/p>\n<p><strong>Koruma : <\/strong>Ters polarite korumas\u0131, a\u015f\u0131r\u0131 ak\u0131m korumas\u0131<\/p>\n<p><strong>Hata \u00c7\u0131k\u0131\u015f\u0131 :<\/strong> 2 r\u00f6le \u00e7\u0131k\u0131\u015f\u0131<\/p>\n<p><strong>Console :<\/strong> RS-232 (RJ45)<\/p>\n<p>&nbsp;<\/p>\n<p>&nbsp;<\/p>\n<p>&nbsp;<\/p>","protected":false},"excerpt":{"rendered":"<p>End\u00fcstriyel Y\u00f6netilebilir 1U Rackmount L2 Ethernet Switch , 8 x 10\/100\/1000 Base-TX RJ45 Port, 20 x Giga SFP Port,\u00a0 0 ~ 55\u00b0C , 100~240 VAC<\/p>","protected":false},"featured_media":8617,"template":"","meta":[],"product_brand":[],"product_cat":[1656,1670,40,1677,124,1660,1672,1646,1642,1673,125],"product_tag":[45,48,44,47],"class_list":{"0":"post-4661","1":"product","2":"type-product","3":"status-publish","4":"has-post-thumbnail","6":"product_cat-akilli-sehir-altyapi","7":"product_cat-altyapi","8":"product_cat-endustriyel-iletisim","9":"product_cat-endustriyel-switchler-uretim","10":"product_cat-endustriyel-switchler","11":"product_cat-endustriyel-switchler-akilli-sehir","12":"product_cat-endustriyel-switchler-altyapi","13":"product_cat-endustriyel-switchler-guvenlik","14":"product_cat-guvenlik","15":"product_cat-uretim","16":"product_cat-yonetilebilir-switchler","17":"product_tag-akilli-sehir","18":"product_tag-altyapi","19":"product_tag-guvenlik","20":"product_tag-uretim","21":"pa_cozumler-ve-urunler-endustriyel-iletisim","22":"pa_fiber-iletim-mesafesi-110km-maks","23":"pa_fonksiyon-l2","24":"pa_gb-lan-8-port","25":"pa_giga-sfp-port-20-port","26":"pa_guc-girisi-100-240vac","27":"pa_tip-yonetilebilir","28":"pa_uretici-advantech","29":"pa_urun-gruplari-endustriyel-switchler","31":"first","32":"outofstock","33":"shipping-taxable","34":"product-type-variable"},"_links":{"self":[{"href":"https:\/\/lima.com.tr\/en\/wp-json\/wp\/v2\/product\/4661","targetHints":{"allow":["GET"]}}],"collection":[{"href":"https:\/\/lima.com.tr\/en\/wp-json\/wp\/v2\/product"}],"about":[{"href":"https:\/\/lima.com.tr\/en\/wp-json\/wp\/v2\/types\/product"}],"version-history":[{"count":1,"href":"https:\/\/lima.com.tr\/en\/wp-json\/wp\/v2\/product\/4661\/revisions"}],"predecessor-version":[{"id":4663,"href":"https:\/\/lima.com.tr\/en\/wp-json\/wp\/v2\/product\/4661\/revisions\/4663"}],"wp:featuredmedia":[{"embeddable":true,"href":"https:\/\/lima.com.tr\/en\/wp-json\/wp\/v2\/media\/8617"}],"wp:attachment":[{"href":"https:\/\/lima.com.tr\/en\/wp-json\/wp\/v2\/media?parent=4661"}],"wp:term":[{"taxonomy":"product_brand","embeddable":true,"href":"https:\/\/lima.com.tr\/en\/wp-json\/wp\/v2\/product_brand?post=4661"},{"taxonomy":"product_cat","embeddable":true,"href":"https:\/\/lima.com.tr\/en\/wp-json\/wp\/v2\/product_cat?post=4661"},{"taxonomy":"product_tag","embeddable":true,"href":"https:\/\/lima.com.tr\/en\/wp-json\/wp\/v2\/product_tag?post=4661"}],"curies":[{"name":"wp","href":"https:\/\/api.w.org\/{rel}","templated":true}]}}