{"id":4489,"date":"2019-07-11T12:16:49","date_gmt":"2019-07-11T12:16:49","guid":{"rendered":"http:\/\/lima.com.tr\/?post_type=product&#038;p=4489"},"modified":"2024-07-25T15:34:28","modified_gmt":"2024-07-25T12:34:28","slug":"eki-5526","status":"publish","type":"product","link":"https:\/\/lima.com.tr\/en\/shop\/endustriyel-iletisim\/endustriyel-switchler\/yonetilemez-switchler\/eki-5526\/","title":{"rendered":"EKI-5526"},"content":{"rendered":"<p><strong>\u00c7al\u0131\u015fma S\u0131cakl\u0131\u011f\u0131 :<\/strong> -10 ~ 60\u00b0C<\/p>\n<p><strong>Depolama S\u0131cakl\u0131\u011f\u0131 :<\/strong> -40 ~ 85 \u00b0C<\/p>\n<p><strong>Nem :<\/strong> 10 ~ 95%<\/p>\n<p><strong>Montaj : <\/strong>DIN-Rail , Duvar<\/p>\n<p><strong>Sertifikalar : <\/strong>IIEC\/EN60950, UL60950, UL508, Class 1 Division 2, ATEX, FCC Part 15 Subpart B Class A, EN 55011\/55022 Class A \u00a0EN 61000-4-2, EN 61000-4-3 ,EN 61000-4-4,EN 61000-4-5,EN 61000-4-6,EN 61000-4-8, IEC 60068-2-27, IEC 60068-2-32,IEC 60068-2-6<\/p>\n<p><strong>Koruma :<\/strong> \u00c7ift (yedekli) g\u00fc\u00e7 giri\u015fi, ters polarite korumas\u0131, a\u015f\u0131r\u0131 ak\u0131m korumas\u0131<\/p>\n<p><strong>Hata \u00c7\u0131k\u0131\u015f\u0131 :<\/strong> 1 r\u00f6le \u00e7\u0131k\u0131\u015f\u0131<\/p>\n<p><strong>Di\u011fer :<\/strong> Modbus\/TCP , SNMP<\/p>\n<p>&nbsp;<\/p>\n<p>&nbsp;<\/p>","protected":false},"excerpt":{"rendered":"<p>End\u00fcstriyel Y\u00f6netilemez ProView Ethernet Switch , 16 x 10\/100 Base-TX RJ45 Port, -10 ~ 60\u00b0C, Modbus\/TCP , SNMP<\/p>","protected":false},"featured_media":8658,"template":"","meta":[],"product_brand":[],"product_cat":[1670,40,1672,1646,124,1677,1660,1642,1673,126],"product_tag":[45,48,44,47],"class_list":{"0":"post-4489","1":"product","2":"type-product","3":"status-publish","4":"has-post-thumbnail","6":"product_cat-altyapi","7":"product_cat-endustriyel-iletisim","8":"product_cat-endustriyel-switchler-altyapi","9":"product_cat-endustriyel-switchler-guvenlik","10":"product_cat-endustriyel-switchler","11":"product_cat-endustriyel-switchler-uretim","12":"product_cat-endustriyel-switchler-akilli-sehir","13":"product_cat-guvenlik","14":"product_cat-uretim","15":"product_cat-yonetilemez-switchler","16":"product_tag-akilli-sehir","17":"product_tag-altyapi","18":"product_tag-guvenlik","19":"product_tag-uretim","20":"pa_10-100-mpbs-lan-16-port","21":"pa_cozumler-ve-urunler-endustriyel-iletisim","22":"pa_guc-girisi-12-48-vdc","23":"pa_tip-yonetilemez","24":"pa_uretici-advantech","25":"pa_urun-gruplari-endustriyel-switchler","27":"first","28":"outofstock","29":"shipping-taxable","30":"product-type-variable"},"_links":{"self":[{"href":"https:\/\/lima.com.tr\/en\/wp-json\/wp\/v2\/product\/4489","targetHints":{"allow":["GET"]}}],"collection":[{"href":"https:\/\/lima.com.tr\/en\/wp-json\/wp\/v2\/product"}],"about":[{"href":"https:\/\/lima.com.tr\/en\/wp-json\/wp\/v2\/types\/product"}],"version-history":[{"count":1,"href":"https:\/\/lima.com.tr\/en\/wp-json\/wp\/v2\/product\/4489\/revisions"}],"predecessor-version":[{"id":4507,"href":"https:\/\/lima.com.tr\/en\/wp-json\/wp\/v2\/product\/4489\/revisions\/4507"}],"wp:featuredmedia":[{"embeddable":true,"href":"https:\/\/lima.com.tr\/en\/wp-json\/wp\/v2\/media\/8658"}],"wp:attachment":[{"href":"https:\/\/lima.com.tr\/en\/wp-json\/wp\/v2\/media?parent=4489"}],"wp:term":[{"taxonomy":"product_brand","embeddable":true,"href":"https:\/\/lima.com.tr\/en\/wp-json\/wp\/v2\/product_brand?post=4489"},{"taxonomy":"product_cat","embeddable":true,"href":"https:\/\/lima.com.tr\/en\/wp-json\/wp\/v2\/product_cat?post=4489"},{"taxonomy":"product_tag","embeddable":true,"href":"https:\/\/lima.com.tr\/en\/wp-json\/wp\/v2\/product_tag?post=4489"}],"curies":[{"name":"wp","href":"https:\/\/api.w.org\/{rel}","templated":true}]}}