{"id":4445,"date":"2019-07-11T11:41:56","date_gmt":"2019-07-11T11:41:56","guid":{"rendered":"http:\/\/lima.com.tr\/?post_type=product&#038;p=4445"},"modified":"2019-08-09T10:36:26","modified_gmt":"2019-08-09T10:36:26","slug":"eki-5524ss-st","status":"publish","type":"product","link":"https:\/\/lima.com.tr\/en\/shop\/endustriyel-iletisim\/endustriyel-switchler\/yonetilemez-switchler\/eki-5524ss-st\/","title":{"rendered":"EKI-5524SS-ST"},"content":{"rendered":"<p><strong>\u00c7al\u0131\u015fma S\u0131cakl\u0131\u011f\u0131 :<\/strong> -10 ~ 60\u00b0C<\/p>\n<p><strong>Depolama S\u0131cakl\u0131\u011f\u0131 :<\/strong> -40 ~ 75 \u00b0C<\/p>\n<p><strong>Nem :<\/strong> 10 ~ 95%<\/p>\n<p><strong>Montaj : <\/strong>DIN-Rail , Duvar<\/p>\n<p><strong>Sertifikalar : <\/strong>IEC\/EN60950, UL60950, UL508, Class 1 Division 2, ATEX,FCC Part 15 Subpart B Class A, EN 55011\/55022 Class A,EN 61000-4-2, EN 61000-4-3 ,EN 61000-4-4,EN 61000-4-5,EN 61000-4-6,EN 61000-4-8, IEC 60068-2-27, IEC 60068-2-32,IEC 60068-2-6<\/p>\n<p><strong>Koruma :<\/strong> \u00c7ift (yedekli) g\u00fc\u00e7 giri\u015fi, ters polarite korumas\u0131, a\u015f\u0131r\u0131 ak\u0131m korumas\u0131<\/p>\n<p><strong>Hata \u00c7\u0131k\u0131\u015f\u0131 :<\/strong> 1 r\u00f6le \u00e7\u0131k\u0131\u015f\u0131<\/p>\n<p><strong>Di\u011fer :<\/strong> Modbus\/TCP , SNMP<\/p>\n<p>&nbsp;<\/p>\n<p>&nbsp;<\/p>","protected":false},"excerpt":{"rendered":"<p>End\u00fcstriyel Y\u00f6netilemez Ethernet ProView Switch , 4 x 10\/100 Base-TX RJ45 Port, 2 x Single-mode ST Fiber Port, -10 ~ 60\u00b0C , Modbus\/TCP , SNMP<\/p>","protected":false},"featured_media":8671,"template":"","meta":[],"product_brand":[],"product_cat":[1656,1670,40,1672,1646,124,1677,1660,1642,1673,126],"product_tag":[45,48,44,47],"class_list":{"0":"post-4445","1":"product","2":"type-product","3":"status-publish","4":"has-post-thumbnail","6":"product_cat-akilli-sehir-altyapi","7":"product_cat-altyapi","8":"product_cat-endustriyel-iletisim","9":"product_cat-endustriyel-switchler-altyapi","10":"product_cat-endustriyel-switchler-guvenlik","11":"product_cat-endustriyel-switchler","12":"product_cat-endustriyel-switchler-uretim","13":"product_cat-endustriyel-switchler-akilli-sehir","14":"product_cat-guvenlik","15":"product_cat-uretim","16":"product_cat-yonetilemez-switchler","17":"product_tag-akilli-sehir","18":"product_tag-altyapi","19":"product_tag-guvenlik","20":"product_tag-uretim","21":"pa_10-100-mpbs-lan-4-port","22":"pa_cozumler-ve-urunler-endustriyel-iletisim","23":"pa_fiber-iletim-mesafesi-30km-maks","24":"pa_fiber-port-100base-fx-2-port","25":"pa_fiber-port-konnektor-tipi-st","26":"pa_fiber-port-tipi-single-mode","27":"pa_guc-girisi-12-48-vdc","28":"pa_tip-yonetilemez","29":"pa_uretici-advantech","30":"pa_urun-gruplari-endustriyel-switchler","32":"first","33":"outofstock","34":"shipping-taxable","35":"product-type-variable"},"_links":{"self":[{"href":"https:\/\/lima.com.tr\/en\/wp-json\/wp\/v2\/product\/4445","targetHints":{"allow":["GET"]}}],"collection":[{"href":"https:\/\/lima.com.tr\/en\/wp-json\/wp\/v2\/product"}],"about":[{"href":"https:\/\/lima.com.tr\/en\/wp-json\/wp\/v2\/types\/product"}],"version-history":[{"count":2,"href":"https:\/\/lima.com.tr\/en\/wp-json\/wp\/v2\/product\/4445\/revisions"}],"predecessor-version":[{"id":4467,"href":"https:\/\/lima.com.tr\/en\/wp-json\/wp\/v2\/product\/4445\/revisions\/4467"}],"wp:featuredmedia":[{"embeddable":true,"href":"https:\/\/lima.com.tr\/en\/wp-json\/wp\/v2\/media\/8671"}],"wp:attachment":[{"href":"https:\/\/lima.com.tr\/en\/wp-json\/wp\/v2\/media?parent=4445"}],"wp:term":[{"taxonomy":"product_brand","embeddable":true,"href":"https:\/\/lima.com.tr\/en\/wp-json\/wp\/v2\/product_brand?post=4445"},{"taxonomy":"product_cat","embeddable":true,"href":"https:\/\/lima.com.tr\/en\/wp-json\/wp\/v2\/product_cat?post=4445"},{"taxonomy":"product_tag","embeddable":true,"href":"https:\/\/lima.com.tr\/en\/wp-json\/wp\/v2\/product_tag?post=4445"}],"curies":[{"name":"wp","href":"https:\/\/api.w.org\/{rel}","templated":true}]}}