{"id":4413,"date":"2019-07-11T10:46:27","date_gmt":"2019-07-11T10:46:27","guid":{"rendered":"http:\/\/lima.com.tr\/?post_type=product&#038;p=4413"},"modified":"2019-08-09T10:46:53","modified_gmt":"2019-08-09T10:46:53","slug":"eki-2725f-ae","status":"publish","type":"product","link":"https:\/\/lima.com.tr\/en\/shop\/endustriyel-iletisim\/endustriyel-switchler\/yonetilemez-switchler\/eki-2725f-ae\/","title":{"rendered":"EKI-2725F-AE"},"content":{"rendered":"<p><strong>\u00c7al\u0131\u015fma S\u0131cakl\u0131\u011f\u0131 :<\/strong> -10 ~ 60\u00b0C<\/p>\n<p><strong>Depolama S\u0131cakl\u0131\u011f\u0131 :<\/strong> -40 ~ 85 \u00b0C<\/p>\n<p><strong>Nem :<\/strong> 10 ~ 95%<\/p>\n<p><strong>Montaj : <\/strong>DIN-Rail , Duvar<\/p>\n<p><strong>Sertifikalar : <\/strong>UL 60950,CE, FCC Class A, EN 61000-4-2, EN 61000-4-3 ,EN 61000-4-4,EN 61000-4-5,EN 61000-4-6,EN 61000-4-8, IEC 60068-2-27, IEC 60068-2-32,IEC 60068-2-6<\/p>\n<p><strong>Koruma :<\/strong> \u00c7ift (yedekli) g\u00fc\u00e7 giri\u015fi, ters polarite korumas\u0131, a\u015f\u0131r\u0131 ak\u0131m korumas\u0131<\/p>\n<p><strong>Hata \u00c7\u0131k\u0131\u015f\u0131 :<\/strong> 1 r\u00f6le \u00e7\u0131k\u0131\u015f\u0131<\/p>\n<p>&nbsp;<\/p>\n<p>&nbsp;<\/p>","protected":false},"excerpt":{"rendered":"<p>End\u00fcstriyel Y\u00f6netilemez Ethernet Switch , 4 x 10\/100\/1000 Base-TX RJ45 Port, 1 x Giga SFP port, -10 ~ 60\u00b0C<\/p>","protected":false},"featured_media":8678,"template":"","meta":[],"product_brand":[],"product_cat":[1656,1670,40,1677,1660,124,1672,1646,1642,1673,126],"product_tag":[45,48,44,47],"class_list":{"0":"post-4413","1":"product","2":"type-product","3":"status-publish","4":"has-post-thumbnail","6":"product_cat-akilli-sehir-altyapi","7":"product_cat-altyapi","8":"product_cat-endustriyel-iletisim","9":"product_cat-endustriyel-switchler-uretim","10":"product_cat-endustriyel-switchler-akilli-sehir","11":"product_cat-endustriyel-switchler","12":"product_cat-endustriyel-switchler-altyapi","13":"product_cat-endustriyel-switchler-guvenlik","14":"product_cat-guvenlik","15":"product_cat-uretim","16":"product_cat-yonetilemez-switchler","17":"product_tag-akilli-sehir","18":"product_tag-altyapi","19":"product_tag-guvenlik","20":"product_tag-uretim","21":"pa_cozumler-ve-urunler-endustriyel-iletisim","22":"pa_gb-lan-4-port","23":"pa_giga-sfp-port-1-port","24":"pa_guc-girisi-12-48-vdc","25":"pa_tip-yonetilemez","26":"pa_uretici-advantech","27":"pa_urun-gruplari-endustriyel-switchler","29":"first","30":"outofstock","31":"shipping-taxable","32":"product-type-variable"},"_links":{"self":[{"href":"https:\/\/lima.com.tr\/en\/wp-json\/wp\/v2\/product\/4413","targetHints":{"allow":["GET"]}}],"collection":[{"href":"https:\/\/lima.com.tr\/en\/wp-json\/wp\/v2\/product"}],"about":[{"href":"https:\/\/lima.com.tr\/en\/wp-json\/wp\/v2\/types\/product"}],"version-history":[{"count":1,"href":"https:\/\/lima.com.tr\/en\/wp-json\/wp\/v2\/product\/4413\/revisions"}],"predecessor-version":[{"id":4414,"href":"https:\/\/lima.com.tr\/en\/wp-json\/wp\/v2\/product\/4413\/revisions\/4414"}],"wp:featuredmedia":[{"embeddable":true,"href":"https:\/\/lima.com.tr\/en\/wp-json\/wp\/v2\/media\/8678"}],"wp:attachment":[{"href":"https:\/\/lima.com.tr\/en\/wp-json\/wp\/v2\/media?parent=4413"}],"wp:term":[{"taxonomy":"product_brand","embeddable":true,"href":"https:\/\/lima.com.tr\/en\/wp-json\/wp\/v2\/product_brand?post=4413"},{"taxonomy":"product_cat","embeddable":true,"href":"https:\/\/lima.com.tr\/en\/wp-json\/wp\/v2\/product_cat?post=4413"},{"taxonomy":"product_tag","embeddable":true,"href":"https:\/\/lima.com.tr\/en\/wp-json\/wp\/v2\/product_tag?post=4413"}],"curies":[{"name":"wp","href":"https:\/\/api.w.org\/{rel}","templated":true}]}}