{"id":4376,"date":"2019-07-11T09:58:13","date_gmt":"2019-07-11T09:58:13","guid":{"rendered":"http:\/\/lima.com.tr\/?post_type=product&#038;p=4376"},"modified":"2019-08-09T10:54:24","modified_gmt":"2019-08-09T10:54:24","slug":"eki-2525m-st-be","status":"publish","type":"product","link":"https:\/\/lima.com.tr\/en\/shop\/endustriyel-iletisim\/endustriyel-switchler\/yonetilemez-switchler\/eki-2525m-st-be\/","title":{"rendered":"EKI-2525M-ST-BE"},"content":{"rendered":"<p><strong>\u00c7al\u0131\u015fma S\u0131cakl\u0131\u011f\u0131 :<\/strong> -10 ~ 60\u00b0C<\/p>\n<p><strong>Depolama S\u0131cakl\u0131\u011f\u0131 :<\/strong> -40 ~ 85 \u00b0C<\/p>\n<p><strong>Nem :<\/strong> 5 ~ 95%<\/p>\n<p><strong>Montaj : <\/strong>DIN-Rail , Duvar<\/p>\n<p><strong>Sertifikalar :<\/strong> UL\/cUL 60950 Class I, Division 2, Groups A, B, C and D<\/p>\n<p>FCC Part 15 Subpart B Class A, EN 55022 Class A<\/p>\n<p>EN 61000-4-2, EN 61000-4-3, EN 61000-4-4,EN 61000-4-5, EN 61000-4-6, EN 61000-4-8<\/p>\n<p>IEC60068-2-27, IEC60068-2-32,IEC60068-2-6<\/p>\n<p><strong>Koruma :<\/strong> \u00c7ift (yedekli) g\u00fc\u00e7 giri\u015fi<\/p>\n<p><strong>Fiber Optik Port Dalga Boyu :<\/strong> 1310nm<\/p>\n<p>&nbsp;<\/p>\n<p>&nbsp;<\/p>","protected":false},"excerpt":{"rendered":"<p>End\u00fcstriyel Y\u00f6netilemez Ethernet Switch , 4 x 10\/100Base-TX Port, 1 x Multi-mode ST Fiber Optik Port, -10 ~ 60\u00b0C<\/p>","protected":false},"featured_media":8687,"template":"","meta":[],"product_brand":[],"product_cat":[1656,1670,40,1660,1672,1646,124,1677,1642,1673,126],"product_tag":[45,48,44,47],"class_list":{"0":"post-4376","1":"product","2":"type-product","3":"status-publish","4":"has-post-thumbnail","6":"product_cat-akilli-sehir-altyapi","7":"product_cat-altyapi","8":"product_cat-endustriyel-iletisim","9":"product_cat-endustriyel-switchler-akilli-sehir","10":"product_cat-endustriyel-switchler-altyapi","11":"product_cat-endustriyel-switchler-guvenlik","12":"product_cat-endustriyel-switchler","13":"product_cat-endustriyel-switchler-uretim","14":"product_cat-guvenlik","15":"product_cat-uretim","16":"product_cat-yonetilemez-switchler","17":"product_tag-akilli-sehir","18":"product_tag-altyapi","19":"product_tag-guvenlik","20":"product_tag-uretim","21":"pa_cozumler-ve-urunler-endustriyel-iletisim","22":"pa_fiber-iletim-mesafesi-2km-maks","23":"pa_fiber-port-100base-fx-1-port","24":"pa_fiber-port-konnektor-tipi-st","25":"pa_fiber-port-tipi-multi-mode","26":"pa_guc-girisi-12-48-vdc","27":"pa_lan-10-100-mbps-4-port","28":"pa_tip-yonetilemez","29":"pa_uretici-advantech","30":"pa_urun-gruplari-endustriyel-switchler","32":"first","33":"outofstock","34":"shipping-taxable","35":"product-type-variable"},"_links":{"self":[{"href":"https:\/\/lima.com.tr\/en\/wp-json\/wp\/v2\/product\/4376","targetHints":{"allow":["GET"]}}],"collection":[{"href":"https:\/\/lima.com.tr\/en\/wp-json\/wp\/v2\/product"}],"about":[{"href":"https:\/\/lima.com.tr\/en\/wp-json\/wp\/v2\/types\/product"}],"version-history":[{"count":1,"href":"https:\/\/lima.com.tr\/en\/wp-json\/wp\/v2\/product\/4376\/revisions"}],"predecessor-version":[{"id":4377,"href":"https:\/\/lima.com.tr\/en\/wp-json\/wp\/v2\/product\/4376\/revisions\/4377"}],"wp:featuredmedia":[{"embeddable":true,"href":"https:\/\/lima.com.tr\/en\/wp-json\/wp\/v2\/media\/8687"}],"wp:attachment":[{"href":"https:\/\/lima.com.tr\/en\/wp-json\/wp\/v2\/media?parent=4376"}],"wp:term":[{"taxonomy":"product_brand","embeddable":true,"href":"https:\/\/lima.com.tr\/en\/wp-json\/wp\/v2\/product_brand?post=4376"},{"taxonomy":"product_cat","embeddable":true,"href":"https:\/\/lima.com.tr\/en\/wp-json\/wp\/v2\/product_cat?post=4376"},{"taxonomy":"product_tag","embeddable":true,"href":"https:\/\/lima.com.tr\/en\/wp-json\/wp\/v2\/product_tag?post=4376"}],"curies":[{"name":"wp","href":"https:\/\/api.w.org\/{rel}","templated":true}]}}