{"id":4321,"date":"2019-07-11T08:38:51","date_gmt":"2019-07-11T08:38:51","guid":{"rendered":"http:\/\/lima.com.tr\/?post_type=product&#038;p=4321"},"modified":"2019-08-09T11:03:56","modified_gmt":"2019-08-09T11:03:56","slug":"eki-5726f","status":"publish","type":"product","link":"https:\/\/lima.com.tr\/en\/shop\/endustriyel-iletisim\/endustriyel-switchler\/yonetilemez-switchler\/eki-5726f\/","title":{"rendered":"EKI-5726F"},"content":{"rendered":"<p><strong>\u00c7al\u0131\u015fma S\u0131cakl\u0131\u011f\u0131 :<\/strong> -10 ~ 60\u00b0C<\/p>\n<p><strong>Depolama S\u0131cakl\u0131\u011f\u0131 :<\/strong> -40 ~ 85 \u00b0C<\/p>\n<p><strong>Nem :<\/strong> 10 ~ 95%<\/p>\n<p><strong>Montaj : <\/strong>DIN-Rail , Duvar<\/p>\n<p><strong>Sertifikalar :<\/strong> IEC\/EN 60950-1, UL508, Class 1 Division 2, ATEX, IECEx,CE, FCC, EN 55011\/55022 Class A, EN 61000-6-4, FCC Part 15 Subpart B Class A,EN 61000-4-2 (Level 3), EN 61000-4-3 (Level 3),EN 61000-4-4 (Level 3),<br \/>\nEN 61000-4-5 (Level 3), EN 61000-4-6 (Level 3), EN 61000-4-8 (Level 3),IEC 60068-2-27,IEC 60068-2-32,IEC 60068-2-6<\/p>\n<p><strong>Koruma :<\/strong> \u00c7ift (yedekli) g\u00fc\u00e7 giri\u015fi<\/p>\n<p><strong>Hata \u00c7\u0131k\u0131\u015f\u0131 :<\/strong> 1 r\u00f6le \u00e7\u0131k\u0131\u015f\u0131<\/p>\n<p><strong>Fiber Optik Port Dalga Boyu : <\/strong>SFP mod\u00fcl\u00fcne ba\u011fl\u0131<\/p>\n<p>&nbsp;<\/p>","protected":false},"excerpt":{"rendered":"<p>End\u00fcstriyel Y\u00f6netilemez Ethernet Switch , 16 x 10\/100\/1000Base-TX Port, 2 x Giga SFP Port,-10~60C<\/p>","protected":false},"featured_media":8694,"template":"","meta":[],"product_brand":[],"product_cat":[1656,1670,40,1646,1677,1660,124,1672,1642,1673,126],"product_tag":[45,48,44,47],"class_list":{"0":"post-4321","1":"product","2":"type-product","3":"status-publish","4":"has-post-thumbnail","6":"product_cat-akilli-sehir-altyapi","7":"product_cat-altyapi","8":"product_cat-endustriyel-iletisim","9":"product_cat-endustriyel-switchler-guvenlik","10":"product_cat-endustriyel-switchler-uretim","11":"product_cat-endustriyel-switchler-akilli-sehir","12":"product_cat-endustriyel-switchler","13":"product_cat-endustriyel-switchler-altyapi","14":"product_cat-guvenlik","15":"product_cat-uretim","16":"product_cat-yonetilemez-switchler","17":"product_tag-akilli-sehir","18":"product_tag-altyapi","19":"product_tag-guvenlik","20":"product_tag-uretim","21":"pa_cozumler-ve-urunler-endustriyel-iletisim","22":"pa_fiber-iletim-mesafesi-110km-maks","23":"pa_gb-lan-16-port","24":"pa_giga-sfp-port-2-port","25":"pa_guc-girisi-12-48-vdc","26":"pa_tip-yonetilemez","27":"pa_uretici-advantech","28":"pa_urun-gruplari-endustriyel-switchler","30":"first","31":"outofstock","32":"shipping-taxable","33":"product-type-variable"},"_links":{"self":[{"href":"https:\/\/lima.com.tr\/en\/wp-json\/wp\/v2\/product\/4321","targetHints":{"allow":["GET"]}}],"collection":[{"href":"https:\/\/lima.com.tr\/en\/wp-json\/wp\/v2\/product"}],"about":[{"href":"https:\/\/lima.com.tr\/en\/wp-json\/wp\/v2\/types\/product"}],"version-history":[{"count":2,"href":"https:\/\/lima.com.tr\/en\/wp-json\/wp\/v2\/product\/4321\/revisions"}],"predecessor-version":[{"id":4328,"href":"https:\/\/lima.com.tr\/en\/wp-json\/wp\/v2\/product\/4321\/revisions\/4328"}],"wp:featuredmedia":[{"embeddable":true,"href":"https:\/\/lima.com.tr\/en\/wp-json\/wp\/v2\/media\/8694"}],"wp:attachment":[{"href":"https:\/\/lima.com.tr\/en\/wp-json\/wp\/v2\/media?parent=4321"}],"wp:term":[{"taxonomy":"product_brand","embeddable":true,"href":"https:\/\/lima.com.tr\/en\/wp-json\/wp\/v2\/product_brand?post=4321"},{"taxonomy":"product_cat","embeddable":true,"href":"https:\/\/lima.com.tr\/en\/wp-json\/wp\/v2\/product_cat?post=4321"},{"taxonomy":"product_tag","embeddable":true,"href":"https:\/\/lima.com.tr\/en\/wp-json\/wp\/v2\/product_tag?post=4321"}],"curies":[{"name":"wp","href":"https:\/\/api.w.org\/{rel}","templated":true}]}}