{"id":4263,"date":"2019-07-10T11:44:53","date_gmt":"2019-07-10T11:44:53","guid":{"rendered":"http:\/\/lima.com.tr\/?post_type=product&#038;p=4263"},"modified":"2019-08-05T14:03:02","modified_gmt":"2019-08-05T14:03:02","slug":"trek-303r-ha0e","status":"publish","type":"product","link":"https:\/\/lima.com.tr\/en\/shop\/uretim\/endustriyel-ekranlar-uretim\/trek-303r-ha0e\/","title":{"rendered":"TREK-303R-HA0E"},"content":{"rendered":"<p><strong>G\u00f6r\u00fc\u015f a\u00e7\u0131s\u0131 : <\/strong>140\u00b0 (Yatay) \/120\u00b0 (Dikey)<\/p>\n<p><strong>\u00c7al\u0131\u015fma S\u0131cakl\u0131\u011f\u0131 :<\/strong> -30 ~ 70 \u00b0C<\/p>\n<p><strong>Depolama S\u0131cakl\u0131\u011f\u0131 :<\/strong> -40 ~ 80 \u00b0C<\/p>\n<p><strong>Video Giri\u015f Portlar\u0131 :<\/strong> Smart Display Port<\/p>\n<p><strong>Sertifikalar :<\/strong> MIL-STD-810G, SAE J1455 4.9.4.2, CE, FCC, CCC, E-Mark (E13)<\/p>\n<p><strong>Di\u011fer :\u00a0 <\/strong>5 programlanabilir fonksiyon tu\u015fu<\/p>\n<p>&nbsp;<\/p>","protected":false},"excerpt":{"rendered":"<p>E-Mark (E13) Sertifikal\u0131 7&#8243; Ara\u00e7 i\u00e7i SMART Monitor, Rezistif Dokunmatik Ekran, SMART Display port<\/p>","protected":false},"featured_media":8354,"template":"","meta":[],"product_brand":[],"product_cat":[1656,39,1675,112,1644,1658,1634,1642,1626,1673],"product_tag":[45,44,43,47],"class_list":{"0":"post-4263","1":"product","2":"type-product","3":"status-publish","4":"has-post-thumbnail","6":"product_cat-akilli-sehir-altyapi","7":"product_cat-endustriyel-bilisim","8":"product_cat-endustriyel-ekranlar-uretim","9":"product_cat-endustriyel-ekranlar","10":"product_cat-endustriyel-ekranlar-guvenlik","11":"product_cat-endustriyel-ekranlar-akilli-sehir","12":"product_cat-endustriyel-ekranlar-ulasim","13":"product_cat-guvenlik","14":"product_cat-ulasim","15":"product_cat-uretim","16":"product_tag-akilli-sehir","17":"product_tag-guvenlik","18":"product_tag-ulasim","19":"product_tag-uretim","20":"pa_cozumler-ve-urunler-endustriyel-bilisim","21":"pa_cozunurluk-yatay-x-dikey-800-x-480","22":"pa_dokunmatik-tipi-rezistif","23":"pa_ekran-boyutu-7-11","24":"pa_guc-girisi-12-v--5","25":"pa_kontrast-orani-875","26":"pa_on-panel-korumasi-ip54","27":"pa_parlaklik-882","28":"pa_uretici-advantech","29":"pa_urun-gruplari-endustriyel-ekranlar","31":"first","32":"outofstock","33":"shipping-taxable","34":"product-type-variable"},"_links":{"self":[{"href":"https:\/\/lima.com.tr\/en\/wp-json\/wp\/v2\/product\/4263","targetHints":{"allow":["GET"]}}],"collection":[{"href":"https:\/\/lima.com.tr\/en\/wp-json\/wp\/v2\/product"}],"about":[{"href":"https:\/\/lima.com.tr\/en\/wp-json\/wp\/v2\/types\/product"}],"version-history":[{"count":2,"href":"https:\/\/lima.com.tr\/en\/wp-json\/wp\/v2\/product\/4263\/revisions"}],"predecessor-version":[{"id":4270,"href":"https:\/\/lima.com.tr\/en\/wp-json\/wp\/v2\/product\/4263\/revisions\/4270"}],"wp:featuredmedia":[{"embeddable":true,"href":"https:\/\/lima.com.tr\/en\/wp-json\/wp\/v2\/media\/8354"}],"wp:attachment":[{"href":"https:\/\/lima.com.tr\/en\/wp-json\/wp\/v2\/media?parent=4263"}],"wp:term":[{"taxonomy":"product_brand","embeddable":true,"href":"https:\/\/lima.com.tr\/en\/wp-json\/wp\/v2\/product_brand?post=4263"},{"taxonomy":"product_cat","embeddable":true,"href":"https:\/\/lima.com.tr\/en\/wp-json\/wp\/v2\/product_cat?post=4263"},{"taxonomy":"product_tag","embeddable":true,"href":"https:\/\/lima.com.tr\/en\/wp-json\/wp\/v2\/product_tag?post=4263"}],"curies":[{"name":"wp","href":"https:\/\/api.w.org\/{rel}","templated":true}]}}