{"id":4230,"date":"2019-07-10T11:12:13","date_gmt":"2019-07-10T11:12:13","guid":{"rendered":"http:\/\/lima.com.tr\/?post_type=product&#038;p=4230"},"modified":"2019-08-05T14:07:40","modified_gmt":"2019-08-05T14:07:40","slug":"trek-688-7lwb7pa0e","status":"publish","type":"product","link":"https:\/\/lima.com.tr\/en\/shop\/endustriyel-bilisim\/box-pc\/core-i-tabanli-box-pc\/trek-688-7lwb7pa0e\/","title":{"rendered":"TREK-688-7LWB7PA0E"},"content":{"rendered":"<p><strong>\u00c7al\u0131\u015fma S\u0131cakl\u0131\u011f\u0131 :<\/strong> -30 ~ 55\u00b0C\u00a0 (SSD ile)<\/p>\n<p><strong>Depolama S\u0131cakl\u0131\u011f\u0131 :<\/strong> -40 ~ 80 \u00b0C<\/p>\n<p><strong>Sertifikalar :<\/strong> CE, FCC Class B, CCC, BSMI, UL\/cUL,CB ,E-Mark (E13), SAE J1455 class C, ISO 7637-2, SAE J1113,MIL-STD-810G, EN60721-3(5M3),CE( R&amp;TTE), FCC ID, PTCRB<\/p>\n<p><strong>\u0130\u015fletim Sistemi (y\u00fckl\u00fc) :<\/strong>Win7 Pro 32-bit<\/p>\n<p><strong>\u0130\u015fletim Sistemi (desteklenen) :<\/strong>Win7 Pro (32 bit) ,WES8, Win10 IoT LTSB, Linux Ubuntu 14.04 (Kernel 4.2.0)<\/p>\n<p><strong>GPIO :<\/strong> 4 x DI &amp; 4 x DO<\/p>\n<p><strong>Di\u011fer :<\/strong> T\u00fcmle\u015fik GPS,G-sens\u00f6r, Wifi\/Bluetooth, LTE, 2xCANBus, 1xJ1708 (J1587), T\u00fcmle\u015fik 4GB RAM, T\u00fcmle\u015fik 16GB CFast (Win7 Pro 32-bit y\u00fckl\u00fc), 16-kanal Video + 8-kanal Audio Encoder<\/p>\n<p>&nbsp;<\/p>","protected":false},"excerpt":{"rendered":"<p>E-Mark (E13) Sertifikal\u0131 Fans\u0131z Ara\u00e7 i\u00e7i PC &#8211; Intel Core i7-4650U CPU, 4GB RAM, 16GB CFast, 2x Gb LAN, 4 x COM, 1 x USB2.0, 2 x USB3.0, 2 xCAN,1x J1708, DIO, VGA,HDMI, Smart Display Port, GPS ,Wifi\/Bluetooth, LTE, 16-kanal Video + 8 x kanal Audio Encoder, Win7 Pro 32-bit i\u015fletim sistemi<\/p>","protected":false},"featured_media":8363,"template":"","meta":[],"product_brand":[],"product_cat":[1656,1659,80,1635,83,39,1626],"product_tag":[45,43],"class_list":{"0":"post-4230","1":"product","2":"type-product","3":"status-publish","4":"has-post-thumbnail","6":"product_cat-akilli-sehir-altyapi","7":"product_cat-box-pc-akilli-sehir","8":"product_cat-box-pc","9":"product_cat-box-pc-ulasim","10":"product_cat-core-i-tabanli-box-pc","11":"product_cat-endustriyel-bilisim","12":"product_cat-ulasim","13":"product_tag-akilli-sehir","14":"product_tag-ulasim","15":"pa_cozumler-ve-urunler-endustriyel-bilisim","16":"pa_depolama-secenekleri-1-x-cfast","17":"pa_depolama-secenekleri-1-x-msata-opsiyonel","18":"pa_depolama-secenekleri-2-x-2-5-ssd-hdd","19":"pa_gb-lan-2-adet","20":"pa_grafik-cikisi-1-x-hdmi","21":"pa_grafik-cikisi-1-x-vga","22":"pa_grafik-cikisi-smart-display-port","23":"pa_guc-girisi-932-vdc","24":"pa_islemci-frekansi-2-90-ghz","25":"pa_islemci-modeli-intel-core-i7-4650u","26":"pa_islemci-sinifi-intel-core-i","27":"pa_line-ses-cikis-1-adet","28":"pa_mikrofon-giris-1-adet","29":"pa_ram-maks-8-gb","30":"pa_ramtakili-4-gb","31":"pa_rs-232-3-adet","32":"pa_rs-485-1-adet","33":"pa_uretici-advantech","34":"pa_urun-gruplari-box-pc","35":"pa_usb-2-0-1-adet","36":"pa_usb-3-0-2-adet","38":"first","39":"outofstock","40":"shipping-taxable","41":"product-type-variable"},"_links":{"self":[{"href":"https:\/\/lima.com.tr\/en\/wp-json\/wp\/v2\/product\/4230","targetHints":{"allow":["GET"]}}],"collection":[{"href":"https:\/\/lima.com.tr\/en\/wp-json\/wp\/v2\/product"}],"about":[{"href":"https:\/\/lima.com.tr\/en\/wp-json\/wp\/v2\/types\/product"}],"version-history":[{"count":1,"href":"https:\/\/lima.com.tr\/en\/wp-json\/wp\/v2\/product\/4230\/revisions"}],"predecessor-version":[{"id":4241,"href":"https:\/\/lima.com.tr\/en\/wp-json\/wp\/v2\/product\/4230\/revisions\/4241"}],"wp:featuredmedia":[{"embeddable":true,"href":"https:\/\/lima.com.tr\/en\/wp-json\/wp\/v2\/media\/8363"}],"wp:attachment":[{"href":"https:\/\/lima.com.tr\/en\/wp-json\/wp\/v2\/media?parent=4230"}],"wp:term":[{"taxonomy":"product_brand","embeddable":true,"href":"https:\/\/lima.com.tr\/en\/wp-json\/wp\/v2\/product_brand?post=4230"},{"taxonomy":"product_cat","embeddable":true,"href":"https:\/\/lima.com.tr\/en\/wp-json\/wp\/v2\/product_cat?post=4230"},{"taxonomy":"product_tag","embeddable":true,"href":"https:\/\/lima.com.tr\/en\/wp-json\/wp\/v2\/product_tag?post=4230"}],"curies":[{"name":"wp","href":"https:\/\/api.w.org\/{rel}","templated":true}]}}