{"id":4224,"date":"2019-07-10T10:58:35","date_gmt":"2019-07-10T10:58:35","guid":{"rendered":"http:\/\/lima.com.tr\/?post_type=product&#038;p=4224"},"modified":"2019-08-05T14:06:57","modified_gmt":"2019-08-05T14:06:57","slug":"trek-674-lwb7a0e","status":"publish","type":"product","link":"https:\/\/lima.com.tr\/en\/shop\/endustriyel-bilisim\/box-pc\/atom-celeron-tabanli-box-pc\/trek-674-lwb7a0e\/","title":{"rendered":"TREK-674-LWB7A0E"},"content":{"rendered":"<p><strong>\u00c7al\u0131\u015fma S\u0131cakl\u0131\u011f\u0131 :<\/strong> -30 ~ 70\u00b0C\u00a0 (SSD ile)<\/p>\n<p><strong>Depolama S\u0131cakl\u0131\u011f\u0131 :<\/strong> -40 ~ 80 \u00b0C<\/p>\n<p><strong>Sertifikalar :<\/strong> CE, FCC Class B, CCC, BSMI, UL\/cUL,CB ,E-Mark (E13), SAE J1455 class C, ISO 7637-2, SAE J1113,MIL-STD-810G, EN60721-3(5M3),CE( R&amp;TTE), FCC ID, PTCRB<\/p>\n<p><strong>\u0130\u015fletim Sistemi (y\u00fckl\u00fc) :<\/strong>WES7<\/p>\n<p><strong>\u0130\u015fletim Sistemi (desteklenen) :<\/strong>WES7, Win10 IoT LTSB (32 bit), WES8, Linux Ubuntu 14.04 Kernel 3.19.0 (32 bit)<\/p>\n<p><strong>GPIO :<\/strong> 4 x DI &amp; 2 x DO<\/p>\n<p><strong>Di\u011fer :<\/strong> T\u00fcmle\u015fik GPS,G-sens\u00f6r, Wifi\/Bluetooth, LTE, 2xCANBus, 1xJ1708 (J1587), T\u00fcmle\u015fik 2GB RAM, T\u00fcmle\u015fik 16GB CFast (WES7 i\u015fletim sistemi y\u00fckl\u00fc), T\u00fcmle\u015fik 64GB mSATA, 8-kanal Video + 4x kanal Audio Encoder<\/p>\n<p>&nbsp;<\/p>","protected":false},"excerpt":{"rendered":"<p>E-Mark (E13) Sertifikal\u0131 Fans\u0131z Ara\u00e7 i\u00e7i PC &#8211; Intel Atom E3827 CPU, 2GB RAM, 16GB CFast, 64GB mSATA SSD,\u00a0 2x Gb LAN, 3 x COM, 2 x USB2.0, 1 x USB3.0, 2 xCAN,1x J1708, DIO, GPS ,VGA,Smart Display Port, Wifi\/Bluetooth, LTE, 8-kanal Video + 4x kanal Audio Encoder, WES7 i\u015fletim sistemi<\/p>","protected":false},"featured_media":8361,"template":"","meta":[],"product_brand":[],"product_cat":[1656,82,80,1635,1659,39,1626],"product_tag":[45,43],"class_list":{"0":"post-4224","1":"product","2":"type-product","3":"status-publish","4":"has-post-thumbnail","6":"product_cat-akilli-sehir-altyapi","7":"product_cat-atom-celeron-tabanli-box-pc","8":"product_cat-box-pc","9":"product_cat-box-pc-ulasim","10":"product_cat-box-pc-akilli-sehir","11":"product_cat-endustriyel-bilisim","12":"product_cat-ulasim","13":"product_tag-akilli-sehir","14":"product_tag-ulasim","15":"pa_cozumler-ve-urunler-endustriyel-bilisim","16":"pa_depolama-secenekleri-1-x-cfast","17":"pa_depolama-secenekleri-1-x-msata","18":"pa_gb-lan-2-adet","19":"pa_grafik-cikisi-1-x-vga","20":"pa_grafik-cikisi-smart-display-port","21":"pa_guc-girisi-932-vdc","22":"pa_islemci-frekansi-1-75-ghz","23":"pa_islemci-modeli-intel-atom-e3827-dual-core","24":"pa_islemci-sinifi-intel-atom-celeron","25":"pa_line-ses-cikis-1-adet","26":"pa_mikrofon-giris-1-adet","27":"pa_ram-maks-8-gb","28":"pa_ramtakili-2-gb","29":"pa_rs-232-2-adet","30":"pa_rs-485-1-adet","31":"pa_uretici-advantech","32":"pa_urun-gruplari-box-pc","33":"pa_usb-2-0-2-adet","34":"pa_usb-3-0-1-adet","36":"first","37":"outofstock","38":"shipping-taxable","39":"product-type-variable"},"_links":{"self":[{"href":"https:\/\/lima.com.tr\/en\/wp-json\/wp\/v2\/product\/4224","targetHints":{"allow":["GET"]}}],"collection":[{"href":"https:\/\/lima.com.tr\/en\/wp-json\/wp\/v2\/product"}],"about":[{"href":"https:\/\/lima.com.tr\/en\/wp-json\/wp\/v2\/types\/product"}],"version-history":[{"count":1,"href":"https:\/\/lima.com.tr\/en\/wp-json\/wp\/v2\/product\/4224\/revisions"}],"predecessor-version":[{"id":4228,"href":"https:\/\/lima.com.tr\/en\/wp-json\/wp\/v2\/product\/4224\/revisions\/4228"}],"wp:featuredmedia":[{"embeddable":true,"href":"https:\/\/lima.com.tr\/en\/wp-json\/wp\/v2\/media\/8361"}],"wp:attachment":[{"href":"https:\/\/lima.com.tr\/en\/wp-json\/wp\/v2\/media?parent=4224"}],"wp:term":[{"taxonomy":"product_brand","embeddable":true,"href":"https:\/\/lima.com.tr\/en\/wp-json\/wp\/v2\/product_brand?post=4224"},{"taxonomy":"product_cat","embeddable":true,"href":"https:\/\/lima.com.tr\/en\/wp-json\/wp\/v2\/product_cat?post=4224"},{"taxonomy":"product_tag","embeddable":true,"href":"https:\/\/lima.com.tr\/en\/wp-json\/wp\/v2\/product_tag?post=4224"}],"curies":[{"name":"wp","href":"https:\/\/api.w.org\/{rel}","templated":true}]}}