{"id":4200,"date":"2019-07-10T10:15:33","date_gmt":"2019-07-10T10:15:33","guid":{"rendered":"http:\/\/lima.com.tr\/?post_type=product&#038;p=4200"},"modified":"2019-08-05T14:04:59","modified_gmt":"2019-08-05T14:04:59","slug":"trek-530-lwbada20","status":"publish","type":"product","link":"https:\/\/lima.com.tr\/en\/shop\/endustriyel-bilisim\/box-pc\/arm-tabanli-box-pc\/trek-530-lwbada20\/","title":{"rendered":"TREK-530-LWBADA20"},"content":{"rendered":"<p><strong>Geni\u015fleme Se\u00e7enekleri :<\/strong> Batarya (30 dk \u00e7al\u0131\u015fma deste\u011fi)<\/p>\n<p><strong>\u00c7al\u0131\u015fma S\u0131cakl\u0131\u011f\u0131 :<\/strong> -20 ~ 65\u00b0C\u00a0 (SSD ile, bataryas\u0131z)<\/p>\n<p><strong>Depolama S\u0131cakl\u0131\u011f\u0131 :<\/strong> -40 ~ 85 \u00b0C<\/p>\n<p><strong>Nem :<\/strong> 10 ~ 95%<\/p>\n<p><strong>Sertifikalar :<\/strong> CE, FCC Class A, CCC, BSMI, UL\/cUL,CB ,E-Mark (E13),PTCRB, verizon,ISO 7637-2, SAE J1455MIL-STD-810G, EN60721-3 (5M3)<\/p>\n<p><strong>\u0130\u015fletim Sistemi : <\/strong>Android 6.0<\/p>\n<p><strong>GPIO :<\/strong> 4 x DI &amp; 2 x DO<\/p>\n<p><strong>Di\u011fer :<\/strong> T\u00fcmle\u015fik GPS,G-sens\u00f6r, LTE, 1xCANBus, 1xJ1708 (J1587),1xMicroSD, T\u00fcmle\u015fik 16GB flash<\/p>\n<p>&nbsp;<\/p>\n<p>&nbsp;<\/p>","protected":false},"excerpt":{"rendered":"<p>E-Mark (E13) Sertifikal\u0131 Fans\u0131z Ara\u00e7 i\u00e7i PC &#8211; Qualcomm\u00ae Snapdragon\u2122 212 APQ8009 quad-core ARM\u00ae Cortex\u2122-A7 SoC , 1x 10\/100Mbps LAN, 2 x COM, 1 x USB2.0, 1 x MicroSD, 1 xCAN,1x J1708,DIO,GPS, LTE, Android 6.0<\/p>","protected":false},"featured_media":8358,"template":"","meta":[],"product_brand":[],"product_cat":[1656,1670,81,1659,1635,1687,1671,80,1645,1676,39,1642,1684,1626,1673],"product_tag":[45,48,44,46,43,47],"class_list":{"0":"post-4200","1":"product","2":"type-product","3":"status-publish","4":"has-post-thumbnail","6":"product_cat-akilli-sehir-altyapi","7":"product_cat-altyapi","8":"product_cat-arm-tabanli-box-pc","9":"product_cat-box-pc-akilli-sehir","10":"product_cat-box-pc-ulasim","11":"product_cat-box-pc-savunma","12":"product_cat-box-pc-altyapi","13":"product_cat-box-pc","14":"product_cat-box-pc-guvenlik","15":"product_cat-box-pc-uretim","16":"product_cat-endustriyel-bilisim","17":"product_cat-guvenlik","18":"product_cat-savunma","19":"product_cat-ulasim","20":"product_cat-uretim","21":"product_tag-akilli-sehir","22":"product_tag-altyapi","23":"product_tag-guvenlik","24":"product_tag-savunma","25":"product_tag-ulasim","26":"product_tag-uretim","27":"pa_cozumler-ve-urunler-endustriyel-bilisim","28":"pa_depolama-secenekleri-1-x-sd","29":"pa_grafik-cikisi-1-x-hdmi","30":"pa_grafik-cikisi-1-x-vga","31":"pa_guc-girisi-932-vdc","32":"pa_islemci-frekansi-1-30-ghz","33":"pa_islemci-modeli-qualcomm-snapdragon-212-apq8009-quad-core-arm-cortex-a7","34":"pa_islemci-sinifi-arm","35":"pa_lan-10-100-mbps-1-adet","36":"pa_line-ses-cikis-1-adet","37":"pa_mikrofon-giris-1-adet","38":"pa_ram-maks-2-gb","39":"pa_ramtakili-2-gb","40":"pa_rs-232-1-adet","41":"pa_rs-232-485-1-adet","42":"pa_uretici-advantech","43":"pa_urun-gruplari-box-pc","44":"pa_usb-2-0-1-adet","46":"first","47":"outofstock","48":"shipping-taxable","49":"product-type-variable"},"_links":{"self":[{"href":"https:\/\/lima.com.tr\/en\/wp-json\/wp\/v2\/product\/4200","targetHints":{"allow":["GET"]}}],"collection":[{"href":"https:\/\/lima.com.tr\/en\/wp-json\/wp\/v2\/product"}],"about":[{"href":"https:\/\/lima.com.tr\/en\/wp-json\/wp\/v2\/types\/product"}],"version-history":[{"count":1,"href":"https:\/\/lima.com.tr\/en\/wp-json\/wp\/v2\/product\/4200\/revisions"}],"predecessor-version":[{"id":4201,"href":"https:\/\/lima.com.tr\/en\/wp-json\/wp\/v2\/product\/4200\/revisions\/4201"}],"wp:featuredmedia":[{"embeddable":true,"href":"https:\/\/lima.com.tr\/en\/wp-json\/wp\/v2\/media\/8358"}],"wp:attachment":[{"href":"https:\/\/lima.com.tr\/en\/wp-json\/wp\/v2\/media?parent=4200"}],"wp:term":[{"taxonomy":"product_brand","embeddable":true,"href":"https:\/\/lima.com.tr\/en\/wp-json\/wp\/v2\/product_brand?post=4200"},{"taxonomy":"product_cat","embeddable":true,"href":"https:\/\/lima.com.tr\/en\/wp-json\/wp\/v2\/product_cat?post=4200"},{"taxonomy":"product_tag","embeddable":true,"href":"https:\/\/lima.com.tr\/en\/wp-json\/wp\/v2\/product_tag?post=4200"}],"curies":[{"name":"wp","href":"https:\/\/api.w.org\/{rel}","templated":true}]}}