{"id":4188,"date":"2019-07-10T09:24:40","date_gmt":"2019-07-10T09:24:40","guid":{"rendered":"http:\/\/lima.com.tr\/?post_type=product&#038;p=4188"},"modified":"2019-08-05T12:24:11","modified_gmt":"2019-08-05T12:24:11","slug":"ark-5420-u7a1e","status":"publish","type":"product","link":"https:\/\/lima.com.tr\/en\/shop\/endustriyel-bilisim\/box-pc\/core-i-tabanli-box-pc\/ark-5420-u7a1e\/","title":{"rendered":"ARK-5420-U7A1E"},"content":{"rendered":"<p><strong>Geni\u015fleme Se\u00e7enekleri : <\/strong>1 x PCI + 1 x PCIe x4 , 1 x tam-boy Mini-PCIe<\/p>\n<p><strong>\u00c7al\u0131\u015fma S\u0131cakl\u0131\u011f\u0131 :<\/strong> -25 ~ 60\u00b0C\u00a0 (SSD ile) , 0 ~ 40\u00b0C\u00a0 (HDD ile)<\/p>\n<p><strong>Depolama S\u0131cakl\u0131\u011f\u0131 :<\/strong> -40 ~ 85 \u00b0C<\/p>\n<p><strong>Nem :<\/strong> 10 ~ 95%<\/p>\n<p><strong>Sertifikalar :<\/strong> CE, FCC , CCC, BSMI, UL,<\/p>\n<p><strong>\u0130\u015fletim Sistemi : <\/strong>Windows 7\/XP<\/p>\n<p><strong>DIO :<\/strong> 8-bit<\/p>\n<p><strong>Di\u011fer :<\/strong> Programlanabilir WDT , 1x Paralel Port , T\u00fcmle\u015fik 4GB RAM (12GB&#8217;a kadar y\u00fckseltilebilir). RAM&#8217;in y\u00fckseltilmesi durumunda sadece 1xCF veya 1x 2.5&#8243; SATA eklemes, yap\u0131labilir.<\/p>\n<p>&nbsp;<\/p>\n<p>&nbsp;<\/p>\n<p>&nbsp;<\/p>\n<p>&nbsp;<\/p>\n<p>&nbsp;<\/p>","protected":false},"excerpt":{"rendered":"<p>Fans\u0131z End\u00fcstriyel Box PC &#8211; Intel Core i3-3610ME CPU, 2xGb LAN, 2 x RS232\/422\/485, 3 x USB 2.0, 2x USB 3.0,\u00a0 1 x 2.5&#8243;SSD\/HDD + 1 x CFC (opsiyonel), 1x VGA, 1 x HDMI, \u00c7ift ba\u011f\u0131ms\u0131z monit\u00f6r,\u00a0 Paralel Port , 1 x PCI, 1 x PCIe x4<\/p>","protected":false},"featured_media":8290,"template":"","meta":[],"product_brand":[],"product_cat":[1656,1670,1671,80,1645,1676,1659,1687,83,39,1642,1684,1673],"product_tag":[45,48,44,46,47],"class_list":{"0":"post-4188","1":"product","2":"type-product","3":"status-publish","4":"has-post-thumbnail","6":"product_cat-akilli-sehir-altyapi","7":"product_cat-altyapi","8":"product_cat-box-pc-altyapi","9":"product_cat-box-pc","10":"product_cat-box-pc-guvenlik","11":"product_cat-box-pc-uretim","12":"product_cat-box-pc-akilli-sehir","13":"product_cat-box-pc-savunma","14":"product_cat-core-i-tabanli-box-pc","15":"product_cat-endustriyel-bilisim","16":"product_cat-guvenlik","17":"product_cat-savunma","18":"product_cat-uretim","19":"product_tag-akilli-sehir","20":"product_tag-altyapi","21":"product_tag-guvenlik","22":"product_tag-savunma","23":"product_tag-uretim","24":"pa_cozumler-ve-urunler-endustriyel-bilisim","25":"pa_depolama-secenekleri-1-x-2-5-ssd-opsiyonel","26":"pa_depolama-secenekleri-1-x-cf-opsiyonel","27":"pa_depolama-secenekleri-1-x-msata","28":"pa_gb-lan-2-adet","29":"pa_grafik-cikisi-1-x-hdmi","30":"pa_grafik-cikisi-1-x-vga","31":"pa_guc-girisi-9-36-vdc","32":"pa_islemci-frekansi-2-7-ghz","33":"pa_islemci-modeli-intel-core-i5-3610me","34":"pa_islemci-sinifi-intel-core-i","35":"pa_line-ses-cikis-1-adet","36":"pa_mikrofon-giris-1-adet","37":"pa_ram-maks-12-gb","38":"pa_ramtakili-4-gb","39":"pa_rs-232-422-485-2-adet","40":"pa_uretici-advantech","41":"pa_urun-gruplari-box-pc","42":"pa_usb-2-0-3-adet","43":"pa_usb-3-0-2-adet","45":"first","46":"outofstock","47":"shipping-taxable","48":"product-type-variable"},"_links":{"self":[{"href":"https:\/\/lima.com.tr\/en\/wp-json\/wp\/v2\/product\/4188","targetHints":{"allow":["GET"]}}],"collection":[{"href":"https:\/\/lima.com.tr\/en\/wp-json\/wp\/v2\/product"}],"about":[{"href":"https:\/\/lima.com.tr\/en\/wp-json\/wp\/v2\/types\/product"}],"version-history":[{"count":1,"href":"https:\/\/lima.com.tr\/en\/wp-json\/wp\/v2\/product\/4188\/revisions"}],"predecessor-version":[{"id":4189,"href":"https:\/\/lima.com.tr\/en\/wp-json\/wp\/v2\/product\/4188\/revisions\/4189"}],"wp:featuredmedia":[{"embeddable":true,"href":"https:\/\/lima.com.tr\/en\/wp-json\/wp\/v2\/media\/8290"}],"wp:attachment":[{"href":"https:\/\/lima.com.tr\/en\/wp-json\/wp\/v2\/media?parent=4188"}],"wp:term":[{"taxonomy":"product_brand","embeddable":true,"href":"https:\/\/lima.com.tr\/en\/wp-json\/wp\/v2\/product_brand?post=4188"},{"taxonomy":"product_cat","embeddable":true,"href":"https:\/\/lima.com.tr\/en\/wp-json\/wp\/v2\/product_cat?post=4188"},{"taxonomy":"product_tag","embeddable":true,"href":"https:\/\/lima.com.tr\/en\/wp-json\/wp\/v2\/product_tag?post=4188"}],"curies":[{"name":"wp","href":"https:\/\/api.w.org\/{rel}","templated":true}]}}