{"id":4167,"date":"2019-07-10T08:45:05","date_gmt":"2019-07-10T08:45:05","guid":{"rendered":"http:\/\/lima.com.tr\/?post_type=product&#038;p=4167"},"modified":"2019-08-05T12:22:29","modified_gmt":"2019-08-05T12:22:29","slug":"ark-5261p-j0a1e","status":"publish","type":"product","link":"https:\/\/lima.com.tr\/en\/shop\/endustriyel-bilisim\/box-pc\/atom-celeron-tabanli-box-pc\/ark-5261p-j0a1e\/","title":{"rendered":"ARK-5261P-J0A1E"},"content":{"rendered":"<p><strong>Geni\u015fleme Se\u00e7enekleri : <\/strong>3 x PCI, 1 x tam-boy mini PCIe<\/p>\n<p>maks. g\u00fc\u00e7: 15W (kart ba\u015f\u0131na), maks boyut (W x L) : 99 x 186 mm<\/p>\n<p><strong>\u00c7al\u0131\u015fma S\u0131cakl\u0131\u011f\u0131 :<\/strong> -20 ~ 60\u00b0C\u00a0 (SSD ile , ek kart tak\u0131lmadan) , 0 ~ 40\u00b0C\u00a0 (HDD ile, ek kart tak\u0131lmadan)<\/p>\n<p><strong>Depolama S\u0131cakl\u0131\u011f\u0131 :<\/strong> -40 ~ 85 \u00b0C<\/p>\n<p><strong>Nem :<\/strong> 10 ~ 95%<\/p>\n<p><strong>Sertifikalar :<\/strong> CE, FCC , CCC, BSMI, UL,<\/p>\n<p><strong>\u0130\u015fletim Sistemi :<\/strong>Microsoft Windows 7\/8.1\/Embedded and Linux Fedora 19<\/p>\n<p><strong>DIO :<\/strong> 8-bit<\/p>\n<p><strong>Di\u011fer :<\/strong> Programlanabilir WDT, 1x PS\/2 port , 1x Paralel Port , 4 x RS-232\/422\/485 ( COM1 ve COM2 de 5V\/12V g\u00fc\u00e7)<\/p>\n<p>&nbsp;<\/p>\n<p>&nbsp;<\/p>\n<p>&nbsp;<\/p>\n<p>&nbsp;<\/p>","protected":false},"excerpt":{"rendered":"<p>Fans\u0131z End\u00fcstriyel Box PC &#8211; Intel Celeron CPU, 2xGb LAN, 4 x RS232\/422\/485, 4 x USB 2.0,1 x USB 3.0,\u00a0 2 x 2.5&#8243;SSD\/HDD, 1x VGA, Paralel Port , 3 x PCI, 1 x tam-boy mini PCIe<\/p>","protected":false},"featured_media":8289,"template":"","meta":[],"product_brand":[],"product_cat":[1656,1670,82,1687,1671,1645,1676,80,1659,39,1642,1684,1673],"product_tag":[45,48,44,46,47],"class_list":{"0":"post-4167","1":"product","2":"type-product","3":"status-publish","4":"has-post-thumbnail","6":"product_cat-akilli-sehir-altyapi","7":"product_cat-altyapi","8":"product_cat-atom-celeron-tabanli-box-pc","9":"product_cat-box-pc-savunma","10":"product_cat-box-pc-altyapi","11":"product_cat-box-pc-guvenlik","12":"product_cat-box-pc-uretim","13":"product_cat-box-pc","14":"product_cat-box-pc-akilli-sehir","15":"product_cat-endustriyel-bilisim","16":"product_cat-guvenlik","17":"product_cat-savunma","18":"product_cat-uretim","19":"product_tag-akilli-sehir","20":"product_tag-altyapi","21":"product_tag-guvenlik","22":"product_tag-savunma","23":"product_tag-uretim","24":"pa_cozumler-ve-urunler-endustriyel-bilisim","25":"pa_depolama-secenekleri-1-x-msata","26":"pa_depolama-secenekleri-2-x-2-5-ssd-hdd","27":"pa_gb-lan-2-adet","28":"pa_grafik-cikisi-1-x-vga","29":"pa_guc-girisi-9-30-vdc","30":"pa_islemci-frekansi-2-0-ghz","31":"pa_islemci-modeli-intel-celeron-j1900-quad-core","32":"pa_islemci-sinifi-intel-atom-celeron","33":"pa_line-ses-cikis-1-adet","34":"pa_mikrofon-giris-1-adet","35":"pa_ram-maks-8-gb","36":"pa_ramtakili-4-gb","37":"pa_rs-232-422-485-4-adet","38":"pa_uretici-advantech","39":"pa_urun-gruplari-box-pc","40":"pa_usb-2-0-4-adet","41":"pa_usb-3-0-1-adet","43":"first","44":"outofstock","45":"shipping-taxable","46":"product-type-variable"},"_links":{"self":[{"href":"https:\/\/lima.com.tr\/en\/wp-json\/wp\/v2\/product\/4167","targetHints":{"allow":["GET"]}}],"collection":[{"href":"https:\/\/lima.com.tr\/en\/wp-json\/wp\/v2\/product"}],"about":[{"href":"https:\/\/lima.com.tr\/en\/wp-json\/wp\/v2\/types\/product"}],"version-history":[{"count":2,"href":"https:\/\/lima.com.tr\/en\/wp-json\/wp\/v2\/product\/4167\/revisions"}],"predecessor-version":[{"id":4174,"href":"https:\/\/lima.com.tr\/en\/wp-json\/wp\/v2\/product\/4167\/revisions\/4174"}],"wp:featuredmedia":[{"embeddable":true,"href":"https:\/\/lima.com.tr\/en\/wp-json\/wp\/v2\/media\/8289"}],"wp:attachment":[{"href":"https:\/\/lima.com.tr\/en\/wp-json\/wp\/v2\/media?parent=4167"}],"wp:term":[{"taxonomy":"product_brand","embeddable":true,"href":"https:\/\/lima.com.tr\/en\/wp-json\/wp\/v2\/product_brand?post=4167"},{"taxonomy":"product_cat","embeddable":true,"href":"https:\/\/lima.com.tr\/en\/wp-json\/wp\/v2\/product_cat?post=4167"},{"taxonomy":"product_tag","embeddable":true,"href":"https:\/\/lima.com.tr\/en\/wp-json\/wp\/v2\/product_tag?post=4167"}],"curies":[{"name":"wp","href":"https:\/\/api.w.org\/{rel}","templated":true}]}}