{"id":4124,"date":"2019-07-10T07:38:50","date_gmt":"2019-07-10T07:38:50","guid":{"rendered":"http:\/\/lima.com.tr\/?post_type=product&#038;p=4124"},"modified":"2019-08-05T12:20:44","modified_gmt":"2019-08-05T12:20:44","slug":"ark-3530l-00a1","status":"publish","type":"product","link":"https:\/\/lima.com.tr\/en\/shop\/endustriyel-bilisim\/box-pc\/core-i-tabanli-box-pc\/ark-3530l-00a1\/","title":{"rendered":"ARK-3530L-00A1"},"content":{"rendered":"<p><strong>Geni\u015fleme Se\u00e7enekleri :<\/strong><\/p>\n<p>2 x tam-boy Mini PCIe ( mSATA destekli , 1 adet SIM slot(opsiyonel))<\/p>\n<p>1 x M.2 E-Key (Wifi i\u00e7in)<\/p>\n<p>Opsiyonel iDoor mod\u00fcl\u00fc, Opsiyonel ARK-R 3505E (2xPCI)\/3506E (2xPCIe x8) geni\u015fleme mod\u00fclleri<\/p>\n<p><strong>\u00c7al\u0131\u015fma S\u0131cakl\u0131\u011f\u0131 :<\/strong> -20 ~ 60\u00b0C\u00a0 (SSD ile) , 0 ~ 40\u00b0C\u00a0 (HDD ile)<\/p>\n<p><strong>Depolama S\u0131cakl\u0131\u011f\u0131 :<\/strong> -40 ~ 85 \u00b0C<\/p>\n<p><strong>Nem :<\/strong> 10 ~ 95%<\/p>\n<p><strong>Sertifikalar :<\/strong> CE, FCC Class B, CCC, BSMI, UL,CB,LVD<\/p>\n<p><strong>\u0130\u015fletim Sistemi : <\/strong>Windows 10,\u00a0 Windows 7\u00a0 (sadece 6. Nesil Intel CPU), Linux (proje bazl\u0131 destek)<\/p>\n<p><strong>DIO :<\/strong> 16-bit (opsiyonel)<\/p>\n<p><strong>Di\u011fer :<\/strong> Programlanabilir WDT , TPM 2.0 (Proje Bazl\u0131 Destek)<\/p>\n<p>&nbsp;<\/p>\n<p>&nbsp;<\/p>\n<p>&nbsp;<\/p>\n<p>&nbsp;<\/p>","protected":false},"excerpt":{"rendered":"<p>Fans\u0131z End\u00fcstriyel Box PC &#8211; Intel Xeon E3 veya 6.\/7. Nesil Core-i CPU, 3xGb LAN, 4 x COM, 8 x USB 3.0,\u00a0 2 x 2.5&#8243;SSD\/HDD, 1x VGA, 1x HDMI, 2 ba\u011f\u0131ms\u0131z monit\u00f6r,\u00a0 3 ba\u011f\u0131ms\u0131z monit\u00f6r (opsiyonel)<\/p>","protected":false},"featured_media":8287,"template":"","meta":[],"product_brand":[],"product_cat":[1656,1670,1676,1659,1687,80,1671,1645,83,39,1642,1684,1673],"product_tag":[45,48,44,46,47],"class_list":{"0":"post-4124","1":"product","2":"type-product","3":"status-publish","4":"has-post-thumbnail","6":"product_cat-akilli-sehir-altyapi","7":"product_cat-altyapi","8":"product_cat-box-pc-uretim","9":"product_cat-box-pc-akilli-sehir","10":"product_cat-box-pc-savunma","11":"product_cat-box-pc","12":"product_cat-box-pc-altyapi","13":"product_cat-box-pc-guvenlik","14":"product_cat-core-i-tabanli-box-pc","15":"product_cat-endustriyel-bilisim","16":"product_cat-guvenlik","17":"product_cat-savunma","18":"product_cat-uretim","19":"product_tag-akilli-sehir","20":"product_tag-altyapi","21":"product_tag-guvenlik","22":"product_tag-savunma","23":"product_tag-uretim","24":"pa_cozumler-ve-urunler-endustriyel-bilisim","25":"pa_depolama-secenekleri-2-x-2-5-ssd-hdd","26":"pa_depolama-secenekleri-2-x-msata","27":"pa_gb-lan-2-adet","28":"pa_grafik-cikisi-1-x-hdmi","29":"pa_grafik-cikisi-1-x-vga","30":"pa_guc-girisi-12-vdc","31":"pa_islemci-modeli-6-7-jenerasyon-intel-core-i-lga1151","32":"pa_islemci-sinifi-intel-core-i","33":"pa_line-ses-cikis-1-adet","34":"pa_mikrofon-giris-1-adet","35":"pa_ram-maks-32-gb","36":"pa_rs-232-422-485-4-adet","37":"pa_uretici-advantech","38":"pa_urun-gruplari-box-pc","39":"pa_usb-3-0-8-adet","41":"first","42":"outofstock","43":"shipping-taxable","44":"product-type-variable"},"_links":{"self":[{"href":"https:\/\/lima.com.tr\/en\/wp-json\/wp\/v2\/product\/4124","targetHints":{"allow":["GET"]}}],"collection":[{"href":"https:\/\/lima.com.tr\/en\/wp-json\/wp\/v2\/product"}],"about":[{"href":"https:\/\/lima.com.tr\/en\/wp-json\/wp\/v2\/types\/product"}],"version-history":[{"count":2,"href":"https:\/\/lima.com.tr\/en\/wp-json\/wp\/v2\/product\/4124\/revisions"}],"predecessor-version":[{"id":7523,"href":"https:\/\/lima.com.tr\/en\/wp-json\/wp\/v2\/product\/4124\/revisions\/7523"}],"wp:featuredmedia":[{"embeddable":true,"href":"https:\/\/lima.com.tr\/en\/wp-json\/wp\/v2\/media\/8287"}],"wp:attachment":[{"href":"https:\/\/lima.com.tr\/en\/wp-json\/wp\/v2\/media?parent=4124"}],"wp:term":[{"taxonomy":"product_brand","embeddable":true,"href":"https:\/\/lima.com.tr\/en\/wp-json\/wp\/v2\/product_brand?post=4124"},{"taxonomy":"product_cat","embeddable":true,"href":"https:\/\/lima.com.tr\/en\/wp-json\/wp\/v2\/product_cat?post=4124"},{"taxonomy":"product_tag","embeddable":true,"href":"https:\/\/lima.com.tr\/en\/wp-json\/wp\/v2\/product_tag?post=4124"}],"curies":[{"name":"wp","href":"https:\/\/api.w.org\/{rel}","templated":true}]}}