{"id":4105,"date":"2019-07-10T06:50:48","date_gmt":"2019-07-10T06:50:48","guid":{"rendered":"http:\/\/lima.com.tr\/?post_type=product&#038;p=4105"},"modified":"2019-08-09T17:07:55","modified_gmt":"2019-08-09T17:07:55","slug":"ark-3510l-00a1e","status":"publish","type":"product","link":"https:\/\/lima.com.tr\/en\/shop\/endustriyel-bilisim\/box-pc\/core-i-tabanli-box-pc\/ark-3510l-00a1e\/","title":{"rendered":"ARK-3510L-00A1E"},"content":{"rendered":"<p><strong>Geni\u015fleme Se\u00e7enekleri : <\/strong>2 x tam-boy Mini PCIe (SIM slotlu,mSATA destekli)<\/p>\n<p><strong>\u00c7al\u0131\u015fma S\u0131cakl\u0131\u011f\u0131 :<\/strong> -10 ~ 60\u00b0C\u00a0 (SSD ile) , 0 ~ 40\u00b0C\u00a0 (HDD ile)<\/p>\n<p><strong>Depolama S\u0131cakl\u0131\u011f\u0131 :<\/strong> -40 ~ 85 \u00b0C<\/p>\n<p><strong>Nem :<\/strong> 10 ~ 95%<\/p>\n<p><strong>Sertifikalar :<\/strong> CE, FCC Class A, CCC, BSMI, UL,CB<\/p>\n<p><strong>\u0130\u015fletim Sistemi : <\/strong>Windows 8 , Windows 7, XP Professional (32bit), XP Embedded (32bit), Linux Ubuntu 12.04<\/p>\n<p><strong>Di\u011fer :<\/strong> Programlanabilir WDT , RAID 0\/1<\/p>\n<p>&nbsp;<\/p>\n<p>&nbsp;<\/p>\n<p>&nbsp;<\/p>\n<p>&nbsp;<\/p>","protected":false},"excerpt":{"rendered":"<p>Fans\u0131z End\u00fcstriyel Box PC &#8211; 3. Nesil Intel Core i3\/i5\/i7 mobil i\u015flemci (rPGA), 2xGb LAN, 4 x COM, 2 x USB 2.0, 4 x USB 3.0,\u00a0 2 x 2.5&#8243;SSD\/HDD, RAID 0\/1, 1x DP, 1x HDMI, 1 x DVI-I, 2\/3 ba\u011f\u0131ms\u0131z monit\u00f6r<\/p>","protected":false},"featured_media":8704,"template":"","meta":[],"product_brand":[],"product_cat":[1656,1670,80,1676,1659,1687,1671,1645,83,39,1642,1684,1673],"product_tag":[45,48,44,46,47],"class_list":{"0":"post-4105","1":"product","2":"type-product","3":"status-publish","4":"has-post-thumbnail","6":"product_cat-akilli-sehir-altyapi","7":"product_cat-altyapi","8":"product_cat-box-pc","9":"product_cat-box-pc-uretim","10":"product_cat-box-pc-akilli-sehir","11":"product_cat-box-pc-savunma","12":"product_cat-box-pc-altyapi","13":"product_cat-box-pc-guvenlik","14":"product_cat-core-i-tabanli-box-pc","15":"product_cat-endustriyel-bilisim","16":"product_cat-guvenlik","17":"product_cat-savunma","18":"product_cat-uretim","19":"product_tag-akilli-sehir","20":"product_tag-altyapi","21":"product_tag-guvenlik","22":"product_tag-savunma","23":"product_tag-uretim","24":"pa_cozumler-ve-urunler-endustriyel-bilisim","25":"pa_depolama-secenekleri-1-x-cfast","26":"pa_depolama-secenekleri-2-x-2-5-ssd-hdd","27":"pa_gb-lan-2-adet","28":"pa_grafik-cikisi-1-x-dp","29":"pa_grafik-cikisi-1-x-dvi-i","30":"pa_grafik-cikisi-1-x-hdmi","31":"pa_guc-girisi-12-vdc","32":"pa_islemci-modeli-3-nesil-intel-core-i3-i5-i7-mobile-islemci-rpga","33":"pa_islemci-sinifi-intel-core-i","34":"pa_line-ses-cikis-1-adet","35":"pa_mikrofon-giris-1-adet","36":"pa_ram-maks-16-gb","37":"pa_rs-232-2-adet","38":"pa_rs-232-422-485-2-adet","39":"pa_uretici-advantech","40":"pa_urun-gruplari-box-pc","41":"pa_usb-2-0-2-adet","42":"pa_usb-3-0-4-adet","44":"first","45":"outofstock","46":"shipping-taxable","47":"product-type-variable"},"_links":{"self":[{"href":"https:\/\/lima.com.tr\/en\/wp-json\/wp\/v2\/product\/4105","targetHints":{"allow":["GET"]}}],"collection":[{"href":"https:\/\/lima.com.tr\/en\/wp-json\/wp\/v2\/product"}],"about":[{"href":"https:\/\/lima.com.tr\/en\/wp-json\/wp\/v2\/types\/product"}],"version-history":[{"count":1,"href":"https:\/\/lima.com.tr\/en\/wp-json\/wp\/v2\/product\/4105\/revisions"}],"predecessor-version":[{"id":4109,"href":"https:\/\/lima.com.tr\/en\/wp-json\/wp\/v2\/product\/4105\/revisions\/4109"}],"wp:featuredmedia":[{"embeddable":true,"href":"https:\/\/lima.com.tr\/en\/wp-json\/wp\/v2\/media\/8704"}],"wp:attachment":[{"href":"https:\/\/lima.com.tr\/en\/wp-json\/wp\/v2\/media?parent=4105"}],"wp:term":[{"taxonomy":"product_brand","embeddable":true,"href":"https:\/\/lima.com.tr\/en\/wp-json\/wp\/v2\/product_brand?post=4105"},{"taxonomy":"product_cat","embeddable":true,"href":"https:\/\/lima.com.tr\/en\/wp-json\/wp\/v2\/product_cat?post=4105"},{"taxonomy":"product_tag","embeddable":true,"href":"https:\/\/lima.com.tr\/en\/wp-json\/wp\/v2\/product_tag?post=4105"}],"curies":[{"name":"wp","href":"https:\/\/api.w.org\/{rel}","templated":true}]}}