{"id":4089,"date":"2019-07-10T06:04:19","date_gmt":"2019-07-10T06:04:19","guid":{"rendered":"http:\/\/lima.com.tr\/?post_type=product&#038;p=4089"},"modified":"2019-08-05T12:13:31","modified_gmt":"2019-08-05T12:13:31","slug":"ark-2250s-s9a1e","status":"publish","type":"product","link":"https:\/\/lima.com.tr\/en\/shop\/endustriyel-bilisim\/box-pc\/core-i-tabanli-box-pc\/ark-2250s-s9a1e\/","title":{"rendered":"ARK-2250S-S9A1E"},"content":{"rendered":"<p><strong>Geni\u015fleme Se\u00e7enekleri :<\/strong><\/p>\n<p>1 x tam-boy mini PCIe slot (SIM slotlu, SATA\/PCIe\/USB)<\/p>\n<p>1 x tam-boy mini PCIe slot (SIM slotlu, PCIe\/USB)<\/p>\n<p>2 x M.2 2230 E key<\/p>\n<p>ARK-R Geni\u015fleme Mod\u00fclleri<\/p>\n<p><strong>\u00c7al\u0131\u015fma S\u0131cakl\u0131\u011f\u0131 :<\/strong> -20 ~ 70\u00b0C\u00a0 (SSD ile)<\/p>\n<p><strong>Depolama S\u0131cakl\u0131\u011f\u0131 :<\/strong> -40 ~ 85 \u00b0C<\/p>\n<p><strong>Nem :<\/strong> 10 ~ 95%<\/p>\n<p><strong>Sertifikalar :<\/strong> CE, FCC Class B, CCC, BSMI, UL,CB,MIL-STD-810G, NEMA TS2-2016 Environmental<\/p>\n<p><strong>\u0130\u015fletim Sistemi : <\/strong>Windows 10, Windows 8.1, WES7, Windows 7,\u00a0 Linux (proje bazl\u0131 destek)<\/p>\n<p><strong>GPIO :<\/strong> 4xDI + 4xDO (1.5 kV izolasyonlu)<\/p>\n<p>&nbsp;<\/p>\n<p>&nbsp;<\/p>\n<p>&nbsp;<\/p>","protected":false},"excerpt":{"rendered":"<p>Fans\u0131z End\u00fcstriyel D\u0131\u015f Ortam FullHD NVR &#8211; Intel Core i5-6442EQ CPU , 2xGb LAN, 3 x COM, 3 x USB 3.0,\u00a0 1 x 2.5&#8243;SSD\/HDD, 2x HDMI, \u00c7ift ba\u011f\u0131ms\u0131z monit\u00f6r<\/p>","protected":false},"featured_media":8276,"template":"","meta":[],"product_brand":[],"product_cat":[80,83,39],"product_tag":[45,48,44,46,43,47],"class_list":{"0":"post-4089","1":"product","2":"type-product","3":"status-publish","4":"has-post-thumbnail","6":"product_cat-box-pc","7":"product_cat-core-i-tabanli-box-pc","8":"product_cat-endustriyel-bilisim","9":"product_tag-akilli-sehir","10":"product_tag-altyapi","11":"product_tag-guvenlik","12":"product_tag-savunma","13":"product_tag-ulasim","14":"product_tag-uretim","15":"pa_cozumler-ve-urunler-endustriyel-bilisim","16":"pa_depolama-secenekleri-1-x-2-5-ssd","17":"pa_depolama-secenekleri-1-x-msata","18":"pa_gb-lan-2-adet","19":"pa_grafik-cikisi-2-x-hdmi","20":"pa_guc-girisi-12-24-vdc","21":"pa_islemci-frekansi-1-9-ghz","22":"pa_islemci-modeli-intel-core-i5-6442eq-quad-core-2","23":"pa_islemci-sinifi-intel-core-i","24":"pa_line-ses-cikis-1-adet","25":"pa_mikrofon-giris-1-adet","26":"pa_ram-maks-32-gb","27":"pa_rs-232-422-485-3-adet","28":"pa_uretici-advantech","29":"pa_urun-gruplari-box-pc","30":"pa_usb-3-0-3-adet","32":"first","33":"outofstock","34":"shipping-taxable","35":"product-type-variable"},"_links":{"self":[{"href":"https:\/\/lima.com.tr\/en\/wp-json\/wp\/v2\/product\/4089","targetHints":{"allow":["GET"]}}],"collection":[{"href":"https:\/\/lima.com.tr\/en\/wp-json\/wp\/v2\/product"}],"about":[{"href":"https:\/\/lima.com.tr\/en\/wp-json\/wp\/v2\/types\/product"}],"version-history":[{"count":1,"href":"https:\/\/lima.com.tr\/en\/wp-json\/wp\/v2\/product\/4089\/revisions"}],"predecessor-version":[{"id":4090,"href":"https:\/\/lima.com.tr\/en\/wp-json\/wp\/v2\/product\/4089\/revisions\/4090"}],"wp:featuredmedia":[{"embeddable":true,"href":"https:\/\/lima.com.tr\/en\/wp-json\/wp\/v2\/media\/8276"}],"wp:attachment":[{"href":"https:\/\/lima.com.tr\/en\/wp-json\/wp\/v2\/media?parent=4089"}],"wp:term":[{"taxonomy":"product_brand","embeddable":true,"href":"https:\/\/lima.com.tr\/en\/wp-json\/wp\/v2\/product_brand?post=4089"},{"taxonomy":"product_cat","embeddable":true,"href":"https:\/\/lima.com.tr\/en\/wp-json\/wp\/v2\/product_cat?post=4089"},{"taxonomy":"product_tag","embeddable":true,"href":"https:\/\/lima.com.tr\/en\/wp-json\/wp\/v2\/product_tag?post=4089"}],"curies":[{"name":"wp","href":"https:\/\/api.w.org\/{rel}","templated":true}]}}