{"id":4082,"date":"2019-07-10T05:53:06","date_gmt":"2019-07-10T05:53:06","guid":{"rendered":"http:\/\/lima.com.tr\/?post_type=product&#038;p=4082"},"modified":"2019-08-05T12:14:05","modified_gmt":"2019-08-05T12:14:05","slug":"ark-2250r-s9a1e","status":"publish","type":"product","link":"https:\/\/lima.com.tr\/en\/shop\/endustriyel-bilisim\/box-pc\/core-i-tabanli-box-pc\/ark-2250r-s9a1e\/","title":{"rendered":"ARK-2250R-S9A1E"},"content":{"rendered":"<p><strong>Geni\u015fleme Se\u00e7enekleri :<\/strong><\/p>\n<p>1 x tam-boy mini PCIe slot (SIM slotlu, SATA\/PCIe\/USB)<\/p>\n<p>1 x tam-boy mini PCIe slot (SIM slotlu, PCIe\/USB)<\/p>\n<p>2 x M.2 2230 E key<\/p>\n<p>ARK-R Plus Geni\u015fleme Mod\u00fclleri<\/p>\n<p><strong>\u00c7al\u0131\u015fma S\u0131cakl\u0131\u011f\u0131 :<\/strong> -40 ~ 70\u00b0C\u00a0 (SSD ile) EN50155 TX<\/p>\n<p><strong>Depolama S\u0131cakl\u0131\u011f\u0131 :<\/strong> -40 ~ 85 \u00b0C<\/p>\n<p><strong>Nem :<\/strong> 10 ~ 95%<\/p>\n<p><strong>Sertifikalar :<\/strong> CE, FCC Class B, CCC, BSMI, UL,CB,EN50121-3-2, EN50121-4, EN50155 S2\/C1,IEC 61373 Category1, ClassB<\/p>\n<p><strong>\u0130\u015fletim Sistemi : <\/strong>Windows 10, Windows 8.1, WES7, Windows 7,\u00a0 Linux (proje bazl\u0131 destek)<\/p>\n<p><strong>GPIO :<\/strong> 8-bit<\/p>\n<p><strong>Di\u011fer :<\/strong> Opsiyonel 48\/72\/110 VDC<\/p>\n<p>&nbsp;<\/p>\n<p>&nbsp;<\/p>","protected":false},"excerpt":{"rendered":"<p>EN50155 Fans\u0131z Rayl\u0131 Sistem Box PC &#8211; Intel Core i5-6442EQ CPU , 2xGb LAN, 3 x COM, 2x USB2.0, 1 x USB 3.0,\u00a0 1 x 2.5&#8243;SSD\/HDD, 2x HDMI, \u00c7ift ba\u011f\u0131ms\u0131z monit\u00f6r<\/p>","protected":false},"featured_media":8277,"template":"","meta":[],"product_brand":[],"product_cat":[1656,1670,1635,1687,1671,1645,80,1676,1659,83,39,1642,1684,1626,1673],"product_tag":[45,48,44,46,43,47],"class_list":{"0":"post-4082","1":"product","2":"type-product","3":"status-publish","4":"has-post-thumbnail","6":"product_cat-akilli-sehir-altyapi","7":"product_cat-altyapi","8":"product_cat-box-pc-ulasim","9":"product_cat-box-pc-savunma","10":"product_cat-box-pc-altyapi","11":"product_cat-box-pc-guvenlik","12":"product_cat-box-pc","13":"product_cat-box-pc-uretim","14":"product_cat-box-pc-akilli-sehir","15":"product_cat-core-i-tabanli-box-pc","16":"product_cat-endustriyel-bilisim","17":"product_cat-guvenlik","18":"product_cat-savunma","19":"product_cat-ulasim","20":"product_cat-uretim","21":"product_tag-akilli-sehir","22":"product_tag-altyapi","23":"product_tag-guvenlik","24":"product_tag-savunma","25":"product_tag-ulasim","26":"product_tag-uretim","27":"pa_cozumler-ve-urunler-endustriyel-bilisim","28":"pa_depolama-secenekleri-1-x-2-5-ssd","29":"pa_depolama-secenekleri-1-x-msata","30":"pa_gb-lan-2-adet","31":"pa_grafik-cikisi-2-x-hdmi","32":"pa_guc-girisi-24-vdc","33":"pa_islemci-frekansi-1-9-ghz","34":"pa_islemci-modeli-intel-core-i5-6442eq-quad-core-2","35":"pa_islemci-sinifi-intel-core-i","36":"pa_line-ses-cikis-1-adet","37":"pa_mikrofon-giris-1-adet","38":"pa_ram-maks-32-gb","39":"pa_rs-232-422-485-3-adet","40":"pa_uretici-advantech","41":"pa_urun-gruplari-box-pc","42":"pa_usb-2-0-2-adet","43":"pa_usb-3-0-1-adet","45":"first","46":"outofstock","47":"shipping-taxable","48":"product-type-variable"},"_links":{"self":[{"href":"https:\/\/lima.com.tr\/en\/wp-json\/wp\/v2\/product\/4082","targetHints":{"allow":["GET"]}}],"collection":[{"href":"https:\/\/lima.com.tr\/en\/wp-json\/wp\/v2\/product"}],"about":[{"href":"https:\/\/lima.com.tr\/en\/wp-json\/wp\/v2\/types\/product"}],"version-history":[{"count":2,"href":"https:\/\/lima.com.tr\/en\/wp-json\/wp\/v2\/product\/4082\/revisions"}],"predecessor-version":[{"id":4085,"href":"https:\/\/lima.com.tr\/en\/wp-json\/wp\/v2\/product\/4082\/revisions\/4085"}],"wp:featuredmedia":[{"embeddable":true,"href":"https:\/\/lima.com.tr\/en\/wp-json\/wp\/v2\/media\/8277"}],"wp:attachment":[{"href":"https:\/\/lima.com.tr\/en\/wp-json\/wp\/v2\/media?parent=4082"}],"wp:term":[{"taxonomy":"product_brand","embeddable":true,"href":"https:\/\/lima.com.tr\/en\/wp-json\/wp\/v2\/product_brand?post=4082"},{"taxonomy":"product_cat","embeddable":true,"href":"https:\/\/lima.com.tr\/en\/wp-json\/wp\/v2\/product_cat?post=4082"},{"taxonomy":"product_tag","embeddable":true,"href":"https:\/\/lima.com.tr\/en\/wp-json\/wp\/v2\/product_tag?post=4082"}],"curies":[{"name":"wp","href":"https:\/\/api.w.org\/{rel}","templated":true}]}}