{"id":4054,"date":"2019-07-09T14:05:20","date_gmt":"2019-07-09T14:05:20","guid":{"rendered":"http:\/\/lima.com.tr\/?post_type=product&#038;p=4054"},"modified":"2019-08-05T12:09:17","modified_gmt":"2019-08-05T12:09:17","slug":"ark-2151v-s9a1e","status":"publish","type":"product","link":"https:\/\/lima.com.tr\/en\/shop\/endustriyel-bilisim\/box-pc\/atom-celeron-tabanli-box-pc\/ark-2151v-s9a1e\/","title":{"rendered":"ARK-2151V-S9A1E"},"content":{"rendered":"<p><strong>Geni\u015fleme Se\u00e7enekleri :<\/strong> 2 x tam-boy mini PCIe slot (SIM slotlu, USB)<\/p>\n<p>1 x yar\u0131m-boy mini PCIe slot (PCIe)<\/p>\n<p>1 x tam-boy mini PCIe slot (SIM Slotlu,USB , PCIe,SATA)<\/p>\n<p><strong>\u00c7al\u0131\u015fma S\u0131cakl\u0131\u011f\u0131 :<\/strong> -20 ~ 60\u00b0C\u00a0 (SSD ile), 0 ~ 45\u00b0C\u00a0 (HDD ile)<\/p>\n<p><strong>Depolama S\u0131cakl\u0131\u011f\u0131 :<\/strong> -40 ~ 85 \u00b0C<\/p>\n<p><strong>Nem :<\/strong> 10 ~ 95%<\/p>\n<p><strong>Sertifikalar :<\/strong> CE, FCC Class A, CCC, BSMI, UL,CB ,E-Mark (E13), ISO7637-2 Lev.4, IEC 60721-3-5 Class 5M3<\/p>\n<p><strong>\u0130\u015fletim Sistemi : <\/strong>WES8, Windows 8, WES7, Windows 7,Linux\u00a0(proje bazl\u0131 destek)<\/p>\n<p><strong>GPIO :<\/strong> 6 x DI &amp; 2 x DO (3KV isolasyonlu)<\/p>\n<p><strong>Di\u011fer :<\/strong> T\u00fcmle\u015fik GPS,G-sens\u00f6r, WDT<\/p>\n<p>&nbsp;<\/p>\n<p>&nbsp;<\/p>","protected":false},"excerpt":{"rendered":"<p>E-Mark (E13) Sertifikal\u0131 Fans\u0131z Ara\u00e7 i\u00e7i NVR &#8211; Intel Core i5-4300U CPU , 2xGb LAN, 4 x PoE, 2 x COM, 2 x USB2.0, 2 x USB 3.0,\u00a0 1 x 2.5&#8243;SSD\/HDD, VGA, HDMI, \u00c7ift ba\u011f\u0131ms\u0131z monit\u00f6r<\/p>","protected":false},"featured_media":8270,"template":"","meta":[],"product_brand":[],"product_cat":[1656,1670,82,1687,1671,1645,1676,1659,80,1635,39,1642,1684,1626,1673],"product_tag":[45,48,44,46,43,47],"class_list":{"0":"post-4054","1":"product","2":"type-product","3":"status-publish","4":"has-post-thumbnail","6":"product_cat-akilli-sehir-altyapi","7":"product_cat-altyapi","8":"product_cat-atom-celeron-tabanli-box-pc","9":"product_cat-box-pc-savunma","10":"product_cat-box-pc-altyapi","11":"product_cat-box-pc-guvenlik","12":"product_cat-box-pc-uretim","13":"product_cat-box-pc-akilli-sehir","14":"product_cat-box-pc","15":"product_cat-box-pc-ulasim","16":"product_cat-endustriyel-bilisim","17":"product_cat-guvenlik","18":"product_cat-savunma","19":"product_cat-ulasim","20":"product_cat-uretim","21":"product_tag-akilli-sehir","22":"product_tag-altyapi","23":"product_tag-guvenlik","24":"product_tag-savunma","25":"product_tag-ulasim","26":"product_tag-uretim","27":"pa_10-100-mbps-lan-poe-4-port","28":"pa_cozumler-ve-urunler-endustriyel-bilisim","29":"pa_depolama-secenekleri-1-x-2-5-ssd","30":"pa_depolama-secenekleri-1-x-msata","31":"pa_gb-lan-2-adet","32":"pa_grafik-cikisi-1-x-hdmi","33":"pa_grafik-cikisi-1-x-vga","34":"pa_guc-girisi-9-36-vdc","35":"pa_islemci-frekansi-1-9-ghz","36":"pa_islemci-frekansi-1-91-ghz","37":"pa_islemci-modeli-intel-core-i5-4300u-dual-core","38":"pa_islemci-sinifi-intel-core-i","39":"pa_line-ses-cikis-1-adet","40":"pa_mikrofon-giris-1-adet","41":"pa_ram-maks-8-gb","42":"pa_rs-232-422-485-2-adet","43":"pa_uretici-advantech","44":"pa_urun-gruplari-box-pc","45":"pa_usb-2-0-2-adet","46":"pa_usb-3-0-2-adet","48":"first","49":"outofstock","50":"shipping-taxable","51":"product-type-variable"},"_links":{"self":[{"href":"https:\/\/lima.com.tr\/en\/wp-json\/wp\/v2\/product\/4054","targetHints":{"allow":["GET"]}}],"collection":[{"href":"https:\/\/lima.com.tr\/en\/wp-json\/wp\/v2\/product"}],"about":[{"href":"https:\/\/lima.com.tr\/en\/wp-json\/wp\/v2\/types\/product"}],"version-history":[{"count":1,"href":"https:\/\/lima.com.tr\/en\/wp-json\/wp\/v2\/product\/4054\/revisions"}],"predecessor-version":[{"id":4056,"href":"https:\/\/lima.com.tr\/en\/wp-json\/wp\/v2\/product\/4054\/revisions\/4056"}],"wp:featuredmedia":[{"embeddable":true,"href":"https:\/\/lima.com.tr\/en\/wp-json\/wp\/v2\/media\/8270"}],"wp:attachment":[{"href":"https:\/\/lima.com.tr\/en\/wp-json\/wp\/v2\/media?parent=4054"}],"wp:term":[{"taxonomy":"product_brand","embeddable":true,"href":"https:\/\/lima.com.tr\/en\/wp-json\/wp\/v2\/product_brand?post=4054"},{"taxonomy":"product_cat","embeddable":true,"href":"https:\/\/lima.com.tr\/en\/wp-json\/wp\/v2\/product_cat?post=4054"},{"taxonomy":"product_tag","embeddable":true,"href":"https:\/\/lima.com.tr\/en\/wp-json\/wp\/v2\/product_tag?post=4054"}],"curies":[{"name":"wp","href":"https:\/\/api.w.org\/{rel}","templated":true}]}}