{"id":4014,"date":"2019-07-09T11:22:28","date_gmt":"2019-07-09T11:22:28","guid":{"rendered":"http:\/\/lima.com.tr\/?post_type=product&#038;p=4014"},"modified":"2019-08-05T12:02:42","modified_gmt":"2019-08-05T12:02:42","slug":"ark-1550-s9a1e","status":"publish","type":"product","link":"https:\/\/lima.com.tr\/en\/shop\/endustriyel-bilisim\/box-pc\/core-i-tabanli-box-pc\/ark-1550-s9a1e\/","title":{"rendered":"ARK-1550-S9A1E"},"content":{"rendered":"<p><strong>Geni\u015fleme Se\u00e7enekleri :<\/strong> 1 x tam-boy mini PCIe slot , 1 x LVDS (opsiyonel)<\/p>\n<p><strong>\u00c7al\u0131\u015fma S\u0131cakl\u0131\u011f\u0131 :<\/strong> -20 ~ 55\u00b0C\u00a0 (SSD ile), 0 ~ 40\u00b0C\u00a0 (HDD ile)<\/p>\n<p><strong>Depolama S\u0131cakl\u0131\u011f\u0131 :<\/strong> -40 ~ 85 \u00b0C<\/p>\n<p><strong>Nem :<\/strong> 10 ~ 95%<\/p>\n<p><strong>Sertifikalar :<\/strong> CE, FCC Class A, CCC, BSMI, UL,CB<\/p>\n<p><strong>\u0130\u015fletim Sistemi :<\/strong>Windows 10, Windows 8, Windows 7, WES8, WES7, Linux (Proje bazl\u0131 destek)<\/p>\n<p><strong>GPIO :<\/strong> 8-bit<\/p>\n<p>&nbsp;<\/p>","protected":false},"excerpt":{"rendered":"<p>Fans\u0131z End\u00fcstriyel Box PC &#8211; Intel Core i5-4300U CPU , 2xGb LAN, 3 x COM, 2 x USB2.0, 2 x USB 3.0,\u00a0 1 x 2.5&#8243;SSD\/HDD, VGA, HDMI, -20~55C<\/p>","protected":false},"featured_media":8258,"template":"","meta":[],"product_brand":[],"product_cat":[1656,1670,80,1676,1659,1687,1671,1645,83,39,1642,1684,1673],"product_tag":[45,48,44,46,47],"class_list":{"0":"post-4014","1":"product","2":"type-product","3":"status-publish","4":"has-post-thumbnail","6":"product_cat-akilli-sehir-altyapi","7":"product_cat-altyapi","8":"product_cat-box-pc","9":"product_cat-box-pc-uretim","10":"product_cat-box-pc-akilli-sehir","11":"product_cat-box-pc-savunma","12":"product_cat-box-pc-altyapi","13":"product_cat-box-pc-guvenlik","14":"product_cat-core-i-tabanli-box-pc","15":"product_cat-endustriyel-bilisim","16":"product_cat-guvenlik","17":"product_cat-savunma","18":"product_cat-uretim","19":"product_tag-akilli-sehir","20":"product_tag-altyapi","21":"product_tag-guvenlik","22":"product_tag-savunma","23":"product_tag-uretim","24":"pa_cozumler-ve-urunler-endustriyel-bilisim","25":"pa_depolama-secenekleri-1-x-2-5-ssd","26":"pa_depolama-secenekleri-1-x-msata","27":"pa_gb-lan-2-adet","28":"pa_grafik-cikisi-1-x-hdmi","29":"pa_grafik-cikisi-1-x-vga","30":"pa_guc-girisi-12-vdc","31":"pa_islemci-frekansi-1-9-ghz","32":"pa_islemci-modeli-intel-core-i5-4300u-dual-core","33":"pa_islemci-sinifi-intel-core-i","34":"pa_line-ses-cikis-1-adet","35":"pa_mikrofon-giris-1-adet","36":"pa_ram-maks-8-gb","37":"pa_rs-232-1-adet","38":"pa_rs-232-422-485-2-adet","39":"pa_uretici-advantech","40":"pa_urun-gruplari-box-pc","41":"pa_usb-2-0-2-adet","42":"pa_usb-3-0-2-adet","44":"first","45":"outofstock","46":"shipping-taxable","47":"product-type-variable"},"_links":{"self":[{"href":"https:\/\/lima.com.tr\/en\/wp-json\/wp\/v2\/product\/4014","targetHints":{"allow":["GET"]}}],"collection":[{"href":"https:\/\/lima.com.tr\/en\/wp-json\/wp\/v2\/product"}],"about":[{"href":"https:\/\/lima.com.tr\/en\/wp-json\/wp\/v2\/types\/product"}],"version-history":[{"count":3,"href":"https:\/\/lima.com.tr\/en\/wp-json\/wp\/v2\/product\/4014\/revisions"}],"predecessor-version":[{"id":8257,"href":"https:\/\/lima.com.tr\/en\/wp-json\/wp\/v2\/product\/4014\/revisions\/8257"}],"wp:featuredmedia":[{"embeddable":true,"href":"https:\/\/lima.com.tr\/en\/wp-json\/wp\/v2\/media\/8258"}],"wp:attachment":[{"href":"https:\/\/lima.com.tr\/en\/wp-json\/wp\/v2\/media?parent=4014"}],"wp:term":[{"taxonomy":"product_brand","embeddable":true,"href":"https:\/\/lima.com.tr\/en\/wp-json\/wp\/v2\/product_brand?post=4014"},{"taxonomy":"product_cat","embeddable":true,"href":"https:\/\/lima.com.tr\/en\/wp-json\/wp\/v2\/product_cat?post=4014"},{"taxonomy":"product_tag","embeddable":true,"href":"https:\/\/lima.com.tr\/en\/wp-json\/wp\/v2\/product_tag?post=4014"}],"curies":[{"name":"wp","href":"https:\/\/api.w.org\/{rel}","templated":true}]}}