{"id":4008,"date":"2019-07-09T11:12:16","date_gmt":"2019-07-09T11:12:16","guid":{"rendered":"http:\/\/lima.com.tr\/?post_type=product&#038;p=4008"},"modified":"2019-08-05T12:02:03","modified_gmt":"2019-08-05T12:02:03","slug":"ark-1220l-s6a1e","status":"publish","type":"product","link":"https:\/\/lima.com.tr\/en\/shop\/endustriyel-bilisim\/box-pc\/atom-celeron-tabanli-box-pc\/ark-1220l-s6a1e\/","title":{"rendered":"ARK-1220L-S6A1E"},"content":{"rendered":"<p><strong>Geni\u015fleme Se\u00e7enekleri :<\/strong> 1 x tam-boy mini PCIe slot, 1xM.2 2230 E-key (Wifi i\u00e7in)<\/p>\n<p><strong>\u00c7al\u0131\u015fma S\u0131cakl\u0131\u011f\u0131 :<\/strong> -30 ~ 70\u00b0C\u00a0 (SSD ile), 0 ~ 40\u00b0C\u00a0 (HDD ile)<\/p>\n<p><strong>Depolama S\u0131cakl\u0131\u011f\u0131 :<\/strong> -40 ~ 85 \u00b0C<\/p>\n<p><strong>Nem :<\/strong> 10 ~ 95%<\/p>\n<p><strong>Sertifikalar :<\/strong> CE, FCC Class B, CCC, BSMI, UL,CB<\/p>\n<p><strong>\u0130\u015fletim Sistemi :<\/strong>Win10, Win 10 IoT Enterprise LTSB, Linux (Proje bazl\u0131 destek)<\/p>\n<p><strong>Di\u011fer :<\/strong> TPM SLB9665XQ2.0 FW5.62 (Proje bazl\u0131 destek)<\/p>","protected":false},"excerpt":{"rendered":"<p>Fans\u0131z End\u00fcstriyel Box PC &#8211; Intel Atom E3940 CPU , 2xGb LAN, 2 x COM, 4 x USB 3.0,\u00a0 1 x 2.5&#8243;SSD\/HDD, 2xHDMI , \u00c7ift ba\u011f\u0131ms\u0131z monit\u00f6r, -30~70C<\/p>","protected":false},"featured_media":8256,"template":"","meta":[],"product_brand":[],"product_cat":[1656,1670,82,1659,1687,1671,1645,80,1676,39,1642,1684,1673],"product_tag":[45,48,44,46,47],"class_list":{"0":"post-4008","1":"product","2":"type-product","3":"status-publish","4":"has-post-thumbnail","6":"product_cat-akilli-sehir-altyapi","7":"product_cat-altyapi","8":"product_cat-atom-celeron-tabanli-box-pc","9":"product_cat-box-pc-akilli-sehir","10":"product_cat-box-pc-savunma","11":"product_cat-box-pc-altyapi","12":"product_cat-box-pc-guvenlik","13":"product_cat-box-pc","14":"product_cat-box-pc-uretim","15":"product_cat-endustriyel-bilisim","16":"product_cat-guvenlik","17":"product_cat-savunma","18":"product_cat-uretim","19":"product_tag-akilli-sehir","20":"product_tag-altyapi","21":"product_tag-guvenlik","22":"product_tag-savunma","23":"product_tag-uretim","24":"pa_depolama-secenekleri-1-x-2-5-ssd","25":"pa_depolama-secenekleri-1-x-msata","26":"pa_gb-lan-2-adet","27":"pa_grafik-cikisi-2-x-hdmi","28":"pa_guc-girisi-12-28-vdc","29":"pa_islemci-frekansi-1-6-ghz","30":"pa_islemci-modeli-intel-atom-e3940-quad-core","31":"pa_islemci-sinifi-intel-atom-celeron","32":"pa_line-ses-cikis-1-adet","33":"pa_mikrofon-giris-1-adet","34":"pa_ram-maks-8-gb","35":"pa_rs-232-422-485-2-adet","36":"pa_uretici-advantech","37":"pa_usb-3-0-4-adet","39":"first","40":"outofstock","41":"shipping-taxable","42":"product-type-variable"},"_links":{"self":[{"href":"https:\/\/lima.com.tr\/en\/wp-json\/wp\/v2\/product\/4008","targetHints":{"allow":["GET"]}}],"collection":[{"href":"https:\/\/lima.com.tr\/en\/wp-json\/wp\/v2\/product"}],"about":[{"href":"https:\/\/lima.com.tr\/en\/wp-json\/wp\/v2\/types\/product"}],"version-history":[{"count":1,"href":"https:\/\/lima.com.tr\/en\/wp-json\/wp\/v2\/product\/4008\/revisions"}],"predecessor-version":[{"id":4010,"href":"https:\/\/lima.com.tr\/en\/wp-json\/wp\/v2\/product\/4008\/revisions\/4010"}],"wp:featuredmedia":[{"embeddable":true,"href":"https:\/\/lima.com.tr\/en\/wp-json\/wp\/v2\/media\/8256"}],"wp:attachment":[{"href":"https:\/\/lima.com.tr\/en\/wp-json\/wp\/v2\/media?parent=4008"}],"wp:term":[{"taxonomy":"product_brand","embeddable":true,"href":"https:\/\/lima.com.tr\/en\/wp-json\/wp\/v2\/product_brand?post=4008"},{"taxonomy":"product_cat","embeddable":true,"href":"https:\/\/lima.com.tr\/en\/wp-json\/wp\/v2\/product_cat?post=4008"},{"taxonomy":"product_tag","embeddable":true,"href":"https:\/\/lima.com.tr\/en\/wp-json\/wp\/v2\/product_tag?post=4008"}],"curies":[{"name":"wp","href":"https:\/\/api.w.org\/{rel}","templated":true}]}}