{"id":3990,"date":"2019-07-09T10:40:11","date_gmt":"2019-07-09T10:40:11","guid":{"rendered":"http:\/\/lima.com.tr\/?post_type=product&#038;p=3990"},"modified":"2019-08-05T11:55:41","modified_gmt":"2019-08-05T11:55:41","slug":"ark-1123c-s3a2e","status":"publish","type":"product","link":"https:\/\/lima.com.tr\/en\/shop\/endustriyel-bilisim\/box-pc\/atom-celeron-tabanli-box-pc\/ark-1123c-s3a2e\/","title":{"rendered":"ARK-1123C-S3A2E"},"content":{"rendered":"<p><strong>Geni\u015fleme Se\u00e7enekleri :<\/strong> 1 x tam-boy mini PCIe slot<\/p>\n<p><strong>\u00c7al\u0131\u015fma S\u0131cakl\u0131\u011f\u0131 :<\/strong> -30 ~ 70\u00b0C\u00a0 (SSD ile), 0 ~ 40\u00b0C\u00a0 (HDD ile)<\/p>\n<p><strong>Depolama S\u0131cakl\u0131\u011f\u0131 :<\/strong> -40 ~ 85 \u00b0C<\/p>\n<p><strong>Nem :<\/strong> 10 ~ 95%<\/p>\n<p><strong>Sertifikalar :<\/strong> CE, FCC Class B, CCC, BSMI, UL,CB<\/p>\n<p><strong>\u0130\u015fletim Sistemi : <\/strong>WES7, Windows 7, WE8S, Windows 8, Windows 10<\/p>","protected":false},"excerpt":{"rendered":"<p>Fans\u0131z End\u00fcstriyel Box PC &#8211; Intel Atom E3825 CPU , 2xGb LAN, 2 x COM, 2 x USB2.0, 1 x USB 3.0,\u00a0 1 x 2.5&#8243;SSD\/HDD,HDMI, -30~70C<\/p>","protected":false},"featured_media":8249,"template":"","meta":[],"product_brand":[],"product_cat":[82,80,39],"product_tag":[45,48,44,46,47],"class_list":{"0":"post-3990","1":"product","2":"type-product","3":"status-publish","4":"has-post-thumbnail","6":"product_cat-atom-celeron-tabanli-box-pc","7":"product_cat-box-pc","8":"product_cat-endustriyel-bilisim","9":"product_tag-akilli-sehir","10":"product_tag-altyapi","11":"product_tag-guvenlik","12":"product_tag-savunma","13":"product_tag-uretim","14":"pa_cozumler-ve-urunler-endustriyel-bilisim","15":"pa_depolama-secenekleri-1-x-2-5-ssd","16":"pa_depolama-secenekleri-1-x-hs-msata","17":"pa_gb-lan-2-adet","18":"pa_grafik-cikisi-1-x-vga","19":"pa_guc-girisi-12-vdc","20":"pa_islemci-frekansi-1-33-ghz","21":"pa_islemci-modeli-intel-atom-e3825","22":"pa_islemci-sinifi-intel-atom-celeron","23":"pa_line-ses-cikis-1-adet","24":"pa_mikrofon-giris-1-adet","25":"pa_ram-maks-8-gb","26":"pa_rs-232-422-485-2-adet","27":"pa_uretici-advantech","28":"pa_urun-gruplari-box-pc","29":"pa_usb-2-0-2-adet","30":"pa_usb-3-0-1-adet","32":"first","33":"outofstock","34":"shipping-taxable","35":"product-type-variable"},"_links":{"self":[{"href":"https:\/\/lima.com.tr\/en\/wp-json\/wp\/v2\/product\/3990","targetHints":{"allow":["GET"]}}],"collection":[{"href":"https:\/\/lima.com.tr\/en\/wp-json\/wp\/v2\/product"}],"about":[{"href":"https:\/\/lima.com.tr\/en\/wp-json\/wp\/v2\/types\/product"}],"version-history":[{"count":1,"href":"https:\/\/lima.com.tr\/en\/wp-json\/wp\/v2\/product\/3990\/revisions"}],"predecessor-version":[{"id":3992,"href":"https:\/\/lima.com.tr\/en\/wp-json\/wp\/v2\/product\/3990\/revisions\/3992"}],"wp:featuredmedia":[{"embeddable":true,"href":"https:\/\/lima.com.tr\/en\/wp-json\/wp\/v2\/media\/8249"}],"wp:attachment":[{"href":"https:\/\/lima.com.tr\/en\/wp-json\/wp\/v2\/media?parent=3990"}],"wp:term":[{"taxonomy":"product_brand","embeddable":true,"href":"https:\/\/lima.com.tr\/en\/wp-json\/wp\/v2\/product_brand?post=3990"},{"taxonomy":"product_cat","embeddable":true,"href":"https:\/\/lima.com.tr\/en\/wp-json\/wp\/v2\/product_cat?post=3990"},{"taxonomy":"product_tag","embeddable":true,"href":"https:\/\/lima.com.tr\/en\/wp-json\/wp\/v2\/product_tag?post=3990"}],"curies":[{"name":"wp","href":"https:\/\/api.w.org\/{rel}","templated":true}]}}