{"id":3975,"date":"2019-07-09T09:57:40","date_gmt":"2019-07-09T09:57:40","guid":{"rendered":"http:\/\/lima.com.tr\/?post_type=product&#038;p=3975"},"modified":"2019-08-05T11:52:10","modified_gmt":"2019-08-05T11:52:10","slug":"ark-10-u0a2e","status":"publish","type":"product","link":"https:\/\/lima.com.tr\/en\/shop\/endustriyel-bilisim\/box-pc\/atom-celeron-tabanli-box-pc\/ark-10-u0a2e\/","title":{"rendered":"ARK-10-U0A2E"},"content":{"rendered":"<p><strong>Geni\u015fleme Se\u00e7enekleri :<\/strong> 1 x tam-boy mini PCIe slot<\/p>\n<p><strong>\u00c7al\u0131\u015fma S\u0131cakl\u0131\u011f\u0131 :<\/strong> 0 ~ 50\u00b0C\u00a0 (SSD ile)<\/p>\n<p><strong>Depolama S\u0131cakl\u0131\u011f\u0131 :<\/strong> -40 ~ 85 \u00b0C<\/p>\n<p><strong>Nem :<\/strong> 10 ~ 95%<\/p>\n<p><strong>Sertifikalar :<\/strong> CE, FCC Class A, CCC, BSMI, UL,CB<\/p>\n<p><strong>\u0130\u015fletim Sistemi : <\/strong>Windows 7\/8\/10 , WES7, WE8S<\/p>\n<p>&nbsp;<\/p>\n<p>&nbsp;<\/p>","protected":false},"excerpt":{"rendered":"<p>Fans\u0131z End\u00fcstriyel Box PC &#8211; Intel Celeron J1900 CPU , 2xGb LAN, 2 x COM, USB 3.0<\/p>","protected":false},"featured_media":8244,"template":"","meta":[],"product_brand":[],"product_cat":[1656,1670,82,1687,1671,1645,1676,80,1659,39,1642,1684,1673],"product_tag":[45,48,44,46,47],"class_list":{"0":"post-3975","1":"product","2":"type-product","3":"status-publish","4":"has-post-thumbnail","6":"product_cat-akilli-sehir-altyapi","7":"product_cat-altyapi","8":"product_cat-atom-celeron-tabanli-box-pc","9":"product_cat-box-pc-savunma","10":"product_cat-box-pc-altyapi","11":"product_cat-box-pc-guvenlik","12":"product_cat-box-pc-uretim","13":"product_cat-box-pc","14":"product_cat-box-pc-akilli-sehir","15":"product_cat-endustriyel-bilisim","16":"product_cat-guvenlik","17":"product_cat-savunma","18":"product_cat-uretim","19":"product_tag-akilli-sehir","20":"product_tag-altyapi","21":"product_tag-guvenlik","22":"product_tag-savunma","23":"product_tag-uretim","24":"pa_cozumler-ve-urunler-endustriyel-bilisim","25":"pa_depolama-secenekleri-1-x-2-5-ssd","26":"pa_depolama-secenekleri-1-x-hs-msata","27":"pa_gb-lan-2-adet","28":"pa_grafik-cikisi-1-x-vga","29":"pa_guc-girisi-12-vdc","30":"pa_islemci-frekansi-2-0-ghz","31":"pa_islemci-modeli-intel-celeron-j1900-quad-core","32":"pa_islemci-sinifi-intel-atom-celeron","33":"pa_line-ses-cikis-1-adet","34":"pa_mikrofon-giris-1-adet","35":"pa_ram-maks-2-gb","36":"pa_ramtakili-2-gb","37":"pa_rs-232-422-485-2-adet","38":"pa_uretici-advantech","39":"pa_urun-gruplari-box-pc","40":"pa_usb-2-0-2-adet","41":"pa_usb-3-0-1-adet","43":"first","44":"outofstock","45":"shipping-taxable","46":"product-type-variable"},"_links":{"self":[{"href":"https:\/\/lima.com.tr\/en\/wp-json\/wp\/v2\/product\/3975","targetHints":{"allow":["GET"]}}],"collection":[{"href":"https:\/\/lima.com.tr\/en\/wp-json\/wp\/v2\/product"}],"about":[{"href":"https:\/\/lima.com.tr\/en\/wp-json\/wp\/v2\/types\/product"}],"version-history":[{"count":1,"href":"https:\/\/lima.com.tr\/en\/wp-json\/wp\/v2\/product\/3975\/revisions"}],"predecessor-version":[{"id":3977,"href":"https:\/\/lima.com.tr\/en\/wp-json\/wp\/v2\/product\/3975\/revisions\/3977"}],"wp:featuredmedia":[{"embeddable":true,"href":"https:\/\/lima.com.tr\/en\/wp-json\/wp\/v2\/media\/8244"}],"wp:attachment":[{"href":"https:\/\/lima.com.tr\/en\/wp-json\/wp\/v2\/media?parent=3975"}],"wp:term":[{"taxonomy":"product_brand","embeddable":true,"href":"https:\/\/lima.com.tr\/en\/wp-json\/wp\/v2\/product_brand?post=3975"},{"taxonomy":"product_cat","embeddable":true,"href":"https:\/\/lima.com.tr\/en\/wp-json\/wp\/v2\/product_cat?post=3975"},{"taxonomy":"product_tag","embeddable":true,"href":"https:\/\/lima.com.tr\/en\/wp-json\/wp\/v2\/product_tag?post=3975"}],"curies":[{"name":"wp","href":"https:\/\/api.w.org\/{rel}","templated":true}]}}