{"id":3970,"date":"2019-07-09T09:47:14","date_gmt":"2019-07-09T09:47:14","guid":{"rendered":"http:\/\/lima.com.tr\/?post_type=product&#038;p=3970"},"modified":"2019-08-07T06:22:00","modified_gmt":"2019-08-07T06:22:00","slug":"ita-5831-s0a1e","status":"publish","type":"product","link":"https:\/\/lima.com.tr\/en\/shop\/endustriyel-bilisim\/box-pc\/atom-celeron-tabanli-box-pc\/ita-5831-s0a1e\/","title":{"rendered":"ITA-5831-S0A1E"},"content":{"rendered":"<p><strong>Geni\u015fleme Se\u00e7enekleri :<\/strong> 3 x tam-boy mini PCIe (2 x SIM), 3 x ITA-EM<\/p>\n<p><strong>\u00c7al\u0131\u015fma S\u0131cakl\u0131\u011f\u0131 :<\/strong> -40 ~ 70\u00b0C (SSD ile)<\/p>\n<p><strong>Depolama S\u0131cakl\u0131\u011f\u0131 :<\/strong> -40 ~ 85 \u00b0C<\/p>\n<p><strong>Nem :<\/strong> 5 ~ 95% @ 40 \u00b0C<\/p>\n<p><strong>Sertifikalar :<\/strong> CE, FCC Class A, CCC, UL,CB, EN 50155 TX Class S2\/C2, IEC 61373, EN 50121-3-2,EN 50121-4<\/p>\n<p><strong>\u0130\u015fletim Sistemi : <\/strong>Windows 7\/8\/10<\/p>\n<p><strong>DIO : <\/strong>4 x DI + 4 x DO\u00a0(DB9)<\/p>\n<p><strong>Di\u011fer :<\/strong> T\u00fcmle\u015fik 8GB RAM<\/p>\n<p>&nbsp;<\/p>","protected":false},"excerpt":{"rendered":"<p>EN50155 Rayl\u0131 Sistem Fans\u0131z End\u00fcstriyel PC, Intel\u00ae Celeron G3902E CPU, 1 x USB2.0, 2 x USB3.0,\u00a0 3 xGbit Ethernet, 2 x COM , 2 x 2.5&#8243; SSD, 110VDC<\/p>","protected":false},"featured_media":8411,"template":"","meta":[],"product_brand":[],"product_cat":[1656,82,1659,1635,80,1687,1645,39,1642,1684,1626],"product_tag":[45,44,46,43],"class_list":{"0":"post-3970","1":"product","2":"type-product","3":"status-publish","4":"has-post-thumbnail","6":"product_cat-akilli-sehir-altyapi","7":"product_cat-atom-celeron-tabanli-box-pc","8":"product_cat-box-pc-akilli-sehir","9":"product_cat-box-pc-ulasim","10":"product_cat-box-pc","11":"product_cat-box-pc-savunma","12":"product_cat-box-pc-guvenlik","13":"product_cat-endustriyel-bilisim","14":"product_cat-guvenlik","15":"product_cat-savunma","16":"product_cat-ulasim","17":"product_tag-akilli-sehir","18":"product_tag-guvenlik","19":"product_tag-savunma","20":"product_tag-ulasim","21":"pa_cozumler-ve-urunler-endustriyel-bilisim","22":"pa_depolama-secenekleri-1-x-2-5-ssd-opsiyonel","23":"pa_depolama-secenekleri-1-x-msata","24":"pa_depolama-secenekleri-2-x-2-5-ssd-hdd","25":"pa_gb-lan-3-adet","26":"pa_grafik-cikisi-1-x-dvi-i","27":"pa_guc-girisi-110-vdc","28":"pa_islemci-frekansi-1-6-ghz","29":"pa_islemci-modeli-celeron-g3902e-dual-core","30":"pa_islemci-sinifi-intel-atom-celeron","31":"pa_line-ses-cikis-1-adet","32":"pa_mikrofon-giris-1-adet","33":"pa_ram-maks-16-gb","34":"pa_ramtakili-8-gb","35":"pa_rs-232-422-485-2-adet","36":"pa_uretici-advantech","37":"pa_urun-gruplari-box-pc","38":"pa_usb-2-0-1-adet","39":"pa_usb-3-0-2-adet","41":"first","42":"outofstock","43":"shipping-taxable","44":"product-type-variable"},"_links":{"self":[{"href":"https:\/\/lima.com.tr\/en\/wp-json\/wp\/v2\/product\/3970","targetHints":{"allow":["GET"]}}],"collection":[{"href":"https:\/\/lima.com.tr\/en\/wp-json\/wp\/v2\/product"}],"about":[{"href":"https:\/\/lima.com.tr\/en\/wp-json\/wp\/v2\/types\/product"}],"version-history":[{"count":1,"href":"https:\/\/lima.com.tr\/en\/wp-json\/wp\/v2\/product\/3970\/revisions"}],"predecessor-version":[{"id":3973,"href":"https:\/\/lima.com.tr\/en\/wp-json\/wp\/v2\/product\/3970\/revisions\/3973"}],"wp:featuredmedia":[{"embeddable":true,"href":"https:\/\/lima.com.tr\/en\/wp-json\/wp\/v2\/media\/8411"}],"wp:attachment":[{"href":"https:\/\/lima.com.tr\/en\/wp-json\/wp\/v2\/media?parent=3970"}],"wp:term":[{"taxonomy":"product_brand","embeddable":true,"href":"https:\/\/lima.com.tr\/en\/wp-json\/wp\/v2\/product_brand?post=3970"},{"taxonomy":"product_cat","embeddable":true,"href":"https:\/\/lima.com.tr\/en\/wp-json\/wp\/v2\/product_cat?post=3970"},{"taxonomy":"product_tag","embeddable":true,"href":"https:\/\/lima.com.tr\/en\/wp-json\/wp\/v2\/product_tag?post=3970"}],"curies":[{"name":"wp","href":"https:\/\/api.w.org\/{rel}","templated":true}]}}