{"id":3926,"date":"2019-07-09T07:47:22","date_gmt":"2019-07-09T07:47:22","guid":{"rendered":"http:\/\/lima.com.tr\/?post_type=product&#038;p=3926"},"modified":"2019-08-07T06:26:01","modified_gmt":"2019-08-07T06:26:01","slug":"ita-2231-10a1e","status":"publish","type":"product","link":"https:\/\/lima.com.tr\/en\/shop\/endustriyel-bilisim\/box-pc\/core-i-tabanli-box-pc\/ita-2231-10a1e\/","title":{"rendered":"ITA-2231-10A1E"},"content":{"rendered":"<p><strong>Geni\u015fleme Se\u00e7enekleri :<\/strong> 1 x mini PCIe, 1 x PCI104 , 3 x ITA-EM<\/p>\n<p><strong>\u00c7al\u0131\u015fma S\u0131cakl\u0131\u011f\u0131 :<\/strong> -25 ~ 60\u00b0C (SSD ile), 0 ~ 40\u00b0C (HDD ile)<\/p>\n<p><strong>Depolama S\u0131cakl\u0131\u011f\u0131 :<\/strong> -40 ~ 85 \u00b0C<\/p>\n<p><strong>Nem :<\/strong> 10 ~ 95% @ 40 \u00b0C<\/p>\n<p><strong>Sertifikalar :<\/strong> CE, FCC Class A, CCC, UL,CB,EN 50121-4,Level 4 EMS<\/p>\n<p><strong>\u0130\u015fletim Sistemi : <\/strong>Windows 7\/8\/8.1\/10<\/p>\n<p><strong>Y\u00fckseklik :<\/strong> 2U (Rackmount)<\/p>\n<p><strong>Di\u011fer : <\/strong>\u00c7ift (yedekli) g\u00fc\u00e7 kayna\u011f\u0131, 2 ba\u011f\u0131ms\u0131z monit\u00f6r, Programlanabilir WDT , 16GB on-board RAM , RAID 0\/1\/5<\/p>\n<p>&nbsp;<\/p>","protected":false},"excerpt":{"rendered":"<p>EN 50121-4 Fans\u0131z End\u00fcstriyel 2U Rackmount PC, Intel\u00ae Core i7-6822EQ CPU, 3 x USB2.0 , 4 x USB 3.0,\u00a0 2xGbit Ethernet, 2 x COM , 3 x ITA-EM , RAID 0\/1\/5, \u00c7ift (yedekli) g\u00fc\u00e7 kayna\u011f\u0131, 100~240VAC veya 110VDC<\/p>","protected":false},"featured_media":8413,"template":"","meta":[],"product_brand":[],"product_cat":[1656,1659,1635,80,1687,1645,83,39,1642,1684,1626],"product_tag":[45,44,46,43],"class_list":{"0":"post-3926","1":"product","2":"type-product","3":"status-publish","4":"has-post-thumbnail","6":"product_cat-akilli-sehir-altyapi","7":"product_cat-box-pc-akilli-sehir","8":"product_cat-box-pc-ulasim","9":"product_cat-box-pc","10":"product_cat-box-pc-savunma","11":"product_cat-box-pc-guvenlik","12":"product_cat-core-i-tabanli-box-pc","13":"product_cat-endustriyel-bilisim","14":"product_cat-guvenlik","15":"product_cat-savunma","16":"product_cat-ulasim","17":"product_tag-akilli-sehir","18":"product_tag-guvenlik","19":"product_tag-savunma","20":"product_tag-ulasim","21":"pa_cozumler-ve-urunler-endustriyel-bilisim","22":"pa_depolama-secenekleri-1-x-3-5-sata-veya-2-x-2-5-sata","23":"pa_depolama-secenekleri-1-x-m-2","24":"pa_gb-lan-2-adet","25":"pa_grafik-cikisi-1-x-dvi-d","26":"pa_grafik-cikisi-1-x-dvi-i","27":"pa_guc-girisi-100-240vac-veya-110vdc","28":"pa_islemci-frekansi-2-0-ghz","29":"pa_islemci-modeli-intel-core-i7-6822eq","30":"pa_islemci-sinifi-intel-core-i","31":"pa_line-ses-cikis-1-adet","32":"pa_mikrofon-giris-1-adet","33":"pa_ram-maks-32-gb","34":"pa_ramtakili-16-gb","35":"pa_rs-232-422-485-2-adet","36":"pa_uretici-advantech","37":"pa_urun-gruplari-box-pc","38":"pa_usb-2-0-3-adet","39":"pa_usb-3-0-4-adet","41":"first","42":"outofstock","43":"shipping-taxable","44":"product-type-variable"},"_links":{"self":[{"href":"https:\/\/lima.com.tr\/en\/wp-json\/wp\/v2\/product\/3926","targetHints":{"allow":["GET"]}}],"collection":[{"href":"https:\/\/lima.com.tr\/en\/wp-json\/wp\/v2\/product"}],"about":[{"href":"https:\/\/lima.com.tr\/en\/wp-json\/wp\/v2\/types\/product"}],"version-history":[{"count":1,"href":"https:\/\/lima.com.tr\/en\/wp-json\/wp\/v2\/product\/3926\/revisions"}],"predecessor-version":[{"id":3927,"href":"https:\/\/lima.com.tr\/en\/wp-json\/wp\/v2\/product\/3926\/revisions\/3927"}],"wp:featuredmedia":[{"embeddable":true,"href":"https:\/\/lima.com.tr\/en\/wp-json\/wp\/v2\/media\/8413"}],"wp:attachment":[{"href":"https:\/\/lima.com.tr\/en\/wp-json\/wp\/v2\/media?parent=3926"}],"wp:term":[{"taxonomy":"product_brand","embeddable":true,"href":"https:\/\/lima.com.tr\/en\/wp-json\/wp\/v2\/product_brand?post=3926"},{"taxonomy":"product_cat","embeddable":true,"href":"https:\/\/lima.com.tr\/en\/wp-json\/wp\/v2\/product_cat?post=3926"},{"taxonomy":"product_tag","embeddable":true,"href":"https:\/\/lima.com.tr\/en\/wp-json\/wp\/v2\/product_tag?post=3926"}],"curies":[{"name":"wp","href":"https:\/\/api.w.org\/{rel}","templated":true}]}}