{"id":3902,"date":"2019-07-09T05:52:35","date_gmt":"2019-07-09T05:52:35","guid":{"rendered":"http:\/\/lima.com.tr\/?post_type=product&#038;p=3902"},"modified":"2019-08-07T06:27:45","modified_gmt":"2019-08-07T06:27:45","slug":"ita-5730-10a1e","status":"publish","type":"product","link":"https:\/\/lima.com.tr\/en\/shop\/endustriyel-bilisim\/box-pc\/core-i-tabanli-box-pc\/ita-5730-10a1e\/","title":{"rendered":"ITA-5730-10A1E"},"content":{"rendered":"<p><strong>Geni\u015fleme Se\u00e7enekleri :<\/strong> 1 x tam-boy mini PCIe , 1 x yar\u0131m-boy mini PCIe, 1x PCI<\/p>\n<p><strong>\u00c7al\u0131\u015fma S\u0131cakl\u0131\u011f\u0131 :<\/strong> -40 ~ 70\u00b0C (SSD ile)<\/p>\n<p><strong>Depolama S\u0131cakl\u0131\u011f\u0131 :<\/strong> -40 ~ 85 \u00b0C<\/p>\n<p><strong>Nem :<\/strong> 5 ~ 95% @ 40 \u00b0C<\/p>\n<p><strong>Sertifikalar :<\/strong> CE, FCC Class A, CCC, UL,CB, EN 50155 TX Class S2\/C1, IEC 61373, EN 50121-3-2<\/p>\n<p><strong>\u0130\u015fletim Sistemi : <\/strong>Windows XP\/XPe\/7 , Redhat Linux<\/p>\n<p><strong>DIO : <\/strong>8-kanal (DB9)<\/p>\n<p><strong>Di\u011fer :<\/strong> T\u00fcmle\u015fik 4GB RAM , 2 ba\u011f\u0131ms\u0131z monit\u00f6r, Opsiyonel 48\/72\/110 V DC<\/p>\n<p>&nbsp;<\/p>","protected":false},"excerpt":{"rendered":"<p>EN50155 Rayl\u0131 Sistem Fans\u0131z End\u00fcstriyel PC, Intel\u00ae Core i3-3217UE CPU, 6 x USB2.0, 2 x USB3.0,\u00a0 3 xGbit Ethernet, 2 x COM , 2 ba\u011f\u0131ms\u0131z monit\u00f6r<\/p>","protected":false},"featured_media":8415,"template":"","meta":[],"product_brand":[],"product_cat":[1656,1687,1659,1676,80,1645,83,39,1642,1684,1673],"product_tag":[45,44,46,43],"class_list":{"0":"post-3902","1":"product","2":"type-product","3":"status-publish","4":"has-post-thumbnail","6":"product_cat-akilli-sehir-altyapi","7":"product_cat-box-pc-savunma","8":"product_cat-box-pc-akilli-sehir","9":"product_cat-box-pc-uretim","10":"product_cat-box-pc","11":"product_cat-box-pc-guvenlik","12":"product_cat-core-i-tabanli-box-pc","13":"product_cat-endustriyel-bilisim","14":"product_cat-guvenlik","15":"product_cat-savunma","16":"product_cat-uretim","17":"product_tag-akilli-sehir","18":"product_tag-guvenlik","19":"product_tag-savunma","20":"product_tag-ulasim","21":"pa_cozumler-ve-urunler-endustriyel-bilisim","22":"pa_depolama-secenekleri-1-x-2-5-ssd","23":"pa_depolama-secenekleri-1-x-cf-satadom","24":"pa_depolama-secenekleri-1-x-msata","25":"pa_gb-lan-3-adet","26":"pa_grafik-cikisi-1-x-hdmi","27":"pa_grafik-cikisi-1-x-vga","28":"pa_guc-girisi-24-vdc","29":"pa_islemci-frekansi-1-6-ghz","30":"pa_islemci-modeli-intel-core-i3-3217ue-dual-core","31":"pa_islemci-sinifi-intel-core-i","32":"pa_line-ses-cikis-1-adet","33":"pa_mikrofon-giris-1-adet","34":"pa_ram-maks-4-gb","35":"pa_ramtakili-4-gb","36":"pa_rs-232-422-485-2-adet","37":"pa_uretici-advantech","38":"pa_urun-gruplari-box-pc","39":"pa_usb-2-0-6-adet","40":"pa_usb-3-0-2-adet","42":"first","43":"outofstock","44":"shipping-taxable","45":"product-type-variable"},"_links":{"self":[{"href":"https:\/\/lima.com.tr\/en\/wp-json\/wp\/v2\/product\/3902","targetHints":{"allow":["GET"]}}],"collection":[{"href":"https:\/\/lima.com.tr\/en\/wp-json\/wp\/v2\/product"}],"about":[{"href":"https:\/\/lima.com.tr\/en\/wp-json\/wp\/v2\/types\/product"}],"version-history":[{"count":2,"href":"https:\/\/lima.com.tr\/en\/wp-json\/wp\/v2\/product\/3902\/revisions"}],"predecessor-version":[{"id":7741,"href":"https:\/\/lima.com.tr\/en\/wp-json\/wp\/v2\/product\/3902\/revisions\/7741"}],"wp:featuredmedia":[{"embeddable":true,"href":"https:\/\/lima.com.tr\/en\/wp-json\/wp\/v2\/media\/8415"}],"wp:attachment":[{"href":"https:\/\/lima.com.tr\/en\/wp-json\/wp\/v2\/media?parent=3902"}],"wp:term":[{"taxonomy":"product_brand","embeddable":true,"href":"https:\/\/lima.com.tr\/en\/wp-json\/wp\/v2\/product_brand?post=3902"},{"taxonomy":"product_cat","embeddable":true,"href":"https:\/\/lima.com.tr\/en\/wp-json\/wp\/v2\/product_cat?post=3902"},{"taxonomy":"product_tag","embeddable":true,"href":"https:\/\/lima.com.tr\/en\/wp-json\/wp\/v2\/product_tag?post=3902"}],"curies":[{"name":"wp","href":"https:\/\/api.w.org\/{rel}","templated":true}]}}