{"id":3896,"date":"2019-07-09T05:35:52","date_gmt":"2019-07-09T05:35:52","guid":{"rendered":"http:\/\/lima.com.tr\/?post_type=product&#038;p=3896"},"modified":"2019-08-07T06:28:12","modified_gmt":"2019-08-07T06:28:12","slug":"ita-5710-00a1e","status":"publish","type":"product","link":"https:\/\/lima.com.tr\/en\/shop\/endustriyel-bilisim\/box-pc\/atom-celeron-tabanli-box-pc\/ita-5710-00a1e\/","title":{"rendered":"ITA-5710-00A1E"},"content":{"rendered":"<p><strong>Geni\u015fleme Se\u00e7enekleri :<\/strong> 1 x tam-boy mini PCIe , 1 x yar\u0131m-boy mini PCIe, 1x PCI<\/p>\n<p><strong>\u00c7al\u0131\u015fma S\u0131cakl\u0131\u011f\u0131 :<\/strong> -40 ~ 70\u00b0C (SSD ile)<\/p>\n<p><strong>Depolama S\u0131cakl\u0131\u011f\u0131 :<\/strong> -40 ~ 85 \u00b0C<\/p>\n<p><strong>Nem :<\/strong> 5 ~ 95% @ 40 \u00b0C<\/p>\n<p><strong>Sertifikalar :<\/strong> CE, FCC Class A, CCC, UL,CB, EN 50155 TX Class S2\/C1, IEC 61373, EN 50121-3-2<\/p>\n<p><strong>\u0130\u015fletim Sistemi : <\/strong>Windows XP\/7<\/p>\n<p><strong>DIO : <\/strong>8-kanal (DB9)<\/p>\n<p><strong>Di\u011fer :<\/strong> T\u00fcmle\u015fik 2GB RAM , 2 ba\u011f\u0131ms\u0131z monit\u00f6r, Opsiyonel 48\/72\/110 V DC<\/p>\n<p>&nbsp;<\/p>","protected":false},"excerpt":{"rendered":"<p>EN50155 Rayl\u0131 Sistem Fans\u0131z End\u00fcstriyel PC, Intel\u00ae Atom D525 CPU, 8 x USB2.0,2 xGbit Ethernet, 2 x COM , 2 ba\u011f\u0131ms\u0131z monit\u00f6r<\/p>","protected":false},"featured_media":8416,"template":"","meta":[],"product_brand":[],"product_cat":[82,80,39],"product_tag":[45,44,46,43],"class_list":{"0":"post-3896","1":"product","2":"type-product","3":"status-publish","4":"has-post-thumbnail","6":"product_cat-atom-celeron-tabanli-box-pc","7":"product_cat-box-pc","8":"product_cat-endustriyel-bilisim","9":"product_tag-akilli-sehir","10":"product_tag-guvenlik","11":"product_tag-savunma","12":"product_tag-ulasim","13":"pa_cozumler-ve-urunler-endustriyel-bilisim","14":"pa_depolama-secenekleri-1-x-2-5-ssd","15":"pa_depolama-secenekleri-1-x-cf","16":"pa_depolama-secenekleri-1-x-cf-satadom","17":"pa_gb-lan-2-adet","18":"pa_grafik-cikisi-1-x-lvds","19":"pa_grafik-cikisi-2-x-vga","20":"pa_guc-girisi-24-vdc","21":"pa_islemci-frekansi-1-80-ghz","22":"pa_islemci-modeli-intel-atom-d525-processor-dual-core","23":"pa_islemci-sinifi-intel-atom-celeron","24":"pa_line-ses-cikis-1-adet","25":"pa_mikrofon-giris-1-adet","26":"pa_ram-maks-2-gb","27":"pa_ramtakili-2-gb","28":"pa_rs-232-422-485-2-adet","29":"pa_uretici-advantech","30":"pa_urun-gruplari-box-pc","31":"pa_usb-2-0-8-adet","33":"first","34":"outofstock","35":"shipping-taxable","36":"product-type-variable"},"_links":{"self":[{"href":"https:\/\/lima.com.tr\/en\/wp-json\/wp\/v2\/product\/3896","targetHints":{"allow":["GET"]}}],"collection":[{"href":"https:\/\/lima.com.tr\/en\/wp-json\/wp\/v2\/product"}],"about":[{"href":"https:\/\/lima.com.tr\/en\/wp-json\/wp\/v2\/types\/product"}],"version-history":[{"count":1,"href":"https:\/\/lima.com.tr\/en\/wp-json\/wp\/v2\/product\/3896\/revisions"}],"predecessor-version":[{"id":3898,"href":"https:\/\/lima.com.tr\/en\/wp-json\/wp\/v2\/product\/3896\/revisions\/3898"}],"wp:featuredmedia":[{"embeddable":true,"href":"https:\/\/lima.com.tr\/en\/wp-json\/wp\/v2\/media\/8416"}],"wp:attachment":[{"href":"https:\/\/lima.com.tr\/en\/wp-json\/wp\/v2\/media?parent=3896"}],"wp:term":[{"taxonomy":"product_brand","embeddable":true,"href":"https:\/\/lima.com.tr\/en\/wp-json\/wp\/v2\/product_brand?post=3896"},{"taxonomy":"product_cat","embeddable":true,"href":"https:\/\/lima.com.tr\/en\/wp-json\/wp\/v2\/product_cat?post=3896"},{"taxonomy":"product_tag","embeddable":true,"href":"https:\/\/lima.com.tr\/en\/wp-json\/wp\/v2\/product_tag?post=3896"}],"curies":[{"name":"wp","href":"https:\/\/api.w.org\/{rel}","templated":true}]}}