{"id":3871,"date":"2019-07-08T14:43:24","date_gmt":"2019-07-08T14:43:24","guid":{"rendered":"http:\/\/lima.com.tr\/?post_type=product&#038;p=3871"},"modified":"2019-08-07T06:29:17","modified_gmt":"2019-08-07T06:29:17","slug":"ita-3630-00a1e","status":"publish","type":"product","link":"https:\/\/lima.com.tr\/en\/shop\/endustriyel-bilisim\/box-pc\/core-i-tabanli-box-pc\/ita-3630-00a1e\/","title":{"rendered":"ITA-3630-00A1E"},"content":{"rendered":"<p><strong>Geni\u015fleme Se\u00e7enekleri :<\/strong> 1 x mini PCIe , 1 x 204-pin SODIMM<\/p>\n<p><strong>\u00c7al\u0131\u015fma S\u0131cakl\u0131\u011f\u0131 :<\/strong> -25 ~ 60\u00b0C (SSD ile), 0 ~ 40\u00b0C (HDD ile)<\/p>\n<p><strong>Depolama S\u0131cakl\u0131\u011f\u0131 :<\/strong> -40 ~ 85 \u00b0C<\/p>\n<p><strong>Nem :<\/strong> 20 ~ 95% @ 40 \u00b0C<\/p>\n<p><strong>Sertifikalar :<\/strong> CE, FCC Class A, CCC, UL,CB,BSMI<\/p>\n<p><strong>\u0130\u015fletim Sistemi : <\/strong>Windows XP\/7\/8<\/p>\n<p><strong>DIO : <\/strong>8-Channel<\/p>\n<p><strong>Di\u011fer :<\/strong> T\u00fcmle\u015fik 4GB RAM , Programlanabilir WDT, 3 ba\u011f\u0131ms\u0131z monit\u00f6r<\/p>\n<p>*RAM eklenmesi durumunda sadece 1 x 2.5&#8243; SSD\/HDD kullan\u0131labilir.<\/p>","protected":false},"excerpt":{"rendered":"<p>Fans\u0131z End\u00fcstriyel PC, Intel\u00ae Core i5-3610ME CPU, 4 x USB2.0, 2 x USB3.0, 2 xGbit Ethernet, 2 x COM , 3 ba\u011f\u0131ms\u0131z monit\u00f6r<\/p>","protected":false},"featured_media":8417,"template":"","meta":[],"product_brand":[],"product_cat":[1656,1659,1635,1687,1645,80,83,39,1642,1684,1626],"product_tag":[45,44,46,43],"class_list":{"0":"post-3871","1":"product","2":"type-product","3":"status-publish","4":"has-post-thumbnail","6":"product_cat-akilli-sehir-altyapi","7":"product_cat-box-pc-akilli-sehir","8":"product_cat-box-pc-ulasim","9":"product_cat-box-pc-savunma","10":"product_cat-box-pc-guvenlik","11":"product_cat-box-pc","12":"product_cat-core-i-tabanli-box-pc","13":"product_cat-endustriyel-bilisim","14":"product_cat-guvenlik","15":"product_cat-savunma","16":"product_cat-ulasim","17":"product_tag-akilli-sehir","18":"product_tag-guvenlik","19":"product_tag-savunma","20":"product_tag-ulasim","21":"pa_cozumler-ve-urunler-endustriyel-bilisim","22":"pa_depolama-secenekleri-1-x-msata","23":"pa_depolama-secenekleri-2-x-2-5-ssd-hdd","24":"pa_gb-lan-2-adet","25":"pa_grafik-cikisi-1-x-hdmi","26":"pa_grafik-cikisi-1-x-lvds","27":"pa_grafik-cikisi-1-x-vga","28":"pa_grafik-cikisi-1x-edp","29":"pa_guc-girisi-9-36-vdc","30":"pa_islemci-frekansi-2-7-ghz","31":"pa_islemci-modeli-intel-core-i5-3610me","32":"pa_islemci-sinifi-intel-core-i","33":"pa_line-ses-cikis-1-adet","34":"pa_mikrofon-giris-1-adet","35":"pa_ram-maks-12-gb","36":"pa_ramtakili-4-gb","37":"pa_rs-232-422-485-2-adet","38":"pa_uretici-advantech","39":"pa_urun-gruplari-box-pc","40":"pa_usb-2-0-4-adet","41":"pa_usb-3-0-2-adet","43":"first","44":"outofstock","45":"shipping-taxable","46":"product-type-variable"},"_links":{"self":[{"href":"https:\/\/lima.com.tr\/en\/wp-json\/wp\/v2\/product\/3871","targetHints":{"allow":["GET"]}}],"collection":[{"href":"https:\/\/lima.com.tr\/en\/wp-json\/wp\/v2\/product"}],"about":[{"href":"https:\/\/lima.com.tr\/en\/wp-json\/wp\/v2\/types\/product"}],"version-history":[{"count":4,"href":"https:\/\/lima.com.tr\/en\/wp-json\/wp\/v2\/product\/3871\/revisions"}],"predecessor-version":[{"id":3889,"href":"https:\/\/lima.com.tr\/en\/wp-json\/wp\/v2\/product\/3871\/revisions\/3889"}],"wp:featuredmedia":[{"embeddable":true,"href":"https:\/\/lima.com.tr\/en\/wp-json\/wp\/v2\/media\/8417"}],"wp:attachment":[{"href":"https:\/\/lima.com.tr\/en\/wp-json\/wp\/v2\/media?parent=3871"}],"wp:term":[{"taxonomy":"product_brand","embeddable":true,"href":"https:\/\/lima.com.tr\/en\/wp-json\/wp\/v2\/product_brand?post=3871"},{"taxonomy":"product_cat","embeddable":true,"href":"https:\/\/lima.com.tr\/en\/wp-json\/wp\/v2\/product_cat?post=3871"},{"taxonomy":"product_tag","embeddable":true,"href":"https:\/\/lima.com.tr\/en\/wp-json\/wp\/v2\/product_tag?post=3871"}],"curies":[{"name":"wp","href":"https:\/\/api.w.org\/{rel}","templated":true}]}}