{"id":3864,"date":"2019-07-08T14:31:43","date_gmt":"2019-07-08T14:31:43","guid":{"rendered":"http:\/\/lima.com.tr\/?post_type=product&#038;p=3864"},"modified":"2019-08-09T15:45:48","modified_gmt":"2019-08-09T15:45:48","slug":"ita-2230-30a1e","status":"publish","type":"product","link":"https:\/\/lima.com.tr\/en\/shop\/endustriyel-bilisim\/box-pc\/atom-celeron-tabanli-box-pc\/ita-2230-30a1e\/","title":{"rendered":"ITA-2230-30A1E"},"content":{"rendered":"<p><strong>Geni\u015fleme Se\u00e7enekleri :<\/strong> 1 x mini PCIe, 3 x ITAM,1 x PC104+<\/p>\n<p><strong>\u00c7al\u0131\u015fma S\u0131cakl\u0131\u011f\u0131 :<\/strong> -25 ~ 60\u00b0C (SSD ile), 0 ~ 40\u00b0C (HDD ile)<\/p>\n<p><strong>Depolama S\u0131cakl\u0131\u011f\u0131 :<\/strong> -40 ~ 85 \u00b0C<\/p>\n<p><strong>Nem :<\/strong> 10 ~ 95% @ 40 \u00b0C<\/p>\n<p><strong>Sertifikalar :<\/strong> CE, FCC Class A, CCC, UL,CB,EN 50121-4,Level 4 EMS<\/p>\n<p><strong>\u0130\u015fletim Sistemi : <\/strong>Windows XP\/7<\/p>\n<p><strong>DIO : <\/strong>8-kanal TTL<\/p>\n<p><strong>Y\u00fckseklik :<\/strong> 2U (Rackmount)<\/p>\n<p><strong>Di\u011fer :<\/strong> \u00c7ift (yedekli) g\u00fc\u00e7 giri\u015fi (korumal\u0131)<\/p>","protected":false},"excerpt":{"rendered":"<p>Fans\u0131z End\u00fcstriyel 2U Rackmount PC, Intel\u00ae Atom D525 CPU, 8 x USB2.0 ,2 xGbit Ethernet, 2 x COM, \u00e7ift g\u00fc\u00e7 mod\u00fcl\u00fc (korumal\u0131)<\/p>","protected":false},"featured_media":8418,"template":"","meta":[],"product_brand":[],"product_cat":[1656,82,1659,1635,80,1687,1645,39,1642,1684,1626],"product_tag":[45,44,46,43],"class_list":{"0":"post-3864","1":"product","2":"type-product","3":"status-publish","4":"has-post-thumbnail","6":"product_cat-akilli-sehir-altyapi","7":"product_cat-atom-celeron-tabanli-box-pc","8":"product_cat-box-pc-akilli-sehir","9":"product_cat-box-pc-ulasim","10":"product_cat-box-pc","11":"product_cat-box-pc-savunma","12":"product_cat-box-pc-guvenlik","13":"product_cat-endustriyel-bilisim","14":"product_cat-guvenlik","15":"product_cat-savunma","16":"product_cat-ulasim","17":"product_tag-akilli-sehir","18":"product_tag-guvenlik","19":"product_tag-savunma","20":"product_tag-ulasim","21":"pa_depolama-secenekleri-1-x-3-5-sata-veya-2-x-2-5-sata","22":"pa_depolama-secenekleri-1-x-cf","23":"pa_gb-lan-2-adet","24":"pa_grafik-cikisi-2-x-vga","25":"pa_guc-girisi-100-240vac-veya-110vdc","26":"pa_islemci-frekansi-1-80-ghz","27":"pa_islemci-modeli-intel-atom-d525-processor-dual-core","28":"pa_islemci-sinifi-intel-atom-celeron","29":"pa_line-ses-cikis-1-adet","30":"pa_mikrofon-giris-1-adet","31":"pa_ram-maks-2-gb","32":"pa_ramtakili-2-gb","33":"pa_rs-232-422-485-2-adet","34":"pa_uretici-advantech","35":"pa_usb-2-0-8-adet","37":"first","38":"outofstock","39":"shipping-taxable","40":"product-type-variable"},"_links":{"self":[{"href":"https:\/\/lima.com.tr\/en\/wp-json\/wp\/v2\/product\/3864","targetHints":{"allow":["GET"]}}],"collection":[{"href":"https:\/\/lima.com.tr\/en\/wp-json\/wp\/v2\/product"}],"about":[{"href":"https:\/\/lima.com.tr\/en\/wp-json\/wp\/v2\/types\/product"}],"version-history":[{"count":2,"href":"https:\/\/lima.com.tr\/en\/wp-json\/wp\/v2\/product\/3864\/revisions"}],"predecessor-version":[{"id":3874,"href":"https:\/\/lima.com.tr\/en\/wp-json\/wp\/v2\/product\/3864\/revisions\/3874"}],"wp:featuredmedia":[{"embeddable":true,"href":"https:\/\/lima.com.tr\/en\/wp-json\/wp\/v2\/media\/8418"}],"wp:attachment":[{"href":"https:\/\/lima.com.tr\/en\/wp-json\/wp\/v2\/media?parent=3864"}],"wp:term":[{"taxonomy":"product_brand","embeddable":true,"href":"https:\/\/lima.com.tr\/en\/wp-json\/wp\/v2\/product_brand?post=3864"},{"taxonomy":"product_cat","embeddable":true,"href":"https:\/\/lima.com.tr\/en\/wp-json\/wp\/v2\/product_cat?post=3864"},{"taxonomy":"product_tag","embeddable":true,"href":"https:\/\/lima.com.tr\/en\/wp-json\/wp\/v2\/product_tag?post=3864"}],"curies":[{"name":"wp","href":"https:\/\/api.w.org\/{rel}","templated":true}]}}