{"id":3856,"date":"2019-07-08T14:20:38","date_gmt":"2019-07-08T14:20:38","guid":{"rendered":"http:\/\/lima.com.tr\/?post_type=product&#038;p=3856"},"modified":"2019-08-07T06:30:58","modified_gmt":"2019-08-07T06:30:58","slug":"ita-2230-00a1e","status":"publish","type":"product","link":"https:\/\/lima.com.tr\/en\/shop\/endustriyel-bilisim\/box-pc\/core-i-tabanli-box-pc\/ita-2230-00a1e\/","title":{"rendered":"ITA-2230-00A1E"},"content":{"rendered":"<p><strong>Geni\u015fleme Se\u00e7enekleri :<\/strong> 1 x mini PCIe, 3 x ITAM,1 x PC104+ , 1 x eDP (opsiyonel)<\/p>\n<p><strong>\u00c7al\u0131\u015fma S\u0131cakl\u0131\u011f\u0131 :<\/strong> -25 ~ 60\u00b0C (SSD ile), 0 ~ 40\u00b0C (HDD ile)<\/p>\n<p><strong>Depolama S\u0131cakl\u0131\u011f\u0131 :<\/strong> -40 ~ 85 \u00b0C<\/p>\n<p><strong>Nem :<\/strong> 10 ~ 95% @ 40 \u00b0C<\/p>\n<p><strong>Sertifikalar :<\/strong> CE, FCC Class A, CCC, UL,CB,EN 50121-4,Level 4 EMS<\/p>\n<p><strong>\u0130\u015fletim Sistemi : <\/strong>Windows XP\/7\/8<\/p>\n<p><strong>DIO : <\/strong>8-kanal TTL<\/p>\n<p><strong>Y\u00fckseklik :<\/strong> 2U (Rackmount)<\/p>\n<p><strong>Di\u011fer :<\/strong> T\u00fcmle\u015fik 4GB RAM<\/p>","protected":false},"excerpt":{"rendered":"<p>Fans\u0131z End\u00fcstriyel 2U Rackmount PC, Intel\u00ae Core i7-3555LE CPU, 4 x USB2.0, 4 x USB3.0, 2 xGbit Ethernet, 2 x COM<\/p>","protected":false},"featured_media":8418,"template":"","meta":[],"product_brand":[],"product_cat":[1656,1635,80,1687,1645,1659,83,39,1642,1684,1626],"product_tag":[45,44,46,43],"class_list":{"0":"post-3856","1":"product","2":"type-product","3":"status-publish","4":"has-post-thumbnail","6":"product_cat-akilli-sehir-altyapi","7":"product_cat-box-pc-ulasim","8":"product_cat-box-pc","9":"product_cat-box-pc-savunma","10":"product_cat-box-pc-guvenlik","11":"product_cat-box-pc-akilli-sehir","12":"product_cat-core-i-tabanli-box-pc","13":"product_cat-endustriyel-bilisim","14":"product_cat-guvenlik","15":"product_cat-savunma","16":"product_cat-ulasim","17":"product_tag-akilli-sehir","18":"product_tag-guvenlik","19":"product_tag-savunma","20":"product_tag-ulasim","21":"pa_cozumler-ve-urunler-endustriyel-bilisim","22":"pa_depolama-secenekleri-1-x-3-5-sata-veya-2-x-2-5-sata","23":"pa_depolama-secenekleri-1-x-msata","24":"pa_gb-lan-2-adet","25":"pa_grafik-cikisi-1-x-hdmi","26":"pa_grafik-cikisi-1-x-vga","27":"pa_guc-girisi-100-240vac-veya-110vdc","28":"pa_islemci-frekansi-2-5-ghz","29":"pa_islemci-modeli-intel-core-i7-3555le","30":"pa_islemci-sinifi-intel-core-i","31":"pa_line-ses-cikis-1-adet","32":"pa_mikrofon-giris-1-adet","33":"pa_ram-maks-4-gb","34":"pa_ramtakili-4-gb","35":"pa_rs-232-422-485-2-adet","36":"pa_uretici-advantech","37":"pa_urun-gruplari-box-pc","38":"pa_usb-2-0-4-adet","39":"pa_usb-3-0-4-adet","41":"first","42":"outofstock","43":"shipping-taxable","44":"product-type-variable"},"_links":{"self":[{"href":"https:\/\/lima.com.tr\/en\/wp-json\/wp\/v2\/product\/3856","targetHints":{"allow":["GET"]}}],"collection":[{"href":"https:\/\/lima.com.tr\/en\/wp-json\/wp\/v2\/product"}],"about":[{"href":"https:\/\/lima.com.tr\/en\/wp-json\/wp\/v2\/types\/product"}],"version-history":[{"count":5,"href":"https:\/\/lima.com.tr\/en\/wp-json\/wp\/v2\/product\/3856\/revisions"}],"predecessor-version":[{"id":7748,"href":"https:\/\/lima.com.tr\/en\/wp-json\/wp\/v2\/product\/3856\/revisions\/7748"}],"wp:featuredmedia":[{"embeddable":true,"href":"https:\/\/lima.com.tr\/en\/wp-json\/wp\/v2\/media\/8418"}],"wp:attachment":[{"href":"https:\/\/lima.com.tr\/en\/wp-json\/wp\/v2\/media?parent=3856"}],"wp:term":[{"taxonomy":"product_brand","embeddable":true,"href":"https:\/\/lima.com.tr\/en\/wp-json\/wp\/v2\/product_brand?post=3856"},{"taxonomy":"product_cat","embeddable":true,"href":"https:\/\/lima.com.tr\/en\/wp-json\/wp\/v2\/product_cat?post=3856"},{"taxonomy":"product_tag","embeddable":true,"href":"https:\/\/lima.com.tr\/en\/wp-json\/wp\/v2\/product_tag?post=3856"}],"curies":[{"name":"wp","href":"https:\/\/api.w.org\/{rel}","templated":true}]}}