{"id":3846,"date":"2019-07-08T14:05:08","date_gmt":"2019-07-08T14:05:08","guid":{"rendered":"http:\/\/lima.com.tr\/?post_type=product&#038;p=3846"},"modified":"2019-08-05T12:35:34","modified_gmt":"2019-08-05T12:35:34","slug":"ars-2620-30a1e","status":"publish","type":"product","link":"https:\/\/lima.com.tr\/en\/shop\/endustriyel-bilisim\/box-pc\/core-i-tabanli-box-pc\/ars-2620-30a1e\/","title":{"rendered":"ARS-2620-30A1E"},"content":{"rendered":"<p><strong>Geni\u015fleme Se\u00e7enekleri :<\/strong> CAN Bus, Izole Serial Port, Izole MVB Portu,\u00a0 1 x 2.5\u201d SSD + 3DI\/3DO slotu<\/p>\n<p><strong>T\u00fcmle\u015fik Fonksiyonlar:<\/strong><\/p>\n<p style=\"margin: 0in; margin-bottom: .0001pt;\"><strong><u>GPS :<\/u><\/strong> Opsiyonel<\/p>\n<p style=\"margin: 0in; margin-bottom: .0001pt;\"><strong><u>Wifi :<\/u><\/strong> Opsiyonel<\/p>\n<p style=\"margin: 0in; margin-bottom: .0001pt;\"><strong><u>LTE :<\/u><\/strong> 2 x Micro SIM slotlu H\u00fccresel A\u011f Mod\u00fcl\u00fc (Opsiyonel)<\/p>\n<p><strong>\u00c7al\u0131\u015fma S\u0131cakl\u0131\u011f\u0131 :<\/strong> -40 ~ 70\u00b0C\u00a0 (10 dakika boyunca +85 \u00b0C)<\/p>\n<p><strong>Depolama S\u0131cakl\u0131\u011f\u0131 : <\/strong>-40 ~ 85\u00b0C<\/p>\n<p><strong>Nem :<\/strong> 10 ~ 95% @40C<\/p>\n<p><strong>Sertifikalar :<\/strong> CE, FCC Class A, UL, EN50155, EN50121, IEC61373, EN45545 (JIS E 5006 uyumlu), MIL-STD-810G<\/p>\n<p><strong>\u0130\u015fletim Sistemi :<\/strong>Windows 8.1, Windows 8 Embedded, Windows 10, Linux 3.x<\/p>\n<p><strong>DIO :<\/strong>\u00a0 4 x DI + 4 x DO<\/p>\n<p><strong>Di\u011fer :<\/strong> T\u00fcmle\u015fik 8GB RAM, 32GB mSATA<\/p>\n<p>&nbsp;<\/p>\n<p>&nbsp;<\/p>\n<p>&nbsp;<\/p>","protected":false},"excerpt":{"rendered":"<p>EN50155 Rayl\u0131 Sistem Fans\u0131z Box PC , Intel Core i7-6600U CPU, 4 x Gb PoE + 2 x Gb LAN ,72VDC<\/p>","protected":false},"featured_media":8298,"template":"","meta":[],"product_brand":[],"product_cat":[1656,1635,80,1687,1645,1659,83,39,1642,1684,1626],"product_tag":[45,44,46,43],"class_list":{"0":"post-3846","1":"product","2":"type-product","3":"status-publish","4":"has-post-thumbnail","6":"product_cat-akilli-sehir-altyapi","7":"product_cat-box-pc-ulasim","8":"product_cat-box-pc","9":"product_cat-box-pc-savunma","10":"product_cat-box-pc-guvenlik","11":"product_cat-box-pc-akilli-sehir","12":"product_cat-core-i-tabanli-box-pc","13":"product_cat-endustriyel-bilisim","14":"product_cat-guvenlik","15":"product_cat-savunma","16":"product_cat-ulasim","17":"product_tag-akilli-sehir","18":"product_tag-guvenlik","19":"product_tag-savunma","20":"product_tag-ulasim","21":"pa_cozumler-ve-urunler-endustriyel-bilisim","22":"pa_depolama-secenekleri-1-x-2-5-ssd-opsiyonel","23":"pa_depolama-secenekleri-1-x-msata","24":"pa_gb-lan-2-adet","25":"pa_gb-lan-poe-4-adet","26":"pa_grafik-cikisi-2-x-dvi-d","27":"pa_guc-girisi-72-vdc","28":"pa_islemci-frekansi-2-6-ghz","29":"pa_islemci-modeli-intel-core-i7-6600u","30":"pa_islemci-sinifi-intel-core-i","31":"pa_line-ses-cikis-1-adet","32":"pa_mikrofon-giris-1-adet","33":"pa_ram-maks-16-gb","34":"pa_ramtakili-8-gb","35":"pa_rs-232-422-485-2-adet","36":"pa_uretici-advantech","37":"pa_urun-gruplari-box-pc","38":"pa_usb-2-0-1-adet","39":"pa_usb-3-0-2-adet","41":"first","42":"outofstock","43":"shipping-taxable","44":"product-type-variable"},"_links":{"self":[{"href":"https:\/\/lima.com.tr\/en\/wp-json\/wp\/v2\/product\/3846","targetHints":{"allow":["GET"]}}],"collection":[{"href":"https:\/\/lima.com.tr\/en\/wp-json\/wp\/v2\/product"}],"about":[{"href":"https:\/\/lima.com.tr\/en\/wp-json\/wp\/v2\/types\/product"}],"version-history":[{"count":1,"href":"https:\/\/lima.com.tr\/en\/wp-json\/wp\/v2\/product\/3846\/revisions"}],"predecessor-version":[{"id":3847,"href":"https:\/\/lima.com.tr\/en\/wp-json\/wp\/v2\/product\/3846\/revisions\/3847"}],"wp:featuredmedia":[{"embeddable":true,"href":"https:\/\/lima.com.tr\/en\/wp-json\/wp\/v2\/media\/8298"}],"wp:attachment":[{"href":"https:\/\/lima.com.tr\/en\/wp-json\/wp\/v2\/media?parent=3846"}],"wp:term":[{"taxonomy":"product_brand","embeddable":true,"href":"https:\/\/lima.com.tr\/en\/wp-json\/wp\/v2\/product_brand?post=3846"},{"taxonomy":"product_cat","embeddable":true,"href":"https:\/\/lima.com.tr\/en\/wp-json\/wp\/v2\/product_cat?post=3846"},{"taxonomy":"product_tag","embeddable":true,"href":"https:\/\/lima.com.tr\/en\/wp-json\/wp\/v2\/product_tag?post=3846"}],"curies":[{"name":"wp","href":"https:\/\/api.w.org\/{rel}","templated":true}]}}