{"id":3808,"date":"2019-07-08T11:16:14","date_gmt":"2019-07-08T11:16:14","guid":{"rendered":"http:\/\/lima.com.tr\/?post_type=product&#038;p=3808"},"modified":"2020-05-12T15:31:55","modified_gmt":"2020-05-12T12:31:55","slug":"ars-2511t3-40a1e","status":"publish","type":"product","link":"https:\/\/lima.com.tr\/en\/shop\/endustriyel-bilisim\/box-pc\/core-i-tabanli-box-pc\/ars-2511t3-40a1e\/","title":{"rendered":"ARS-2511T3-40A1E"},"content":{"rendered":"<p><strong>Geni\u015fleme Se\u00e7enekleri :<\/strong> CAN Bus, Izole Serial Port, Izole Digital I\/O,\u00a0 2 x 2.5\u201d SSD slotu<\/p>\n<p><strong>T\u00fcmle\u015fik Fonksiyonlar:<\/strong><\/p>\n<p><strong><span style=\"text-decoration: underline;\">GPS :<\/span><\/strong> 50 Channels with -160 dBm Sensitivity, A-GPS and Galileo Capable<br \/>\n<strong><span style=\"text-decoration: underline;\">Wi-Fi :<\/span> <\/strong>Atheros AR9382 802.11 a\/b\/g\/n<br \/>\n<strong><span style=\"text-decoration: underline;\">WWAN :<\/span><\/strong>\u00a0 HSUPA Tri-Band and GSM Quad-Band, up to 7.2Mbps downlink<br \/>\n<strong><span style=\"text-decoration: underline;\">G-Sensor :<\/span><\/strong> Digital Accelerometer Ultra Low Power, 10-bit Resolution<br \/>\n<strong><span style=\"text-decoration: underline;\">Gyroscope :<\/span><\/strong>\u00a0 Turn Rate Sensor for Dead Reckoning (SPEED+ and FWD+ Signals on DB15 Connector)<\/p>\n<p><strong>\u00c7al\u0131\u015fma S\u0131cakl\u0131\u011f\u0131 :<\/strong> -40 ~ 70\u00b0C\u00a0 (10 dakika boyunca +85 \u00b0C)<\/p>\n<p><strong>Depolama S\u0131cakl\u0131\u011f\u0131 : <\/strong>-40 ~ 85\u00b0C<\/p>\n<p><strong>Nem :<\/strong> 10 ~ 95% @40C<\/p>\n<p><strong>Sertifikalar :<\/strong> CE, FCC Class A, UL, EN50155, EN50121, IEC61373, EN45545, MIL-STD-810G<\/p>\n<p><strong>\u0130\u015fletim Sistemi :<\/strong>Windows 7, Windows 7 Embedded, Windows 10, Ubuntu 16.04<\/p>\n<p>&nbsp;<\/p>\n<p>&nbsp;<\/p>\n<p>&nbsp;<\/p>","protected":false},"excerpt":{"rendered":"<p>EN50155 Rayl\u0131 Sistem Fans\u0131z Box PC , Intel Core i7-3517UE CPU,3G,Wi-Fi,GPS,110VDC<\/p>","protected":false},"featured_media":11773,"template":"","meta":[],"product_brand":[],"product_cat":[1656,1670,80,1676,1659,1635,1687,1671,1645,83,39,1642,1684,1626,1673],"product_tag":[45,48,44,46,43,47],"class_list":{"0":"post-3808","1":"product","2":"type-product","3":"status-publish","4":"has-post-thumbnail","6":"product_cat-akilli-sehir-altyapi","7":"product_cat-altyapi","8":"product_cat-box-pc","9":"product_cat-box-pc-uretim","10":"product_cat-box-pc-akilli-sehir","11":"product_cat-box-pc-ulasim","12":"product_cat-box-pc-savunma","13":"product_cat-box-pc-altyapi","14":"product_cat-box-pc-guvenlik","15":"product_cat-core-i-tabanli-box-pc","16":"product_cat-endustriyel-bilisim","17":"product_cat-guvenlik","18":"product_cat-savunma","19":"product_cat-ulasim","20":"product_cat-uretim","21":"product_tag-akilli-sehir","22":"product_tag-altyapi","23":"product_tag-guvenlik","24":"product_tag-savunma","25":"product_tag-ulasim","26":"product_tag-uretim","27":"pa_cozumler-ve-urunler-endustriyel-bilisim","28":"pa_depolama-secenekleri-1-x-cfast","29":"pa_depolama-secenekleri-1-x-msata","30":"pa_grafik-cikisi-1-x-dvi-d","31":"pa_grafik-cikisi-1-x-vga","32":"pa_guc-girisi-110-vdc","33":"pa_islemci-frekansi-1-7-ghz","34":"pa_islemci-modeli-intel-ulv-core-i7-3517ue-dual-core","35":"pa_islemci-sinifi-intel-core-i","36":"pa_line-ses-cikis-1-adet","37":"pa_mikrofon-giris-1-adet","38":"pa_ram-maks-8-gb","39":"pa_rs-232-422-485-2-adet","40":"pa_uretici-advantech","41":"pa_urun-gruplari-box-pc","42":"pa_usb-2-0-1-adet","43":"pa_usb-3-0-2-adet","45":"first","46":"outofstock","47":"shipping-taxable","48":"product-type-variable"},"_links":{"self":[{"href":"https:\/\/lima.com.tr\/en\/wp-json\/wp\/v2\/product\/3808","targetHints":{"allow":["GET"]}}],"collection":[{"href":"https:\/\/lima.com.tr\/en\/wp-json\/wp\/v2\/product"}],"about":[{"href":"https:\/\/lima.com.tr\/en\/wp-json\/wp\/v2\/types\/product"}],"version-history":[{"count":2,"href":"https:\/\/lima.com.tr\/en\/wp-json\/wp\/v2\/product\/3808\/revisions"}],"predecessor-version":[{"id":12729,"href":"https:\/\/lima.com.tr\/en\/wp-json\/wp\/v2\/product\/3808\/revisions\/12729"}],"wp:featuredmedia":[{"embeddable":true,"href":"https:\/\/lima.com.tr\/en\/wp-json\/wp\/v2\/media\/11773"}],"wp:attachment":[{"href":"https:\/\/lima.com.tr\/en\/wp-json\/wp\/v2\/media?parent=3808"}],"wp:term":[{"taxonomy":"product_brand","embeddable":true,"href":"https:\/\/lima.com.tr\/en\/wp-json\/wp\/v2\/product_brand?post=3808"},{"taxonomy":"product_cat","embeddable":true,"href":"https:\/\/lima.com.tr\/en\/wp-json\/wp\/v2\/product_cat?post=3808"},{"taxonomy":"product_tag","embeddable":true,"href":"https:\/\/lima.com.tr\/en\/wp-json\/wp\/v2\/product_tag?post=3808"}],"curies":[{"name":"wp","href":"https:\/\/api.w.org\/{rel}","templated":true}]}}