{"id":3769,"date":"2019-07-08T10:30:25","date_gmt":"2019-07-08T10:30:25","guid":{"rendered":"http:\/\/lima.com.tr\/?post_type=product&#038;p=3769"},"modified":"2019-08-05T12:28:34","modified_gmt":"2019-08-05T12:28:34","slug":"ars-2110tx-10a1e","status":"publish","type":"product","link":"https:\/\/lima.com.tr\/en\/shop\/endustriyel-bilisim\/box-pc\/atom-celeron-tabanli-box-pc\/ars-2110tx-10a1e\/","title":{"rendered":"ARS-2110TX-10A1E"},"content":{"rendered":"<p><strong>Geni\u015fleme Se\u00e7enekleri :<\/strong> CAN Bus, Izole Serial Port, Izole Digital I\/O,\u00a0 2 x 2.5\u201d SSD slotu<\/p>\n<p><strong>T\u00fcmle\u015fik Fonksiyonlar:<\/strong><\/p>\n<p><strong><span style=\"text-decoration: underline;\">GPS :<\/span><\/strong> 50 Channels with -160 dBm Sensitivity, A-GPS and Galileo Capable<br \/>\n<strong><span style=\"text-decoration: underline;\">Wi-Fi :<\/span> <\/strong>Advantech 802.11abgn 2T2R, Wide-Temp Module<br \/>\n<strong><span style=\"text-decoration: underline;\">WWAN :<\/span><\/strong>\u00a0 LTE\/HSPA+\/GPRS module<br \/>\n<strong><span style=\"text-decoration: underline;\">GSM-R\/ GPRS-R :<\/span><\/strong> Quad-band, GPRS Multi-slot Class 10, GSM Pahse2\/ Phase2+<br \/>\n<strong><span style=\"text-decoration: underline;\">G-Sensor :<\/span><\/strong> Digital Accelerometer Ultra Low Power, 10-bit Resolution<br \/>\n<strong><span style=\"text-decoration: underline;\">Gyroscope :<\/span><\/strong>\u00a0 Turn Rate Sensor for Dead Reckoning (SPEED+ and FWD+ Signals on DB15 Connector)<\/p>\n<p><strong>\u00c7al\u0131\u015fma S\u0131cakl\u0131\u011f\u0131 :<\/strong> -40 ~ 70\u00b0C (10 dakika boyunca +85 \u00b0C)<\/p>\n<p><strong>Depolama S\u0131cakl\u0131\u011f\u0131 : <\/strong>-40 ~ 85\u00b0C<\/p>\n<p><strong>Nem :<\/strong> 10 ~ 95% @40C<\/p>\n<p><strong>Sertifikalar :<\/strong> CE, FCC Class A, UL, EN50155, EN50121, IEC61373,MIL-STD-810G<\/p>\n<p><strong>\u0130\u015fletim Sistemi :<\/strong>Windows 7, Windows 7 Embedded, Windows 10, Ubuntu 16.04<\/p>\n<p><strong>Di\u011fer :<\/strong> T\u00fcmle\u015fik 4GB DDR3L RAM \/ 32GB mSATA SSD<\/p>\n<p>&nbsp;<\/p>\n<p>&nbsp;<\/p>","protected":false},"excerpt":{"rendered":"<p>EN50155 Rayl\u0131 Sistem Fans\u0131z Box PC , Intel Atom E3845 CPU, GSM-R,3G,Wi-Fi,GPS,24VDC<\/p>","protected":false},"featured_media":8292,"template":"","meta":[],"product_brand":[],"product_cat":[1656,82,1687,80,1645,1659,1635,39,1642,1684,1626],"product_tag":[45,44,46,43],"class_list":{"0":"post-3769","1":"product","2":"type-product","3":"status-publish","4":"has-post-thumbnail","6":"product_cat-akilli-sehir-altyapi","7":"product_cat-atom-celeron-tabanli-box-pc","8":"product_cat-box-pc-savunma","9":"product_cat-box-pc","10":"product_cat-box-pc-guvenlik","11":"product_cat-box-pc-akilli-sehir","12":"product_cat-box-pc-ulasim","13":"product_cat-endustriyel-bilisim","14":"product_cat-guvenlik","15":"product_cat-savunma","16":"product_cat-ulasim","17":"product_tag-akilli-sehir","18":"product_tag-guvenlik","19":"product_tag-savunma","20":"product_tag-ulasim","21":"pa_cozumler-ve-urunler-endustriyel-bilisim","22":"pa_depolama-secenekleri-1-x-msata","23":"pa_gb-lan-2-adet","24":"pa_grafik-cikisi-1-x-dvi-d","25":"pa_grafik-cikisi-1-x-vga","26":"pa_guc-girisi-24-vdc","27":"pa_islemci-frekansi-1-91-ghz","28":"pa_islemci-modeli-intel-atom-e3845-quad-core","29":"pa_islemci-sinifi-intel-atom-celeron","30":"pa_line-ses-cikis-1-adet","31":"pa_mikrofon-giris-1-adet","32":"pa_ram-maks-8-gb","33":"pa_ramtakili-4-gb","34":"pa_rs-232-422-485-2-adet","35":"pa_uretici-advantech","36":"pa_urun-gruplari-box-pc","37":"pa_usb-2-0-2-adet","38":"pa_usb-3-0-1-adet","40":"first","41":"outofstock","42":"shipping-taxable","43":"product-type-variable"},"_links":{"self":[{"href":"https:\/\/lima.com.tr\/en\/wp-json\/wp\/v2\/product\/3769","targetHints":{"allow":["GET"]}}],"collection":[{"href":"https:\/\/lima.com.tr\/en\/wp-json\/wp\/v2\/product"}],"about":[{"href":"https:\/\/lima.com.tr\/en\/wp-json\/wp\/v2\/types\/product"}],"version-history":[{"count":3,"href":"https:\/\/lima.com.tr\/en\/wp-json\/wp\/v2\/product\/3769\/revisions"}],"predecessor-version":[{"id":8293,"href":"https:\/\/lima.com.tr\/en\/wp-json\/wp\/v2\/product\/3769\/revisions\/8293"}],"wp:featuredmedia":[{"embeddable":true,"href":"https:\/\/lima.com.tr\/en\/wp-json\/wp\/v2\/media\/8292"}],"wp:attachment":[{"href":"https:\/\/lima.com.tr\/en\/wp-json\/wp\/v2\/media?parent=3769"}],"wp:term":[{"taxonomy":"product_brand","embeddable":true,"href":"https:\/\/lima.com.tr\/en\/wp-json\/wp\/v2\/product_brand?post=3769"},{"taxonomy":"product_cat","embeddable":true,"href":"https:\/\/lima.com.tr\/en\/wp-json\/wp\/v2\/product_cat?post=3769"},{"taxonomy":"product_tag","embeddable":true,"href":"https:\/\/lima.com.tr\/en\/wp-json\/wp\/v2\/product_tag?post=3769"}],"curies":[{"name":"wp","href":"https:\/\/api.w.org\/{rel}","templated":true}]}}