{"id":3754,"date":"2019-07-08T10:10:45","date_gmt":"2019-07-08T10:10:45","guid":{"rendered":"http:\/\/lima.com.tr\/?post_type=product&#038;p=3754"},"modified":"2019-08-07T06:32:05","modified_gmt":"2019-08-07T06:32:05","slug":"ita-7220f-l0a1e","status":"publish","type":"product","link":"https:\/\/lima.com.tr\/en\/shop\/endustriyel-bilisim\/panel-pc\/atom-celeron-tabanli\/ita-7220f-l0a1e\/","title":{"rendered":"ITA-7220F-L0A1E"},"content":{"rendered":"<p><strong>Parlakl\u0131k : <\/strong>400 cd\/m2<\/p>\n<p><strong>Kontrast Oran\u0131 :<\/strong> 1000:1<\/p>\n<p><strong>\u00c7al\u0131\u015fma S\u0131cakl\u0131\u011f\u0131 :<\/strong> -25 ~ 55 \u00b0C (SSD ile)<\/p>\n<p><strong>Depolama S\u0131cakl\u0131\u011f\u0131 :<\/strong> -40 ~ 85 \u00b0C<\/p>\n<p><strong>Nem :<\/strong> 10 ~ 85% @ 40 \u00b0C<\/p>\n<p><strong>Sertifikalar :<\/strong> CE, FCC Class A, UL, EN50155, EN 50121, IEC 61373, IEC60571, EN45545<\/p>\n<p><strong>\u0130\u015fletim Sistemi :<\/strong> Windows 7 , Windows 10 , Linux Ubuntu 16.04<\/p>\n<p><strong>Di\u011fer : <\/strong>T\u00fcmle\u015fik\u00a0 4GB RAM \/ 64GB SSD , Daisy-chain LAN<\/p>\n<p>&nbsp;<\/p>","protected":false},"excerpt":{"rendered":"<p>22&#8243; EN50155 Rayl\u0131 Sistem Fans\u0131z Panel PC , Intel\u00ae Celeron J1900 CPU, Daisy Chain LAN, 24VDC<\/p>","protected":false},"featured_media":8422,"template":"","meta":[],"product_brand":[],"product_cat":[1656,78,39,1642,1633,704,1643,1657,1626],"product_tag":[45,44,43],"class_list":{"0":"post-3754","1":"product","2":"type-product","3":"status-publish","4":"has-post-thumbnail","6":"product_cat-akilli-sehir-altyapi","7":"product_cat-atom-celeron-tabanli","8":"product_cat-endustriyel-bilisim","9":"product_cat-guvenlik","10":"product_cat-panel-pc-ulasim","11":"product_cat-panel-pc","12":"product_cat-panel-pc-guvenlik","13":"product_cat-panel-pc-akilli-sehir","14":"product_cat-ulasim","15":"product_tag-akilli-sehir","16":"product_tag-guvenlik","17":"product_tag-ulasim","18":"pa_cozumler-ve-urunler-endustriyel-bilisim","19":"pa_cozunurluk-yatay-x-dikey-1920-x-1080","20":"pa_depolama-secenekleri-1-x-msata","21":"pa_dokunmatik-tipi-yok","22":"pa_ekran-boyutu-1019","23":"pa_gb-lan-2-adet","24":"pa_guc-girisi-24-vdc","25":"pa_islemci-frekansi-2-0-ghz","26":"pa_islemci-modeli-intel-celeron-j1900-quad-core","27":"pa_islemci-sinifi-intel-atom-celeron","28":"pa_line-ses-cikis-yok","29":"pa_mikrofon-giris-yok","30":"pa_ram-maks-8-gb","31":"pa_ramtakili-4-gb","32":"pa_uretici-advantech","33":"pa_urun-gruplari-panel-pc","34":"pa_usb-2-0-2-adet","36":"first","37":"outofstock","38":"shipping-taxable","39":"product-type-variable"},"_links":{"self":[{"href":"https:\/\/lima.com.tr\/en\/wp-json\/wp\/v2\/product\/3754","targetHints":{"allow":["GET"]}}],"collection":[{"href":"https:\/\/lima.com.tr\/en\/wp-json\/wp\/v2\/product"}],"about":[{"href":"https:\/\/lima.com.tr\/en\/wp-json\/wp\/v2\/types\/product"}],"version-history":[{"count":1,"href":"https:\/\/lima.com.tr\/en\/wp-json\/wp\/v2\/product\/3754\/revisions"}],"predecessor-version":[{"id":3755,"href":"https:\/\/lima.com.tr\/en\/wp-json\/wp\/v2\/product\/3754\/revisions\/3755"}],"wp:featuredmedia":[{"embeddable":true,"href":"https:\/\/lima.com.tr\/en\/wp-json\/wp\/v2\/media\/8422"}],"wp:attachment":[{"href":"https:\/\/lima.com.tr\/en\/wp-json\/wp\/v2\/media?parent=3754"}],"wp:term":[{"taxonomy":"product_brand","embeddable":true,"href":"https:\/\/lima.com.tr\/en\/wp-json\/wp\/v2\/product_brand?post=3754"},{"taxonomy":"product_cat","embeddable":true,"href":"https:\/\/lima.com.tr\/en\/wp-json\/wp\/v2\/product_cat?post=3754"},{"taxonomy":"product_tag","embeddable":true,"href":"https:\/\/lima.com.tr\/en\/wp-json\/wp\/v2\/product_tag?post=3754"}],"curies":[{"name":"wp","href":"https:\/\/api.w.org\/{rel}","templated":true}]}}