{"id":3728,"date":"2019-07-08T09:19:17","date_gmt":"2019-07-08T09:19:17","guid":{"rendered":"http:\/\/lima.com.tr\/?post_type=product&#038;p=3728"},"modified":"2025-03-03T15:57:03","modified_gmt":"2025-03-03T12:57:03","slug":"ita-8100-l00a1","status":"publish","type":"product","link":"https:\/\/lima.com.tr\/en\/shop\/endustriyel-bilisim\/panel-pc\/atom-celeron-tabanli\/ita-8100-l00a1\/","title":{"rendered":"ITA-8100-L00A1"},"content":{"rendered":"<p><strong>Parlakl\u0131k : <\/strong>500 cd\/m2<br \/>\n<strong>Kontrast Oran\u0131 :<\/strong> 1000:1<br \/>\n<strong>\u00c7al\u0131\u015fma S\u0131cakl\u0131\u011f\u0131 :<\/strong> -40 ~ 70 \u00b0C (SSD ile)<br \/>\n<strong>Depolama S\u0131cakl\u0131\u011f\u0131 :<\/strong> -40 ~ 85 \u00b0C<br \/>\n<strong>Nem :<\/strong> 10 ~ 85% @ 40 \u00b0C<br \/>\n<strong>Sertifikalar :<\/strong> CE, FCC Class B, BSMI, UL, EN50155, EN 50121, IEC 61373, IEC60571, EN45545 (JIS E5006 uyumlu)<br \/>\n<strong>DIO :<\/strong> 5 x DI, 1 x DO<br \/>\n<strong>\u0130\u015fletim Sistemi :<\/strong> Windows \/ Linux<br \/>\n<strong>Di\u011fer : <\/strong>T\u00fcmle\u015fik\u00a0 4GB RAM \/ 64GB SSD ,\u00a0 \u00d6n panelde UIC612-01 uyumlu 32 fonksiyon tu\u015fu<br \/>\n&nbsp;<\/p>","protected":false},"excerpt":{"rendered":"<p>10.4&#8243; EN50155 Rayl\u0131 Sistem Fans\u0131z Panel PC,<br \/> Intel\u00ae Atom\u2122 x7-E3950 CPU, 24VDC, 32 fonksiyon tu\u015fu<\/p>","protected":false},"featured_media":18508,"template":"","meta":[],"product_brand":[],"product_cat":[1656,78,39,1642,1657,1633,704,1643,1626],"product_tag":[45,44,43],"class_list":{"0":"post-3728","1":"product","2":"type-product","3":"status-publish","4":"has-post-thumbnail","6":"product_cat-akilli-sehir-altyapi","7":"product_cat-atom-celeron-tabanli","8":"product_cat-endustriyel-bilisim","9":"product_cat-guvenlik","10":"product_cat-panel-pc-akilli-sehir","11":"product_cat-panel-pc-ulasim","12":"product_cat-panel-pc","13":"product_cat-panel-pc-guvenlik","14":"product_cat-ulasim","15":"product_tag-akilli-sehir","16":"product_tag-guvenlik","17":"product_tag-ulasim","18":"pa_cozumler-ve-urunler-endustriyel-bilisim","19":"pa_cozunurluk-yatay-x-dikey-1024-x-768","20":"pa_depolama-secenekleri-1-x-m-2","21":"pa_dokunmatik-tipi-kapasitif","22":"pa_ekran-boyutu-10-4","23":"pa_gb-lan-2-adet","24":"pa_guc-girisi-24-vdc","25":"pa_islemci-frekansi-2-0-ghz","26":"pa_islemci-modeli-intel-atom-x7-e3950","27":"pa_islemci-sinifi-intel-atom-celeron","28":"pa_line-ses-cikis-1-adet","29":"pa_mikrofon-giris-1-adet","30":"pa_on-panel-korumasi-ip65","31":"pa_ram-maks-8-gb","32":"pa_ramtakili-4-gb","33":"pa_rs-422-485-2-x-adet","34":"pa_uretici-advantech","35":"pa_urun-gruplari-panel-pc","36":"pa_usb-2-0-1-adet","38":"first","39":"outofstock","40":"shipping-taxable","41":"product-type-variable"},"_links":{"self":[{"href":"https:\/\/lima.com.tr\/en\/wp-json\/wp\/v2\/product\/3728","targetHints":{"allow":["GET"]}}],"collection":[{"href":"https:\/\/lima.com.tr\/en\/wp-json\/wp\/v2\/product"}],"about":[{"href":"https:\/\/lima.com.tr\/en\/wp-json\/wp\/v2\/types\/product"}],"version-history":[{"count":3,"href":"https:\/\/lima.com.tr\/en\/wp-json\/wp\/v2\/product\/3728\/revisions"}],"predecessor-version":[{"id":18516,"href":"https:\/\/lima.com.tr\/en\/wp-json\/wp\/v2\/product\/3728\/revisions\/18516"}],"wp:featuredmedia":[{"embeddable":true,"href":"https:\/\/lima.com.tr\/en\/wp-json\/wp\/v2\/media\/18508"}],"wp:attachment":[{"href":"https:\/\/lima.com.tr\/en\/wp-json\/wp\/v2\/media?parent=3728"}],"wp:term":[{"taxonomy":"product_brand","embeddable":true,"href":"https:\/\/lima.com.tr\/en\/wp-json\/wp\/v2\/product_brand?post=3728"},{"taxonomy":"product_cat","embeddable":true,"href":"https:\/\/lima.com.tr\/en\/wp-json\/wp\/v2\/product_cat?post=3728"},{"taxonomy":"product_tag","embeddable":true,"href":"https:\/\/lima.com.tr\/en\/wp-json\/wp\/v2\/product_tag?post=3728"}],"curies":[{"name":"wp","href":"https:\/\/api.w.org\/{rel}","templated":true}]}}