{"id":3696,"date":"2019-07-08T08:48:01","date_gmt":"2019-07-08T08:48:01","guid":{"rendered":"http:\/\/lima.com.tr\/?post_type=product&#038;p=3696"},"modified":"2019-08-07T06:40:36","modified_gmt":"2019-08-07T06:40:36","slug":"mic-7900-s5a1e","status":"publish","type":"product","link":"https:\/\/lima.com.tr\/en\/shop\/endustriyel-bilisim\/box-pc\/xeon-tabanli\/mic-7900-s5a1e\/","title":{"rendered":"MIC-7900-S5A1E"},"content":{"rendered":"<p><strong>Geni\u015fleme Se\u00e7enekleri :<\/strong> Advantech i-Modules deste\u011fi, 1 x mini PCIe<\/p>\n<p><strong>\u00c7al\u0131\u015fma S\u0131cakl\u0131\u011f\u0131 :<\/strong> -20 ~ 50\u00b0C (SSD ile) , 0 ~ 40\u00b0C (HDD ile)<\/p>\n<p><strong>Depolama S\u0131cakl\u0131\u011f\u0131 :<\/strong> -40 ~ 85 \u00b0C<\/p>\n<p><strong>Nem :<\/strong> 10 ~ 95% @ 40 \u00b0C<\/p>\n<p><strong>Sertifikalar :<\/strong> CE, FCC Class B, BSMI, UL<\/p>\n<p><strong>\u0130\u015fletim Sistemi : <\/strong>Windows 10, Windows 10 IoT, Windows 8 .1 (64 bit), Windows 7,Windows Server 2016, Linux OS, and VMware<\/p>\n<p><strong>GPIO :<\/strong> 32-bit (opsiyonel)<\/p>\n<p>&nbsp;<\/p>","protected":false},"excerpt":{"rendered":"<p>Fans\u0131z End\u00fcstriyel PC, Intel\u00ae Xeon\u00ae D-1559 CPU, 4 x USB3.0, 4 xGbit Ethernet, 4 x COM<\/p>","protected":false},"featured_media":8432,"template":"","meta":[],"product_brand":[],"product_cat":[1656,1670,1687,1671,1645,1676,80,1659,39,1642,1684,1673,84],"product_tag":[45,48,44,46,47],"class_list":{"0":"post-3696","1":"product","2":"type-product","3":"status-publish","4":"has-post-thumbnail","6":"product_cat-akilli-sehir-altyapi","7":"product_cat-altyapi","8":"product_cat-box-pc-savunma","9":"product_cat-box-pc-altyapi","10":"product_cat-box-pc-guvenlik","11":"product_cat-box-pc-uretim","12":"product_cat-box-pc","13":"product_cat-box-pc-akilli-sehir","14":"product_cat-endustriyel-bilisim","15":"product_cat-guvenlik","16":"product_cat-savunma","17":"product_cat-uretim","18":"product_cat-xeon-tabanli","19":"product_tag-akilli-sehir","20":"product_tag-altyapi","21":"product_tag-guvenlik","22":"product_tag-savunma","23":"product_tag-uretim","24":"pa_cozumler-ve-urunler-endustriyel-bilisim","25":"pa_depolama-secenekleri-1-x-2-5-ssd","26":"pa_depolama-secenekleri-1-x-cfast","27":"pa_depolama-secenekleri-1-x-m-2","28":"pa_gb-lan-4-adet","29":"pa_grafik-cikisi-1-x-vga","30":"pa_guc-girisi-9-36-vdc","31":"pa_islemci-frekansi-1-50-ghz","32":"pa_islemci-modeli-intel-xeon-d-1559-12-core","33":"pa_islemci-sinifi-intel-xeon","34":"pa_line-ses-cikis-1-adet","35":"pa_mikrofon-giris-1-adet","36":"pa_ram-maks-32-gb","37":"pa_rs-232-2-adet","38":"pa_rs-232-422-485-2-adet","39":"pa_uretici-advantech","40":"pa_urun-gruplari-box-pc","41":"pa_usb-3-0-4-adet","43":"first","44":"outofstock","45":"shipping-taxable","46":"product-type-variable"},"_links":{"self":[{"href":"https:\/\/lima.com.tr\/en\/wp-json\/wp\/v2\/product\/3696","targetHints":{"allow":["GET"]}}],"collection":[{"href":"https:\/\/lima.com.tr\/en\/wp-json\/wp\/v2\/product"}],"about":[{"href":"https:\/\/lima.com.tr\/en\/wp-json\/wp\/v2\/types\/product"}],"version-history":[{"count":2,"href":"https:\/\/lima.com.tr\/en\/wp-json\/wp\/v2\/product\/3696\/revisions"}],"predecessor-version":[{"id":3715,"href":"https:\/\/lima.com.tr\/en\/wp-json\/wp\/v2\/product\/3696\/revisions\/3715"}],"wp:featuredmedia":[{"embeddable":true,"href":"https:\/\/lima.com.tr\/en\/wp-json\/wp\/v2\/media\/8432"}],"wp:attachment":[{"href":"https:\/\/lima.com.tr\/en\/wp-json\/wp\/v2\/media?parent=3696"}],"wp:term":[{"taxonomy":"product_brand","embeddable":true,"href":"https:\/\/lima.com.tr\/en\/wp-json\/wp\/v2\/product_brand?post=3696"},{"taxonomy":"product_cat","embeddable":true,"href":"https:\/\/lima.com.tr\/en\/wp-json\/wp\/v2\/product_cat?post=3696"},{"taxonomy":"product_tag","embeddable":true,"href":"https:\/\/lima.com.tr\/en\/wp-json\/wp\/v2\/product_tag?post=3696"}],"curies":[{"name":"wp","href":"https:\/\/api.w.org\/{rel}","templated":true}]}}