{"id":3593,"date":"2019-07-08T06:30:24","date_gmt":"2019-07-08T06:30:24","guid":{"rendered":"http:\/\/lima.com.tr\/?post_type=product&#038;p=3593"},"modified":"2019-08-09T11:07:58","modified_gmt":"2019-08-09T11:07:58","slug":"eki-6528tpi","status":"publish","type":"product","link":"https:\/\/lima.com.tr\/en\/shop\/endustriyel-iletisim\/endustriyel-switchler\/en50155-switchler\/eki-6528tpi\/","title":{"rendered":"EKI-6528TPI"},"content":{"rendered":"<p><strong>\u00c7al\u0131\u015fma S\u0131cakl\u0131\u011f\u0131 :<\/strong> -40 ~ 75\u00b0C<\/p>\n<p><strong>Depolama S\u0131cakl\u0131\u011f\u0131 :<\/strong> -40 ~ 85 \u00b0C<\/p>\n<p><strong>Nem :<\/strong> 5 ~ 95%<\/p>\n<p><strong>Montaj : <\/strong>DIN-Rail , Duvar<\/p>\n<p><strong>Sertifikalar :<\/strong> CE, FCC Class B, BSMI, UL , EN50155, EN 50121-3-2, EN 50121-4<\/p>\n<p>&nbsp;<\/p>\n<p>&nbsp;<\/p>","protected":false},"excerpt":{"rendered":"<p>EN50155 8-port M12 Y\u00f6netilemez PoE Ethernet Switch<\/p>","protected":false},"featured_media":8702,"template":"","meta":[],"product_brand":[],"product_cat":[1656,128,40,1660,124,1688,1636,127,1684,1626],"product_tag":[45,46,43],"class_list":{"0":"post-3593","1":"product","2":"type-product","3":"status-publish","4":"has-post-thumbnail","6":"product_cat-akilli-sehir-altyapi","7":"product_cat-en50155-switchler","8":"product_cat-endustriyel-iletisim","9":"product_cat-endustriyel-switchler-akilli-sehir","10":"product_cat-endustriyel-switchler","11":"product_cat-endustriyel-switchler-savunma","12":"product_cat-endustriyel-switchler-ulasim","13":"product_cat-poe-switchler","14":"product_cat-savunma","15":"product_cat-ulasim","16":"product_tag-akilli-sehir","17":"product_tag-savunma","18":"product_tag-ulasim","19":"pa_10-100-mbps-lan-poe-8-port","20":"pa_cozumler-ve-urunler-endustriyel-iletisim","21":"pa_guc-girisi-24-48-vdc","22":"pa_tip-yonetilemez","23":"pa_uretici-advantech","24":"pa_urun-gruplari-endustriyel-switchler","26":"first","27":"outofstock","28":"shipping-taxable","29":"product-type-variable"},"_links":{"self":[{"href":"https:\/\/lima.com.tr\/en\/wp-json\/wp\/v2\/product\/3593","targetHints":{"allow":["GET"]}}],"collection":[{"href":"https:\/\/lima.com.tr\/en\/wp-json\/wp\/v2\/product"}],"about":[{"href":"https:\/\/lima.com.tr\/en\/wp-json\/wp\/v2\/types\/product"}],"version-history":[{"count":1,"href":"https:\/\/lima.com.tr\/en\/wp-json\/wp\/v2\/product\/3593\/revisions"}],"predecessor-version":[{"id":3595,"href":"https:\/\/lima.com.tr\/en\/wp-json\/wp\/v2\/product\/3593\/revisions\/3595"}],"wp:featuredmedia":[{"embeddable":true,"href":"https:\/\/lima.com.tr\/en\/wp-json\/wp\/v2\/media\/8702"}],"wp:attachment":[{"href":"https:\/\/lima.com.tr\/en\/wp-json\/wp\/v2\/media?parent=3593"}],"wp:term":[{"taxonomy":"product_brand","embeddable":true,"href":"https:\/\/lima.com.tr\/en\/wp-json\/wp\/v2\/product_brand?post=3593"},{"taxonomy":"product_cat","embeddable":true,"href":"https:\/\/lima.com.tr\/en\/wp-json\/wp\/v2\/product_cat?post=3593"},{"taxonomy":"product_tag","embeddable":true,"href":"https:\/\/lima.com.tr\/en\/wp-json\/wp\/v2\/product_tag?post=3593"}],"curies":[{"name":"wp","href":"https:\/\/api.w.org\/{rel}","templated":true}]}}