{"id":3588,"date":"2019-07-08T06:15:04","date_gmt":"2019-07-08T06:15:04","guid":{"rendered":"http:\/\/lima.com.tr\/?post_type=product&#038;p=3588"},"modified":"2019-08-09T11:08:15","modified_gmt":"2019-08-09T11:08:15","slug":"eki-6528ti","status":"publish","type":"product","link":"https:\/\/lima.com.tr\/en\/shop\/endustriyel-iletisim\/endustriyel-switchler\/en50155-switchler\/eki-6528ti\/","title":{"rendered":"EKI-6528TI"},"content":{"rendered":"<p><strong>\u00c7al\u0131\u015fma S\u0131cakl\u0131\u011f\u0131 :<\/strong> -40 ~ 75\u00b0C<\/p>\n<p><strong>Depolama S\u0131cakl\u0131\u011f\u0131 :<\/strong> -40 ~ 85 \u00b0C<\/p>\n<p><strong>Nem :<\/strong> 5 ~ 95%<\/p>\n<p><strong>Montaj : <\/strong>DIN-Rail , Duvar<\/p>\n<p><strong>Sertifikalar :<\/strong> CE, FCC Class B, BSMI, UL , EN50155, EN 50121-3-2, EN 50121-4<\/p>\n<p>&nbsp;<\/p>\n<p>&nbsp;<\/p>","protected":false},"excerpt":{"rendered":"<p>EN50155 8-port M12 Y\u00f6netilemez Ethernet Switch<\/p>","protected":false},"featured_media":8703,"template":"","meta":[],"product_brand":[],"product_cat":[1656,128,40,1688,1636,124,1660,1684,1626],"product_tag":[45,46,43],"class_list":{"0":"post-3588","1":"product","2":"type-product","3":"status-publish","4":"has-post-thumbnail","6":"product_cat-akilli-sehir-altyapi","7":"product_cat-en50155-switchler","8":"product_cat-endustriyel-iletisim","9":"product_cat-endustriyel-switchler-savunma","10":"product_cat-endustriyel-switchler-ulasim","11":"product_cat-endustriyel-switchler","12":"product_cat-endustriyel-switchler-akilli-sehir","13":"product_cat-savunma","14":"product_cat-ulasim","15":"product_tag-akilli-sehir","16":"product_tag-savunma","17":"product_tag-ulasim","18":"pa_cozumler-ve-urunler-endustriyel-iletisim","19":"pa_guc-girisi-12-48-vdc","20":"pa_lan-10-100-mbps-8-port","21":"pa_tip-yonetilemez","22":"pa_uretici-advantech","23":"pa_urun-gruplari-endustriyel-switchler","25":"first","26":"outofstock","27":"shipping-taxable","28":"product-type-variable"},"_links":{"self":[{"href":"https:\/\/lima.com.tr\/en\/wp-json\/wp\/v2\/product\/3588","targetHints":{"allow":["GET"]}}],"collection":[{"href":"https:\/\/lima.com.tr\/en\/wp-json\/wp\/v2\/product"}],"about":[{"href":"https:\/\/lima.com.tr\/en\/wp-json\/wp\/v2\/types\/product"}],"version-history":[{"count":2,"href":"https:\/\/lima.com.tr\/en\/wp-json\/wp\/v2\/product\/3588\/revisions"}],"predecessor-version":[{"id":3591,"href":"https:\/\/lima.com.tr\/en\/wp-json\/wp\/v2\/product\/3588\/revisions\/3591"}],"wp:featuredmedia":[{"embeddable":true,"href":"https:\/\/lima.com.tr\/en\/wp-json\/wp\/v2\/media\/8703"}],"wp:attachment":[{"href":"https:\/\/lima.com.tr\/en\/wp-json\/wp\/v2\/media?parent=3588"}],"wp:term":[{"taxonomy":"product_brand","embeddable":true,"href":"https:\/\/lima.com.tr\/en\/wp-json\/wp\/v2\/product_brand?post=3588"},{"taxonomy":"product_cat","embeddable":true,"href":"https:\/\/lima.com.tr\/en\/wp-json\/wp\/v2\/product_cat?post=3588"},{"taxonomy":"product_tag","embeddable":true,"href":"https:\/\/lima.com.tr\/en\/wp-json\/wp\/v2\/product_tag?post=3588"}],"curies":[{"name":"wp","href":"https:\/\/api.w.org\/{rel}","templated":true}]}}