{"id":3573,"date":"2019-07-08T05:53:32","date_gmt":"2019-07-08T05:53:32","guid":{"rendered":"http:\/\/lima.com.tr\/?post_type=product&#038;p=3573"},"modified":"2019-08-07T06:36:23","modified_gmt":"2019-08-07T06:36:23","slug":"mic-770h-00a1","status":"publish","type":"product","link":"https:\/\/lima.com.tr\/en\/shop\/endustriyel-bilisim\/box-pc\/core-i-tabanli-box-pc\/mic-770h-00a1\/","title":{"rendered":"MIC-770H-00A1"},"content":{"rendered":"<p><strong>Geni\u015fleme Se\u00e7enekleri :<\/strong> Advantech i-Modules deste\u011fi, 1 x mini PCIe (SIM kart slotlu)<\/p>\n<p>1 x mSATA, iDoor<\/p>\n<p><strong>\u00c7al\u0131\u015fma S\u0131cakl\u0131\u011f\u0131 :<\/strong> -10 ~ 40\u00b0C (65W TDP CPU) , -10 ~ 50\u00b0C (35W TDP CPU)<\/p>\n<p><strong>Depolama S\u0131cakl\u0131\u011f\u0131 :<\/strong> -40 ~ 85 \u00b0C<\/p>\n<p><strong>Nem :<\/strong> 10 ~ 95% @ 40 \u00b0C<\/p>\n<p><strong>Sertifikalar :<\/strong> CE, FCC Class B, BSMI, UL<\/p>\n<p><strong>\u0130\u015fletim Sistemi : <\/strong>Windows 10, Linux<\/p>\n<p><strong>GPIO :<\/strong> 32-bit (opsiyonel)<\/p>\n<p><strong>Di\u011fer :<\/strong> 2 ba\u011f\u0131ms\u0131z monit\u00f6r , Programlanabilir WDT<\/p>","protected":false},"excerpt":{"rendered":"<p>Fans\u0131z End\u00fcstriyel PC, 8. nesil Intel\u00ae Core\u2122 i CPU, 4 x USB2.0 4 x USB3.0, 2 xGbit Ethernet, 6 x COM, 2-ba\u011f\u0131ms\u0131z monit\u00f6r<\/p>","protected":false},"featured_media":8425,"template":"","meta":[],"product_brand":[],"product_cat":[1656,1670,1687,1671,1645,1676,80,1659,83,39,1642,1684,1673],"product_tag":[45,48,44,46,47],"class_list":{"0":"post-3573","1":"product","2":"type-product","3":"status-publish","4":"has-post-thumbnail","6":"product_cat-akilli-sehir-altyapi","7":"product_cat-altyapi","8":"product_cat-box-pc-savunma","9":"product_cat-box-pc-altyapi","10":"product_cat-box-pc-guvenlik","11":"product_cat-box-pc-uretim","12":"product_cat-box-pc","13":"product_cat-box-pc-akilli-sehir","14":"product_cat-core-i-tabanli-box-pc","15":"product_cat-endustriyel-bilisim","16":"product_cat-guvenlik","17":"product_cat-savunma","18":"product_cat-uretim","19":"product_tag-akilli-sehir","20":"product_tag-altyapi","21":"product_tag-guvenlik","22":"product_tag-savunma","23":"product_tag-uretim","24":"pa_cozumler-ve-urunler-endustriyel-bilisim","25":"pa_depolama-secenekleri-1-x-2-5-ssd","26":"pa_depolama-secenekleri-1-x-msata","27":"pa_gb-lan-2-adet","28":"pa_grafik-cikisi-1-x-hdmi","29":"pa_grafik-cikisi-1-x-vga","30":"pa_guc-girisi-9-36-vdc","31":"pa_islemci-modeli-8-nesil-intel-core-i-lga1151","32":"pa_islemci-sinifi-intel-core-i","33":"pa_line-ses-cikis-1-adet","34":"pa_mikrofon-giris-1-adet","35":"pa_ram-maks-32-gb","36":"pa_rs-232-4-adet","37":"pa_rs-232-422-485-2-adet","38":"pa_uretici-advantech","39":"pa_urun-gruplari-box-pc","40":"pa_usb-2-0-4-adet","41":"pa_usb-3-0-4-adet","43":"first","44":"outofstock","45":"shipping-taxable","46":"product-type-variable"},"_links":{"self":[{"href":"https:\/\/lima.com.tr\/en\/wp-json\/wp\/v2\/product\/3573","targetHints":{"allow":["GET"]}}],"collection":[{"href":"https:\/\/lima.com.tr\/en\/wp-json\/wp\/v2\/product"}],"about":[{"href":"https:\/\/lima.com.tr\/en\/wp-json\/wp\/v2\/types\/product"}],"version-history":[{"count":2,"href":"https:\/\/lima.com.tr\/en\/wp-json\/wp\/v2\/product\/3573\/revisions"}],"predecessor-version":[{"id":3578,"href":"https:\/\/lima.com.tr\/en\/wp-json\/wp\/v2\/product\/3573\/revisions\/3578"}],"wp:featuredmedia":[{"embeddable":true,"href":"https:\/\/lima.com.tr\/en\/wp-json\/wp\/v2\/media\/8425"}],"wp:attachment":[{"href":"https:\/\/lima.com.tr\/en\/wp-json\/wp\/v2\/media?parent=3573"}],"wp:term":[{"taxonomy":"product_brand","embeddable":true,"href":"https:\/\/lima.com.tr\/en\/wp-json\/wp\/v2\/product_brand?post=3573"},{"taxonomy":"product_cat","embeddable":true,"href":"https:\/\/lima.com.tr\/en\/wp-json\/wp\/v2\/product_cat?post=3573"},{"taxonomy":"product_tag","embeddable":true,"href":"https:\/\/lima.com.tr\/en\/wp-json\/wp\/v2\/product_tag?post=3573"}],"curies":[{"name":"wp","href":"https:\/\/api.w.org\/{rel}","templated":true}]}}