{"id":3563,"date":"2019-07-06T07:16:03","date_gmt":"2019-07-06T07:16:03","guid":{"rendered":"http:\/\/lima.com.tr\/?post_type=product&#038;p=3563"},"modified":"2019-07-30T06:24:15","modified_gmt":"2019-07-30T06:24:15","slug":"vps-3100i-10a","status":"publish","type":"product","link":"https:\/\/lima.com.tr\/en\/shop\/yapay-gorme\/yapay-gorme-pc\/atom-celeron-tabanli-yapay-gorme-pc\/vps-3100i-10a\/","title":{"rendered":"VPS-3100I-10A"},"content":{"rendered":"<p><strong>SSD :<\/strong> 128GB mSATA<\/p>\n<p><strong>\u00c7al\u0131\u015fma S\u0131cakl\u0131\u011f\u0131 :<\/strong> -10 ~ 50\u00b0C (SSD ile)<\/p>\n<p><strong>Nem :<\/strong> 10 ~ 95% @ 40 \u00b0C<\/p>\n<p><strong>Sertifikalar :<\/strong> CE, FCC Class B, BSMI, UL<\/p>\n<p><strong>\u0130\u015fletim Sistemi : <\/strong>Windows 7\/10<\/p>\n<p><strong>GPIO :<\/strong> 2xDI + 4xDO<\/p>\n<p><strong>Strobe Controller :<\/strong> 2-kanal, 0\u2013500 mA (kanal ba\u015f\u0131na), Max. 100 KHz<\/p>\n<p><strong>Di\u011fer :<\/strong> T\u00fcmle\u015fik PWM kontrol, Trigger-over-Ethernet (ToE) deste\u011fi, GigE Vision offload Engine (GoE), GenICam uyumlu<\/p>","protected":false},"excerpt":{"rendered":"<p>Fans\u0131z Vision PC, Intel\u00ae Celeron\u00ae N3160 CPU, 2-Kanal GigE PoE Kamera Deste\u011fi, T\u00fcmle\u015fik 2-kanal Strobe Controller<\/p>","protected":false},"featured_media":3301,"template":"","meta":[],"product_brand":[],"product_cat":[1656,168,1642,1673,42,1678,167,1647,1661],"product_tag":[45,44,47],"class_list":{"0":"post-3563","1":"product","2":"type-product","3":"status-publish","4":"has-post-thumbnail","6":"product_cat-akilli-sehir-altyapi","7":"product_cat-atom-celeron-tabanli-yapay-gorme-pc","8":"product_cat-guvenlik","9":"product_cat-uretim","10":"product_cat-yapay-gorme","11":"product_cat-yapay-gorme-pc-uretim","12":"product_cat-yapay-gorme-pc","13":"product_cat-yapay-gorme-pc-guvenlik","14":"product_cat-yapay-gorme-pc-akilli-sehir","15":"product_tag-akilli-sehir","16":"product_tag-guvenlik","17":"product_tag-uretim","18":"pa_cozumler-ve-urunler-yapay-gorme","19":"pa_depolama-secenekleri-1-x-msata","20":"pa_digital-i-o-6-kanal","21":"pa_gb-lan-1-adet","22":"pa_gb-lan-poe-2-adet","23":"pa_grafik-cikisi-1-x-dp","24":"pa_grafik-cikisi-1-x-vga","25":"pa_guc-girisi-24-vdc","26":"pa_islemci-frekansi-1-6-ghz","27":"pa_islemci-modeli-intel-celeron-n3160","28":"pa_islemci-sinifi-intel-atom-celeron","29":"pa_line-ses-cikis-yok","30":"pa_mikrofon-giris-yok","31":"pa_ram-maks-4-gb","32":"pa_ramtakili-4-gb","33":"pa_rs-232-1-adet","34":"pa_rs-232-422-485-1-adet","35":"pa_uretici-advantech","36":"pa_urun-gruplari-vision-pc","37":"pa_usb-3-0-4-adet","39":"first","40":"outofstock","41":"shipping-taxable","42":"product-type-variable"},"_links":{"self":[{"href":"https:\/\/lima.com.tr\/en\/wp-json\/wp\/v2\/product\/3563","targetHints":{"allow":["GET"]}}],"collection":[{"href":"https:\/\/lima.com.tr\/en\/wp-json\/wp\/v2\/product"}],"about":[{"href":"https:\/\/lima.com.tr\/en\/wp-json\/wp\/v2\/types\/product"}],"version-history":[{"count":3,"href":"https:\/\/lima.com.tr\/en\/wp-json\/wp\/v2\/product\/3563\/revisions"}],"predecessor-version":[{"id":3567,"href":"https:\/\/lima.com.tr\/en\/wp-json\/wp\/v2\/product\/3563\/revisions\/3567"}],"wp:featuredmedia":[{"embeddable":true,"href":"https:\/\/lima.com.tr\/en\/wp-json\/wp\/v2\/media\/3301"}],"wp:attachment":[{"href":"https:\/\/lima.com.tr\/en\/wp-json\/wp\/v2\/media?parent=3563"}],"wp:term":[{"taxonomy":"product_brand","embeddable":true,"href":"https:\/\/lima.com.tr\/en\/wp-json\/wp\/v2\/product_brand?post=3563"},{"taxonomy":"product_cat","embeddable":true,"href":"https:\/\/lima.com.tr\/en\/wp-json\/wp\/v2\/product_cat?post=3563"},{"taxonomy":"product_tag","embeddable":true,"href":"https:\/\/lima.com.tr\/en\/wp-json\/wp\/v2\/product_tag?post=3563"}],"curies":[{"name":"wp","href":"https:\/\/api.w.org\/{rel}","templated":true}]}}