{"id":3539,"date":"2019-07-05T12:03:38","date_gmt":"2019-07-05T12:03:38","guid":{"rendered":"http:\/\/lima.com.tr\/?post_type=product&#038;p=3539"},"modified":"2019-08-07T08:15:11","modified_gmt":"2019-08-07T08:15:11","slug":"uno-3283g-6541ae","status":"publish","type":"product","link":"https:\/\/lima.com.tr\/en\/shop\/endustriyel-bilisim\/box-pc\/core-i-tabanli-box-pc\/uno-3283g-6541ae\/","title":{"rendered":"UNO-3283G-6541AE"},"content":{"rendered":"<p><strong>Geni\u015fleme Se\u00e7enekleri :<\/strong> 2 x tam-boy mini PCIe slot, 1 x PCIex16 slotu ve 1x PCI slotu<\/p>\n<p>2 x RS-232 (pin-header, opsiyonel)<\/p>\n<p><strong>\u00c7al\u0131\u015fma S\u0131cakl\u0131\u011f\u0131 :<\/strong> -20 ~ 60\u00b0C\u00a0 (SSD ile)<\/p>\n<p>Depolama S\u0131cakl\u0131\u011f\u0131 : -40 ~ 85\u00b0C<\/p>\n<p><strong>Nem :<\/strong> 10 ~ 95% @ 40 \u00b0C<\/p>\n<p><strong>Sertifikalar :<\/strong> CE, FCC Class B, BSMI, UL<\/p>\n<p><strong>\u0130\u015fletim Sistemi :<\/strong>WIN7\/8, WES7, Win10 Ent. LTSB, AdvLinuxTU<\/p>","protected":false},"excerpt":{"rendered":"<p>Fans\u0131z End\u00fcstriyel Box PC &#8211; Intel Core\u2122 i5-6440EQ CPU, 1x PCIex16 + 1 x PCI, 2 x tam-boy mPCIe<\/p>","protected":false},"featured_media":8490,"template":"","meta":[],"product_brand":[],"product_cat":[1656,1670,1687,1671,1645,80,1676,1659,83,39,1642,1684,1673],"product_tag":[45,48,44,46,47],"class_list":{"0":"post-3539","1":"product","2":"type-product","3":"status-publish","4":"has-post-thumbnail","6":"product_cat-akilli-sehir-altyapi","7":"product_cat-altyapi","8":"product_cat-box-pc-savunma","9":"product_cat-box-pc-altyapi","10":"product_cat-box-pc-guvenlik","11":"product_cat-box-pc","12":"product_cat-box-pc-uretim","13":"product_cat-box-pc-akilli-sehir","14":"product_cat-core-i-tabanli-box-pc","15":"product_cat-endustriyel-bilisim","16":"product_cat-guvenlik","17":"product_cat-savunma","18":"product_cat-uretim","19":"product_tag-akilli-sehir","20":"product_tag-altyapi","21":"product_tag-guvenlik","22":"product_tag-savunma","23":"product_tag-uretim","24":"pa_cozumler-ve-urunler-endustriyel-bilisim","25":"pa_depolama-secenekleri-1-x-cfast","26":"pa_depolama-secenekleri-1-x-msata","27":"pa_depolama-secenekleri-2-x-2-5-ssd-hdd","28":"pa_gb-lan-2-adet","29":"pa_grafik-cikisi-1-x-dvi-i","30":"pa_grafik-cikisi-1-x-hdmi","31":"pa_guc-girisi-10-36-vdc","32":"pa_islemci-frekansi-2-7-ghz","33":"pa_islemci-modeli-intel-core-i5-6440eq-quad-core","34":"pa_islemci-sinifi-intel-core-i","35":"pa_line-ses-cikis-1-adet","36":"pa_mikrofon-giris-1-adet","37":"pa_ram-maks-32-gb","38":"pa_ramtakili-8-gb","39":"pa_rs-232-422-485-2-adet","40":"pa_uretici-advantech","41":"pa_urun-gruplari-box-pc","42":"pa_usb-3-0-6-adet","44":"first","45":"outofstock","46":"shipping-taxable","47":"product-type-variable"},"_links":{"self":[{"href":"https:\/\/lima.com.tr\/en\/wp-json\/wp\/v2\/product\/3539","targetHints":{"allow":["GET"]}}],"collection":[{"href":"https:\/\/lima.com.tr\/en\/wp-json\/wp\/v2\/product"}],"about":[{"href":"https:\/\/lima.com.tr\/en\/wp-json\/wp\/v2\/types\/product"}],"version-history":[{"count":1,"href":"https:\/\/lima.com.tr\/en\/wp-json\/wp\/v2\/product\/3539\/revisions"}],"predecessor-version":[{"id":3540,"href":"https:\/\/lima.com.tr\/en\/wp-json\/wp\/v2\/product\/3539\/revisions\/3540"}],"wp:featuredmedia":[{"embeddable":true,"href":"https:\/\/lima.com.tr\/en\/wp-json\/wp\/v2\/media\/8490"}],"wp:attachment":[{"href":"https:\/\/lima.com.tr\/en\/wp-json\/wp\/v2\/media?parent=3539"}],"wp:term":[{"taxonomy":"product_brand","embeddable":true,"href":"https:\/\/lima.com.tr\/en\/wp-json\/wp\/v2\/product_brand?post=3539"},{"taxonomy":"product_cat","embeddable":true,"href":"https:\/\/lima.com.tr\/en\/wp-json\/wp\/v2\/product_cat?post=3539"},{"taxonomy":"product_tag","embeddable":true,"href":"https:\/\/lima.com.tr\/en\/wp-json\/wp\/v2\/product_tag?post=3539"}],"curies":[{"name":"wp","href":"https:\/\/api.w.org\/{rel}","templated":true}]}}