{"id":3522,"date":"2019-07-05T11:41:24","date_gmt":"2019-07-05T11:41:24","guid":{"rendered":"http:\/\/lima.com.tr\/?post_type=product&#038;p=3522"},"modified":"2019-08-07T08:18:45","modified_gmt":"2019-08-07T08:18:45","slug":"uno-3075g-c54e","status":"publish","type":"product","link":"https:\/\/lima.com.tr\/en\/shop\/endustriyel-bilisim\/box-pc\/atom-celeron-tabanli-box-pc\/uno-3075g-c54e\/","title":{"rendered":"UNO-3075G-C54E"},"content":{"rendered":"<p><strong>Geni\u015fleme Se\u00e7enekleri :<\/strong> 2 x tam-boy mini PCIe slot (SIM card slotlu)<\/p>\n<p>1 x PCIex16 slotu ve 4 x PCI slotu<\/p>\n<p>2 x RS-232 (opsiyonel)<\/p>\n<p><strong>\u00c7al\u0131\u015fma S\u0131cakl\u0131\u011f\u0131 :<\/strong> -10 ~ 60\u00b0C\u00a0 (SSD ile)<\/p>\n<p><strong>Nem :<\/strong> 10 ~ 95% @ 40 \u00b0C<\/p>\n<p><strong>Sertifikalar :<\/strong> CE, FCC Class B, BSMI, UL<\/p>\n<p><strong>\u0130\u015fletim Sistemi : <\/strong>Windows XP, Windows7\/8, WES7, WES-2009<\/p>\n<p><strong>Di\u011fer : <\/strong>Programlanabilir Watchdog Timer<\/p>","protected":false},"excerpt":{"rendered":"<p>Fans\u0131z End\u00fcstriyel Box PC &#8211; Intel Celeron 847E CPU, 1x PCIex16 + 4 x PCI<\/p>","protected":false},"featured_media":8492,"template":"","meta":[],"product_brand":[],"product_cat":[1656,1670,82,80,1676,1659,1687,1671,1645,39,1642,1684,1673],"product_tag":[45,48,44,46,47],"class_list":{"0":"post-3522","1":"product","2":"type-product","3":"status-publish","4":"has-post-thumbnail","6":"product_cat-akilli-sehir-altyapi","7":"product_cat-altyapi","8":"product_cat-atom-celeron-tabanli-box-pc","9":"product_cat-box-pc","10":"product_cat-box-pc-uretim","11":"product_cat-box-pc-akilli-sehir","12":"product_cat-box-pc-savunma","13":"product_cat-box-pc-altyapi","14":"product_cat-box-pc-guvenlik","15":"product_cat-endustriyel-bilisim","16":"product_cat-guvenlik","17":"product_cat-savunma","18":"product_cat-uretim","19":"product_tag-akilli-sehir","20":"product_tag-altyapi","21":"product_tag-guvenlik","22":"product_tag-savunma","23":"product_tag-uretim","24":"pa_cozumler-ve-urunler-endustriyel-bilisim","25":"pa_depolama-secenekleri-2-x-2-5-ssd-hdd","26":"pa_depolama-secenekleri-2-x-cfast","27":"pa_gb-lan-2-adet","28":"pa_grafik-cikisi-1-x-dvi-i","29":"pa_grafik-cikisi-1-x-hdmi","30":"pa_guc-girisi-12-24-vdc","31":"pa_islemci-frekansi-1-1-ghz","32":"pa_islemci-modeli-intel-celeron-847e","33":"pa_islemci-sinifi-intel-atom-celeron","34":"pa_islemci-sinifi-intel-core-i","35":"pa_line-ses-cikis-1-adet","36":"pa_mikrofon-giris-1-adet","37":"pa_ram-maks-16-gb","38":"pa_ramtakili-4-gb","39":"pa_rs-232-422-485-2-adet","40":"pa_uretici-advantech","41":"pa_urun-gruplari-box-pc","42":"pa_usb-2-0-9-adet","44":"first","45":"outofstock","46":"shipping-taxable","47":"product-type-variable"},"_links":{"self":[{"href":"https:\/\/lima.com.tr\/en\/wp-json\/wp\/v2\/product\/3522","targetHints":{"allow":["GET"]}}],"collection":[{"href":"https:\/\/lima.com.tr\/en\/wp-json\/wp\/v2\/product"}],"about":[{"href":"https:\/\/lima.com.tr\/en\/wp-json\/wp\/v2\/types\/product"}],"version-history":[{"count":1,"href":"https:\/\/lima.com.tr\/en\/wp-json\/wp\/v2\/product\/3522\/revisions"}],"predecessor-version":[{"id":3523,"href":"https:\/\/lima.com.tr\/en\/wp-json\/wp\/v2\/product\/3522\/revisions\/3523"}],"wp:featuredmedia":[{"embeddable":true,"href":"https:\/\/lima.com.tr\/en\/wp-json\/wp\/v2\/media\/8492"}],"wp:attachment":[{"href":"https:\/\/lima.com.tr\/en\/wp-json\/wp\/v2\/media?parent=3522"}],"wp:term":[{"taxonomy":"product_brand","embeddable":true,"href":"https:\/\/lima.com.tr\/en\/wp-json\/wp\/v2\/product_brand?post=3522"},{"taxonomy":"product_cat","embeddable":true,"href":"https:\/\/lima.com.tr\/en\/wp-json\/wp\/v2\/product_cat?post=3522"},{"taxonomy":"product_tag","embeddable":true,"href":"https:\/\/lima.com.tr\/en\/wp-json\/wp\/v2\/product_tag?post=3522"}],"curies":[{"name":"wp","href":"https:\/\/api.w.org\/{rel}","templated":true}]}}