{"id":3492,"date":"2019-07-05T10:54:21","date_gmt":"2019-07-05T10:54:21","guid":{"rendered":"http:\/\/lima.com.tr\/?post_type=product&#038;p=3492"},"modified":"2019-08-03T05:48:15","modified_gmt":"2019-08-03T05:48:15","slug":"uno-2484g-6732ae","status":"publish","type":"product","link":"https:\/\/lima.com.tr\/en\/shop\/endustriyel-bilisim\/box-pc\/core-i-tabanli-box-pc\/uno-2484g-6732ae\/","title":{"rendered":"UNO-2484G-6732AE"},"content":{"rendered":"<p><strong>Geni\u015fleme Se\u00e7enekleri :<\/strong> 4 x tam-boy mini PCIe slot,iDoor<\/p>\n<p><strong>\u00c7al\u0131\u015fma S\u0131cakl\u0131\u011f\u0131 :<\/strong> -20 ~ 60\u00b0C\u00a0 (SSD ile) , 0 ~ 40 \u00b0C (HDD ile)<\/p>\n<p><strong>Depolama S\u0131cakl\u0131\u011f\u0131 :<\/strong> -40 ~ 85 \u00b0C<\/p>\n<p><strong>Nem :<\/strong> 10 ~ 95% @ 40 \u00b0C<\/p>\n<p><strong>Sertifikalar :<\/strong> CE, FCC Class B, BSMI, UL<\/p>\n<p><strong>\u0130\u015fletim Sistemi :<\/strong>Microsoft\u00ae Windows 7, 10, Advantech Linux<\/p>","protected":false},"excerpt":{"rendered":"<p>Fans\u0131z End\u00fcstriyel Box PC &#8211; Intel Core i7-6600U CPU , 4 x mPCIe, iDoor<\/p>","protected":false},"featured_media":7966,"template":"","meta":[],"product_brand":[],"product_cat":[1656,1670,1687,1671,80,1645,1676,1659,83,39,1642,1684,1673],"product_tag":[45,48,44,46,47],"class_list":{"0":"post-3492","1":"product","2":"type-product","3":"status-publish","4":"has-post-thumbnail","6":"product_cat-akilli-sehir-altyapi","7":"product_cat-altyapi","8":"product_cat-box-pc-savunma","9":"product_cat-box-pc-altyapi","10":"product_cat-box-pc","11":"product_cat-box-pc-guvenlik","12":"product_cat-box-pc-uretim","13":"product_cat-box-pc-akilli-sehir","14":"product_cat-core-i-tabanli-box-pc","15":"product_cat-endustriyel-bilisim","16":"product_cat-guvenlik","17":"product_cat-savunma","18":"product_cat-uretim","19":"product_tag-akilli-sehir","20":"product_tag-altyapi","21":"product_tag-guvenlik","22":"product_tag-savunma","23":"product_tag-uretim","24":"pa_cozumler-ve-urunler-endustriyel-bilisim","25":"pa_depolama-secenekleri-1-x-msata","26":"pa_depolama-secenekleri-2-x-2-5-ssd-hdd","27":"pa_gb-lan-4-adet","28":"pa_grafik-cikisi-1-x-dp","29":"pa_grafik-cikisi-1-x-hdmi","30":"pa_guc-girisi-10-36-vdc","31":"pa_islemci-frekansi-2-6-ghz","32":"pa_islemci-modeli-intel-core-i7-6600u","33":"pa_islemci-sinifi-intel-core-i","34":"pa_line-ses-cikis-1-adet","35":"pa_mikrofon-giris-yok","36":"pa_ram-maks-16-gb","37":"pa_ramtakili-8-gb","38":"pa_rs-232-yok","39":"pa_rs-232-422-485-4-adet","40":"pa_uretici-advantech","41":"pa_urun-gruplari-box-pc","42":"pa_usb-2-0-yok","43":"pa_usb-3-0-4-adet","45":"first","46":"outofstock","47":"shipping-taxable","48":"product-type-variable"},"_links":{"self":[{"href":"https:\/\/lima.com.tr\/en\/wp-json\/wp\/v2\/product\/3492","targetHints":{"allow":["GET"]}}],"collection":[{"href":"https:\/\/lima.com.tr\/en\/wp-json\/wp\/v2\/product"}],"about":[{"href":"https:\/\/lima.com.tr\/en\/wp-json\/wp\/v2\/types\/product"}],"version-history":[{"count":3,"href":"https:\/\/lima.com.tr\/en\/wp-json\/wp\/v2\/product\/3492\/revisions"}],"predecessor-version":[{"id":3500,"href":"https:\/\/lima.com.tr\/en\/wp-json\/wp\/v2\/product\/3492\/revisions\/3500"}],"wp:featuredmedia":[{"embeddable":true,"href":"https:\/\/lima.com.tr\/en\/wp-json\/wp\/v2\/media\/7966"}],"wp:attachment":[{"href":"https:\/\/lima.com.tr\/en\/wp-json\/wp\/v2\/media?parent=3492"}],"wp:term":[{"taxonomy":"product_brand","embeddable":true,"href":"https:\/\/lima.com.tr\/en\/wp-json\/wp\/v2\/product_brand?post=3492"},{"taxonomy":"product_cat","embeddable":true,"href":"https:\/\/lima.com.tr\/en\/wp-json\/wp\/v2\/product_cat?post=3492"},{"taxonomy":"product_tag","embeddable":true,"href":"https:\/\/lima.com.tr\/en\/wp-json\/wp\/v2\/product_tag?post=3492"}],"curies":[{"name":"wp","href":"https:\/\/api.w.org\/{rel}","templated":true}]}}