{"id":3436,"date":"2019-07-05T06:57:34","date_gmt":"2019-07-05T06:57:34","guid":{"rendered":"http:\/\/lima.com.tr\/?post_type=product&#038;p=3436"},"modified":"2019-08-07T08:27:18","modified_gmt":"2019-08-07T08:27:18","slug":"uno-2271g-e023ae","status":"publish","type":"product","link":"https:\/\/lima.com.tr\/en\/shop\/endustriyel-bilisim\/box-pc\/atom-celeron-tabanli-box-pc\/uno-2271g-e023ae\/","title":{"rendered":"UNO-2271G-E023AE"},"content":{"rendered":"<p><strong>Di\u011fer :<\/strong> 32GB t\u00fcmle\u015fik eMMC<\/p>\n<p><strong>Geni\u015fleme Se\u00e7enekleri :<\/strong> 1 x tam-boy mini PCIe slot<\/p>\n<p><strong>\u00c7al\u0131\u015fma S\u0131cakl\u0131\u011f\u0131 :<\/strong> 0 ~ 50\u00b0C<\/p>\n<p><strong>Depolama S\u0131cakl\u0131\u011f\u0131 : <\/strong>-20 ~ 70\u00b0C<\/p>\n<p><strong>Nem :<\/strong> 10 ~ 95% @40C<\/p>\n<p><strong>Sertifikalar :<\/strong> CE, FCC Class B, BSMI, UL<\/p>\n<p><strong>\u0130\u015fletim Sistemi :\u00a0 <\/strong><\/p>\n<p>mSATA i\u00e7in -&gt; mSATA storage: Windows7, Windows10 LTSB, Advantech Linux<\/p>\n<p>eMMC i\u00e7in -&gt; Advantech embedded customized Windows7 64bits, Windows 10 LTSB, Advantech Linux<\/p>\n<p>&nbsp;<\/p>","protected":false},"excerpt":{"rendered":"<p>Fans\u0131z End\u00fcstriyel Box PC , Intel Atom E3825 CPU, 2 x COM<\/p>","protected":false},"featured_media":8500,"template":"","meta":[],"product_brand":[],"product_cat":[1656,1670,82,1645,1676,1659,1687,80,1671,39,1642,1684,1673],"product_tag":[45,48,44,46,47],"class_list":{"0":"post-3436","1":"product","2":"type-product","3":"status-publish","4":"has-post-thumbnail","6":"product_cat-akilli-sehir-altyapi","7":"product_cat-altyapi","8":"product_cat-atom-celeron-tabanli-box-pc","9":"product_cat-box-pc-guvenlik","10":"product_cat-box-pc-uretim","11":"product_cat-box-pc-akilli-sehir","12":"product_cat-box-pc-savunma","13":"product_cat-box-pc","14":"product_cat-box-pc-altyapi","15":"product_cat-endustriyel-bilisim","16":"product_cat-guvenlik","17":"product_cat-savunma","18":"product_cat-uretim","19":"product_tag-akilli-sehir","20":"product_tag-altyapi","21":"product_tag-guvenlik","22":"product_tag-savunma","23":"product_tag-uretim","24":"pa_cozumler-ve-urunler-endustriyel-bilisim","25":"pa_depolama-secenekleri-1-x-msata-opsiyonel","26":"pa_gb-lan-2-adet","27":"pa_grafik-cikisi-1-x-hdmi","28":"pa_guc-girisi-10-30-vdc","29":"pa_islemci-frekansi-1-33-ghz","30":"pa_islemci-modeli-intel-atom-e3825","31":"pa_islemci-sinifi-intel-atom-celeron","32":"pa_line-ses-cikis-yok","33":"pa_mikrofon-giris-yok","34":"pa_ram-maks-4-gb","35":"pa_ramtakili-4-gb","36":"pa_rs-232-422-485-2-adet","37":"pa_uretici-advantech","38":"pa_urun-gruplari-box-pc","39":"pa_usb-3-0-1-adet","41":"first","42":"outofstock","43":"shipping-taxable","44":"product-type-variable"},"_links":{"self":[{"href":"https:\/\/lima.com.tr\/en\/wp-json\/wp\/v2\/product\/3436","targetHints":{"allow":["GET"]}}],"collection":[{"href":"https:\/\/lima.com.tr\/en\/wp-json\/wp\/v2\/product"}],"about":[{"href":"https:\/\/lima.com.tr\/en\/wp-json\/wp\/v2\/types\/product"}],"version-history":[{"count":3,"href":"https:\/\/lima.com.tr\/en\/wp-json\/wp\/v2\/product\/3436\/revisions"}],"predecessor-version":[{"id":3441,"href":"https:\/\/lima.com.tr\/en\/wp-json\/wp\/v2\/product\/3436\/revisions\/3441"}],"wp:featuredmedia":[{"embeddable":true,"href":"https:\/\/lima.com.tr\/en\/wp-json\/wp\/v2\/media\/8500"}],"wp:attachment":[{"href":"https:\/\/lima.com.tr\/en\/wp-json\/wp\/v2\/media?parent=3436"}],"wp:term":[{"taxonomy":"product_brand","embeddable":true,"href":"https:\/\/lima.com.tr\/en\/wp-json\/wp\/v2\/product_brand?post=3436"},{"taxonomy":"product_cat","embeddable":true,"href":"https:\/\/lima.com.tr\/en\/wp-json\/wp\/v2\/product_cat?post=3436"},{"taxonomy":"product_tag","embeddable":true,"href":"https:\/\/lima.com.tr\/en\/wp-json\/wp\/v2\/product_tag?post=3436"}],"curies":[{"name":"wp","href":"https:\/\/api.w.org\/{rel}","templated":true}]}}