{"id":3376,"date":"2019-07-04T14:16:33","date_gmt":"2019-07-04T14:16:33","guid":{"rendered":"http:\/\/lima.com.tr\/?post_type=product&#038;p=3376"},"modified":"2019-08-07T08:33:00","modified_gmt":"2019-08-07T08:33:00","slug":"uno-1372g-e3ae","status":"publish","type":"product","link":"https:\/\/lima.com.tr\/en\/shop\/endustriyel-bilisim\/box-pc\/atom-celeron-tabanli-box-pc\/uno-1372g-e3ae\/","title":{"rendered":"UNO-1372G-E3AE"},"content":{"rendered":"<p><strong>DIO : <\/strong>4 xDI, 4 x DO<\/p>\n<p><strong>Geni\u015fleme Se\u00e7enekleri :<\/strong> 2 x tam-boy mini PCIe slot<\/p>\n<p><strong>\u00c7al\u0131\u015fma S\u0131cakl\u0131\u011f\u0131 :<\/strong> -20 ~ 60\u00b0C\u00a0 (SSD ile) , 0 ~ 40 \u00b0C (HDD ile)<\/p>\n<p><strong>Depolama S\u0131cakl\u0131\u011f\u0131 :<\/strong> -40 ~ 85 \u00b0C @ 40C<\/p>\n<p><strong>Nem :<\/strong> 10 ~ 95%<\/p>\n<p><strong>Sertifikalar :<\/strong> CE, FCC Class B, BSMI, UL<\/p>\n<p><strong>\u0130\u015fletim Sistemi : <\/strong>Microsoft\u00ae Windows 7\/8\/10, WES7, AdvLinux<\/p>\n<p>&nbsp;<\/p>\n<p>&nbsp;<\/p>","protected":false},"excerpt":{"rendered":"<p>Fans\u0131z End\u00fcstriyel Box PC &#8211; Intel Atom E3845 CPU , 3 x Gb LAN<\/p>","protected":false},"featured_media":8508,"template":"","meta":[],"product_brand":[],"product_cat":[1656,1670,82,1676,1659,1687,1671,80,1645,39,1642,1684,1673],"product_tag":[45,48,44,46,47],"class_list":{"0":"post-3376","1":"product","2":"type-product","3":"status-publish","4":"has-post-thumbnail","6":"product_cat-akilli-sehir-altyapi","7":"product_cat-altyapi","8":"product_cat-atom-celeron-tabanli-box-pc","9":"product_cat-box-pc-uretim","10":"product_cat-box-pc-akilli-sehir","11":"product_cat-box-pc-savunma","12":"product_cat-box-pc-altyapi","13":"product_cat-box-pc","14":"product_cat-box-pc-guvenlik","15":"product_cat-endustriyel-bilisim","16":"product_cat-guvenlik","17":"product_cat-savunma","18":"product_cat-uretim","19":"product_tag-akilli-sehir","20":"product_tag-altyapi","21":"product_tag-guvenlik","22":"product_tag-savunma","23":"product_tag-uretim","24":"pa_cozumler-ve-urunler-endustriyel-bilisim","25":"pa_depolama-secenekleri-1-x-2-5-ssd","26":"pa_depolama-secenekleri-1-x-msata","27":"pa_gb-lan-3-adet","28":"pa_grafik-cikisi-1-x-hdmi","29":"pa_grafik-cikisi-1-x-vga","30":"pa_guc-girisi-9-36-vdc","31":"pa_islemci-frekansi-1-91-ghz","32":"pa_islemci-modeli-intel-atom-e3845-quad-core","33":"pa_islemci-sinifi-intel-atom-celeron","34":"pa_line-ses-cikis-hdmi-uzerinden","35":"pa_mikrofon-giris-yok","36":"pa_ram-maks-8-gb","37":"pa_ramtakili-4-gb","38":"pa_rs-232-1-adet","39":"pa_rs-422-485-1-adet","40":"pa_uretici-advantech","41":"pa_urun-gruplari-box-pc","42":"pa_usb-2-0-2-adet","43":"pa_usb-3-0-1-adet","45":"first","46":"outofstock","47":"shipping-taxable","48":"product-type-variable"},"_links":{"self":[{"href":"https:\/\/lima.com.tr\/en\/wp-json\/wp\/v2\/product\/3376","targetHints":{"allow":["GET"]}}],"collection":[{"href":"https:\/\/lima.com.tr\/en\/wp-json\/wp\/v2\/product"}],"about":[{"href":"https:\/\/lima.com.tr\/en\/wp-json\/wp\/v2\/types\/product"}],"version-history":[{"count":1,"href":"https:\/\/lima.com.tr\/en\/wp-json\/wp\/v2\/product\/3376\/revisions"}],"predecessor-version":[{"id":3378,"href":"https:\/\/lima.com.tr\/en\/wp-json\/wp\/v2\/product\/3376\/revisions\/3378"}],"wp:featuredmedia":[{"embeddable":true,"href":"https:\/\/lima.com.tr\/en\/wp-json\/wp\/v2\/media\/8508"}],"wp:attachment":[{"href":"https:\/\/lima.com.tr\/en\/wp-json\/wp\/v2\/media?parent=3376"}],"wp:term":[{"taxonomy":"product_brand","embeddable":true,"href":"https:\/\/lima.com.tr\/en\/wp-json\/wp\/v2\/product_brand?post=3376"},{"taxonomy":"product_cat","embeddable":true,"href":"https:\/\/lima.com.tr\/en\/wp-json\/wp\/v2\/product_cat?post=3376"},{"taxonomy":"product_tag","embeddable":true,"href":"https:\/\/lima.com.tr\/en\/wp-json\/wp\/v2\/product_tag?post=3376"}],"curies":[{"name":"wp","href":"https:\/\/api.w.org\/{rel}","templated":true}]}}