{"id":3299,"date":"2019-07-04T05:45:38","date_gmt":"2019-07-04T05:45:38","guid":{"rendered":"http:\/\/lima.com.tr\/?post_type=product&#038;p=3299"},"modified":"2019-07-30T06:26:35","modified_gmt":"2019-07-30T06:26:35","slug":"aiis-1200p-s6a1e","status":"publish","type":"product","link":"https:\/\/lima.com.tr\/en\/shop\/yapay-gorme\/yapay-gorme-pc\/atom-celeron-tabanli-yapay-gorme-pc\/aiis-1200p-s6a1e\/","title":{"rendered":"AIIS-1200P-S6A1E"},"content":{"rendered":"<p><strong>Geni\u015fleme Se\u00e7enekleri : <\/strong>1 x mPCIe<\/p>\n<p><strong>\u00c7al\u0131\u015fma S\u0131cakl\u0131\u011f\u0131 :<\/strong> -10 ~ 60\u00b0C (SSD ile) ,\u00a0 0 ~ 40\u00b0C (HDD ile)<\/p>\n<p><strong>Depolama S\u0131cakl\u0131\u011f\u0131 :<\/strong> -40 ~ 70 \u00b0C<\/p>\n<p><strong>Nem :<\/strong> 10 ~ 95% @ 40 \u00b0C<\/p>\n<p><strong>Sertifikalar :<\/strong> CE, FCC Class B, BSMI, UL<\/p>\n<p><strong>\u0130\u015fletim Sistemi : <\/strong>Windows 7\/8\/10<\/p>\n<p><strong>GPIO :<\/strong> 4xDI + 4xDO<\/p>","protected":false},"excerpt":{"rendered":"<p>Fans\u0131z Vision PC, Intel\u00ae Celeron\u2122 N3160 CPU, 2-Kanal GigE PoE Kamera Deste\u011fi<\/p>","protected":false},"featured_media":3301,"template":"","meta":[],"product_brand":[],"product_cat":[1656,168,1642,1673,42,1678,167,1647,1661],"product_tag":[45,44,47],"class_list":{"0":"post-3299","1":"product","2":"type-product","3":"status-publish","4":"has-post-thumbnail","6":"product_cat-akilli-sehir-altyapi","7":"product_cat-atom-celeron-tabanli-yapay-gorme-pc","8":"product_cat-guvenlik","9":"product_cat-uretim","10":"product_cat-yapay-gorme","11":"product_cat-yapay-gorme-pc-uretim","12":"product_cat-yapay-gorme-pc","13":"product_cat-yapay-gorme-pc-guvenlik","14":"product_cat-yapay-gorme-pc-akilli-sehir","15":"product_tag-akilli-sehir","16":"product_tag-guvenlik","17":"product_tag-uretim","18":"pa_cozumler-ve-urunler-yapay-gorme","19":"pa_depolama-secenekleri-1-x-2-5-ssd","20":"pa_depolama-secenekleri-1-x-msata","21":"pa_digital-i-o-8-kanal","22":"pa_gb-lan-1-adet","23":"pa_gb-lan-poe-2-adet","24":"pa_grafik-cikisi-1-x-dp","25":"pa_grafik-cikisi-1-x-vga","26":"pa_guc-girisi-9-36-vdc","27":"pa_islemci-modeli-intel-celeron-n3160","28":"pa_islemci-sinifi-intel-atom-celeron","29":"pa_line-ses-cikis-1-adet","30":"pa_mikrofon-giris-1-adet","31":"pa_ram-maks-8-gb","32":"pa_ramtakili-8-gb","33":"pa_rs-232-1-adet","34":"pa_rs-232-422-485-1-adet","35":"pa_uretici-advantech","36":"pa_urun-gruplari-vision-pc","37":"pa_usb-3-0-4-adet","39":"first","40":"outofstock","41":"shipping-taxable","42":"product-type-variable"},"_links":{"self":[{"href":"https:\/\/lima.com.tr\/en\/wp-json\/wp\/v2\/product\/3299","targetHints":{"allow":["GET"]}}],"collection":[{"href":"https:\/\/lima.com.tr\/en\/wp-json\/wp\/v2\/product"}],"about":[{"href":"https:\/\/lima.com.tr\/en\/wp-json\/wp\/v2\/types\/product"}],"version-history":[{"count":1,"href":"https:\/\/lima.com.tr\/en\/wp-json\/wp\/v2\/product\/3299\/revisions"}],"predecessor-version":[{"id":3302,"href":"https:\/\/lima.com.tr\/en\/wp-json\/wp\/v2\/product\/3299\/revisions\/3302"}],"wp:featuredmedia":[{"embeddable":true,"href":"https:\/\/lima.com.tr\/en\/wp-json\/wp\/v2\/media\/3301"}],"wp:attachment":[{"href":"https:\/\/lima.com.tr\/en\/wp-json\/wp\/v2\/media?parent=3299"}],"wp:term":[{"taxonomy":"product_brand","embeddable":true,"href":"https:\/\/lima.com.tr\/en\/wp-json\/wp\/v2\/product_brand?post=3299"},{"taxonomy":"product_cat","embeddable":true,"href":"https:\/\/lima.com.tr\/en\/wp-json\/wp\/v2\/product_cat?post=3299"},{"taxonomy":"product_tag","embeddable":true,"href":"https:\/\/lima.com.tr\/en\/wp-json\/wp\/v2\/product_tag?post=3299"}],"curies":[{"name":"wp","href":"https:\/\/api.w.org\/{rel}","templated":true}]}}