{"id":3293,"date":"2019-07-03T14:51:17","date_gmt":"2019-07-03T14:51:17","guid":{"rendered":"http:\/\/lima.com.tr\/?post_type=product&#038;p=3293"},"modified":"2019-08-05T12:45:50","modified_gmt":"2019-08-05T12:45:50","slug":"ids-3121wn-25fha1e","status":"publish","type":"product","link":"https:\/\/lima.com.tr\/en\/shop\/endustriyel-bilisim\/endustriyel-ekranlar\/cercevesiz-monitorler\/ids-3121wn-25fha1e\/","title":{"rendered":"IDS-3121WR-25FHA1E"},"content":{"rendered":"<p><strong>G\u00f6r\u00fc\u015f a\u00e7\u0131s\u0131 (Yatay\/Dikey):<\/strong> 178\/178<\/p>\n<p><strong>\u00c7al\u0131\u015fma S\u0131cakl\u0131\u011f\u0131 :<\/strong>0~ 45\u00b0 C<\/p>\n<p><strong>Depolama S\u0131cakl\u0131\u011f\u0131 :<\/strong> -20 ~ 60 \u00b0C<\/p>\n<p><strong>Nem :<\/strong> 90% @ 40\u00b0 C<\/p>\n<p><strong>Video Giri\u015f Portlar\u0131 :<\/strong> VGA , DVI, HDMI<\/p>","protected":false},"excerpt":{"rendered":"<p>21.4&#8243; Full HD \u00c7er\u00e7evesiz\u00a0 Endustrial Monitor, Rezistif Dokunmatik Ekran, VGA, DVI-D, HDMI<\/p>","protected":false},"featured_media":8306,"template":"","meta":[],"product_brand":[],"product_cat":[1656,113,39,1675,1644,112,1658,1642,1673],"product_tag":[45,44,47],"class_list":{"0":"post-3293","1":"product","2":"type-product","3":"status-publish","4":"has-post-thumbnail","6":"product_cat-akilli-sehir-altyapi","7":"product_cat-cercevesiz-monitorler","8":"product_cat-endustriyel-bilisim","9":"product_cat-endustriyel-ekranlar-uretim","10":"product_cat-endustriyel-ekranlar-guvenlik","11":"product_cat-endustriyel-ekranlar","12":"product_cat-endustriyel-ekranlar-akilli-sehir","13":"product_cat-guvenlik","14":"product_cat-uretim","15":"product_tag-akilli-sehir","16":"product_tag-guvenlik","17":"product_tag-uretim","18":"pa_cozumler-ve-urunler-endustriyel-bilisim","19":"pa_cozunurluk-yatay-x-dikey-1920-x-1080","20":"pa_dokunmatik-tipi-rezistif","21":"pa_ekran-boyutu-21-5","22":"pa_guc-girisi-12-vdc","23":"pa_kontrast-orani-859","24":"pa_parlaklik-884","25":"pa_tip-cercevesiz-monitor","26":"pa_uretici-advantech","27":"pa_urun-gruplari-endustriyel-ekranlar","29":"first","30":"outofstock","31":"shipping-taxable","32":"product-type-variable"},"_links":{"self":[{"href":"https:\/\/lima.com.tr\/en\/wp-json\/wp\/v2\/product\/3293","targetHints":{"allow":["GET"]}}],"collection":[{"href":"https:\/\/lima.com.tr\/en\/wp-json\/wp\/v2\/product"}],"about":[{"href":"https:\/\/lima.com.tr\/en\/wp-json\/wp\/v2\/types\/product"}],"version-history":[{"count":2,"href":"https:\/\/lima.com.tr\/en\/wp-json\/wp\/v2\/product\/3293\/revisions"}],"predecessor-version":[{"id":3297,"href":"https:\/\/lima.com.tr\/en\/wp-json\/wp\/v2\/product\/3293\/revisions\/3297"}],"wp:featuredmedia":[{"embeddable":true,"href":"https:\/\/lima.com.tr\/en\/wp-json\/wp\/v2\/media\/8306"}],"wp:attachment":[{"href":"https:\/\/lima.com.tr\/en\/wp-json\/wp\/v2\/media?parent=3293"}],"wp:term":[{"taxonomy":"product_brand","embeddable":true,"href":"https:\/\/lima.com.tr\/en\/wp-json\/wp\/v2\/product_brand?post=3293"},{"taxonomy":"product_cat","embeddable":true,"href":"https:\/\/lima.com.tr\/en\/wp-json\/wp\/v2\/product_cat?post=3293"},{"taxonomy":"product_tag","embeddable":true,"href":"https:\/\/lima.com.tr\/en\/wp-json\/wp\/v2\/product_tag?post=3293"}],"curies":[{"name":"wp","href":"https:\/\/api.w.org\/{rel}","templated":true}]}}